{"id":524,"date":"2025-06-24T17:17:45","date_gmt":"2025-06-24T15:17:45","guid":{"rendered":"http:\/\/vigraphie.local\/?page_id=524"},"modified":"2026-04-17T18:38:46","modified_gmt":"2026-04-17T16:38:46","slug":"mentions-legales","status":"publish","type":"page","link":"https:\/\/www.vigraphie.fr\/index.php\/mentions-legales\/","title":{"rendered":"Mentions l\u00e9gales"},"content":{"rendered":"\t\t<div data-elementor-type=\"wp-page\" data-elementor-id=\"524\" class=\"elementor elementor-524\">\n\t\t\t\t<div class=\"elementor-element elementor-element-167a5192 e-flex e-con-boxed qodef-elementor-content-no e-con e-parent\" data-id=\"167a5192\" data-element_type=\"container\" data-e-type=\"container\" data-settings=\"{&quot;background_background&quot;:&quot;classic&quot;}\">\n\t\t\t\t\t<div class=\"e-con-inner\">\n\t\t\t\t<div class=\"elementor-element elementor-element-24eed81 elementor-widget elementor-widget-spacer\" data-id=\"24eed81\" data-element_type=\"widget\" data-e-type=\"widget\" data-widget_type=\"spacer.default\">\n\t\t\t\t<div class=\"elementor-widget-container\">\n\t\t\t\t\t\t\t<div class=\"elementor-spacer\">\n\t\t\t<div class=\"elementor-spacer-inner\"><\/div>\n\t\t<\/div>\n\t\t\t\t\t\t<\/div>\n\t\t\t\t<\/div>\n\t\t\t\t<div class=\"elementor-element elementor-element-2c95fcb5 elementor-widget elementor-widget-text-editor\" data-id=\"2c95fcb5\" data-element_type=\"widget\" data-e-type=\"widget\" data-widget_type=\"text-editor.default\">\n\t\t\t\t<div class=\"elementor-widget-container\">\n\t\t\t\t\t\t\t\t\t<p><\/p>\n<p><\/p>\n<div class=\"wp-block-kadence-column kadence-column524_6a19b3-2e\">\n<div class=\"kt-inside-inner-col\">\n<p><\/p>\n<h2 class=\"kt-adv-heading524_5c4e27-eb wp-block-kadence-advancedheading\" data-kb-block=\"kb-adv-heading524_5c4e27-eb\">Mentions l\u00e9gales<\/h2>\n<p><\/p>\n<\/div>\n<\/div>\n<p><\/p>\n<p class=\"kt-adv-heading524_f7de19-95 wp-block-kadence-advancedheading\" data-kb-block=\"kb-adv-heading524_f7de19-95\">En vigueur au 24 juin 2025<\/p>\n<p>Conform\u00e9ment aux dispositions des Articles 6-III et 19 de la Loi n\u00b02004-575 du 21 juin 2004 pour la Confiance dans l\u2019\u00e9conomie num\u00e9rique, dite L.C.E.N., il est port\u00e9 \u00e0 la connaissance des utilisateurs et visiteurs, ci-apr\u00e8s Virginie Dissard, ci-apr\u00e8s le www.vigraphie.fr&nbsp; les pr\u00e9sentes mentions l\u00e9gales.<\/p>\n<p>La connexion et la navigation sur le Site par l\u2019Utilisateur implique acceptation int\u00e9grale et sans r\u00e9serve des pr\u00e9sentes mentions l\u00e9gales.<\/p>\n<p>Ces derni\u00e8res sont accessibles sur le Site \u00e0 la rubrique \u00ab Mentions l\u00e9gales \u00bb.<\/p>\n<p><br>ARTICLE 1 &#8211; L&rsquo;EDITEUR<br>L\u2019\u00e9dition et la direction de la publication du Site est assur\u00e9e par&nbsp;Virginie Dissard, domicili\u00e9e &nbsp;\u00e0 Kergu\u00e9ro 56330 PLUVIGNER&nbsp;&nbsp;&nbsp;&nbsp;&nbsp;&nbsp;&nbsp;&nbsp;, dont le num\u00e9ro de t\u00e9l\u00e9phone est &nbsp;&nbsp;&nbsp;06 30 53 46 54&nbsp;&nbsp;&nbsp;&nbsp;&nbsp;, num\u00e9ro de siret 903 043 974 00018 et l&rsquo;adresse e-mail dissard.virginie@orange.fr&nbsp;<br>ci-apr\u00e8s l'\u00a0\u00bb<strong>Editeur<\/strong>\u00ab\u00a0.<\/p>\n<p><br>ARTICLE 2 &#8211; L&rsquo;HEBERGEUR<br>L&rsquo;h\u00e9bergeur du Site est la soci\u00e9t\u00e9 O2Switch, dont le si\u00e8ge social est situ\u00e9&nbsp; au chemin des Pardiaux 63000 Clermont-Ferrand, en&nbsp; France&nbsp; , avec le num\u00e9ro de t\u00e9l\u00e9phone : 04 44 44 60 40<\/p>\n<p><b><br><\/b>ARTICLE 3 &#8211; ACCES AU SITE<br>Le Site&nbsp; www.vigraphie.fr est accessible en tout endroit, 7j\/7, 24h\/24 sauf cas de force majeure, interruption programm\u00e9e ou non et pouvant d\u00e9coulant d\u2019une n\u00e9cessit\u00e9 de maintenance.<br>En cas de modification, interruption ou suspension du Site, l&rsquo;Editeur ne saurait \u00eatre tenu responsable.<\/p>\n<p><br>ARTICLE 4 &#8211; COLLECTE DES DONNEES<br>Le Site assure \u00e0 l&rsquo;Utilisateur une collecte et un traitement d&rsquo;informations personnelles dans le respect de la vie priv\u00e9e conform\u00e9ment \u00e0 la loi n\u00b078-17 du 6 janvier 1978 relative \u00e0 l&rsquo;informatique, aux fichiers et aux libert\u00e9s.<br>En vertu de la loi Informatique et Libert\u00e9s, en date du 6 janvier 1978, l&rsquo;Utilisateur dispose d&rsquo;un droit d&rsquo;acc\u00e8s, de rectification, de suppression et d&rsquo;opposition de ses donn\u00e9es personnelles. L&rsquo;Utilisateur exerce ce droit :<br>par mail \u00e0 l&rsquo;adresse email dissard.virginie@orange.fr<br>via un formulaire de contact<br>Toute utilisation, reproduction, diffusion, commercialisation, modification de toute ou partie du Site, sans autorisation de l\u2019Editeur est prohib\u00e9e et pourra entra\u00een\u00e9e des actions et poursuites judiciaires telles que notamment pr\u00e9vues par le Code de la propri\u00e9t\u00e9 intellectuelle et le Code civil.<\/p>\n<p><\/p>\t\t\t\t\t\t\t\t<\/div>\n\t\t\t\t<\/div>\n\t\t\t\t\t<\/div>\n\t\t\t\t<\/div>\n\t\t\t\t<\/div>\n\t\t","protected":false},"excerpt":{"rendered":"","protected":false},"author":1,"featured_media":0,"parent":0,"menu_order":0,"comment_status":"closed","ping_status":"closed","template":"","meta":{"_kad_post_transparent":"","_kad_post_title":"","_kad_post_layout":"","_kad_post_sidebar_id":"","_kad_post_content_style":"","_kad_post_vertical_padding":"","_kad_post_feature":"","_kad_post_feature_position":"","_kad_post_header":false,"_kad_post_footer":false,"_kad_post_classname":"","footnotes":""},"class_list":["post-524","page","type-page","status-publish","hentry"],"yoast_head":"<!-- This site is optimized with the Yoast SEO plugin v27.4 - https:\/\/yoast.com\/product\/yoast-seo-wordpress\/ -->\n<title>Mentions l\u00e9gales -<\/title>\n<meta name=\"robots\" content=\"index, follow, max-snippet:-1, max-image-preview:large, max-video-preview:-1\" \/>\n<link rel=\"canonical\" href=\"https:\/\/www.vigraphie.fr\/index.php\/mentions-legales\/\" \/>\n<meta property=\"og:locale\" content=\"fr_FR\" \/>\n<meta property=\"og:type\" content=\"article\" \/>\n<meta property=\"og:title\" content=\"Mentions l\u00e9gales -\" \/>\n<meta property=\"og:url\" content=\"https:\/\/www.vigraphie.fr\/index.php\/mentions-legales\/\" \/>\n<meta property=\"article:modified_time\" content=\"2026-04-17T16:38:46+00:00\" \/>\n<meta name=\"twitter:card\" content=\"summary_large_image\" \/>\n<meta name=\"twitter:label1\" content=\"Dur\u00e9e de lecture estim\u00e9e\" \/>\n\t<meta name=\"twitter:data1\" content=\"2 minutes\" \/>\n<script type=\"application\/ld+json\" class=\"yoast-schema-graph\">{\"@context\":\"https:\\\/\\\/schema.org\",\"@graph\":[{\"@type\":\"WebPage\",\"@id\":\"https:\\\/\\\/www.vigraphie.fr\\\/index.php\\\/mentions-legales\\\/\",\"url\":\"https:\\\/\\\/www.vigraphie.fr\\\/index.php\\\/mentions-legales\\\/\",\"name\":\"Mentions l\u00e9gales -\",\"isPartOf\":{\"@id\":\"https:\\\/\\\/www.vigraphie.fr\\\/#website\"},\"datePublished\":\"2025-06-24T15:17:45+00:00\",\"dateModified\":\"2026-04-17T16:38:46+00:00\",\"breadcrumb\":{\"@id\":\"https:\\\/\\\/www.vigraphie.fr\\\/index.php\\\/mentions-legales\\\/#breadcrumb\"},\"inLanguage\":\"fr-FR\",\"potentialAction\":[{\"@type\":\"ReadAction\",\"target\":[\"https:\\\/\\\/www.vigraphie.fr\\\/index.php\\\/mentions-legales\\\/\"]}]},{\"@type\":\"BreadcrumbList\",\"@id\":\"https:\\\/\\\/www.vigraphie.fr\\\/index.php\\\/mentions-legales\\\/#breadcrumb\",\"itemListElement\":[{\"@type\":\"ListItem\",\"position\":1,\"name\":\"Accueil\",\"item\":\"https:\\\/\\\/www.vigraphie.fr\\\/\"},{\"@type\":\"ListItem\",\"position\":2,\"name\":\"Mentions l\u00e9gales\"}]},{\"@type\":\"WebSite\",\"@id\":\"https:\\\/\\\/www.vigraphie.fr\\\/#website\",\"url\":\"https:\\\/\\\/www.vigraphie.fr\\\/\",\"name\":\"\",\"description\":\"\",\"potentialAction\":[{\"@type\":\"SearchAction\",\"target\":{\"@type\":\"EntryPoint\",\"urlTemplate\":\"https:\\\/\\\/www.vigraphie.fr\\\/?s={search_term_string}\"},\"query-input\":{\"@type\":\"PropertyValueSpecification\",\"valueRequired\":true,\"valueName\":\"search_term_string\"}}],\"inLanguage\":\"fr-FR\"}]}<\/script>\n<!-- \/ Yoast SEO plugin. -->","yoast_head_json":{"title":"Mentions l\u00e9gales -","robots":{"index":"index","follow":"follow","max-snippet":"max-snippet:-1","max-image-preview":"max-image-preview:large","max-video-preview":"max-video-preview:-1"},"canonical":"https:\/\/www.vigraphie.fr\/index.php\/mentions-legales\/","og_locale":"fr_FR","og_type":"article","og_title":"Mentions l\u00e9gales -","og_url":"https:\/\/www.vigraphie.fr\/index.php\/mentions-legales\/","article_modified_time":"2026-04-17T16:38:46+00:00","twitter_card":"summary_large_image","twitter_misc":{"Dur\u00e9e de lecture estim\u00e9e":"2 minutes"},"schema":{"@context":"https:\/\/schema.org","@graph":[{"@type":"WebPage","@id":"https:\/\/www.vigraphie.fr\/index.php\/mentions-legales\/","url":"https:\/\/www.vigraphie.fr\/index.php\/mentions-legales\/","name":"Mentions l\u00e9gales -","isPartOf":{"@id":"https:\/\/www.vigraphie.fr\/#website"},"datePublished":"2025-06-24T15:17:45+00:00","dateModified":"2026-04-17T16:38:46+00:00","breadcrumb":{"@id":"https:\/\/www.vigraphie.fr\/index.php\/mentions-legales\/#breadcrumb"},"inLanguage":"fr-FR","potentialAction":[{"@type":"ReadAction","target":["https:\/\/www.vigraphie.fr\/index.php\/mentions-legales\/"]}]},{"@type":"BreadcrumbList","@id":"https:\/\/www.vigraphie.fr\/index.php\/mentions-legales\/#breadcrumb","itemListElement":[{"@type":"ListItem","position":1,"name":"Accueil","item":"https:\/\/www.vigraphie.fr\/"},{"@type":"ListItem","position":2,"name":"Mentions l\u00e9gales"}]},{"@type":"WebSite","@id":"https:\/\/www.vigraphie.fr\/#website","url":"https:\/\/www.vigraphie.fr\/","name":"","description":"","potentialAction":[{"@type":"SearchAction","target":{"@type":"EntryPoint","urlTemplate":"https:\/\/www.vigraphie.fr\/?s={search_term_string}"},"query-input":{"@type":"PropertyValueSpecification","valueRequired":true,"valueName":"search_term_string"}}],"inLanguage":"fr-FR"}]}},"_links":{"self":[{"href":"https:\/\/www.vigraphie.fr\/index.php\/wp-json\/wp\/v2\/pages\/524","targetHints":{"allow":["GET"]}}],"collection":[{"href":"https:\/\/www.vigraphie.fr\/index.php\/wp-json\/wp\/v2\/pages"}],"about":[{"href":"https:\/\/www.vigraphie.fr\/index.php\/wp-json\/wp\/v2\/types\/page"}],"author":[{"embeddable":true,"href":"https:\/\/www.vigraphie.fr\/index.php\/wp-json\/wp\/v2\/users\/1"}],"replies":[{"embeddable":true,"href":"https:\/\/www.vigraphie.fr\/index.php\/wp-json\/wp\/v2\/comments?post=524"}],"version-history":[{"count":7,"href":"https:\/\/www.vigraphie.fr\/index.php\/wp-json\/wp\/v2\/pages\/524\/revisions"}],"predecessor-version":[{"id":3219,"href":"https:\/\/www.vigraphie.fr\/index.php\/wp-json\/wp\/v2\/pages\/524\/revisions\/3219"}],"wp:attachment":[{"href":"https:\/\/www.vigraphie.fr\/index.php\/wp-json\/wp\/v2\/media?parent=524"}],"curies":[{"name":"wp","href":"https:\/\/api.w.org\/{rel}","templated":true}]}}