{"id":522,"date":"2025-06-24T16:39:15","date_gmt":"2025-06-24T14:39:15","guid":{"rendered":"http:\/\/vigraphie.local\/index.php\/politique-de-cookies-ue\/"},"modified":"2026-04-18T16:05:45","modified_gmt":"2026-04-18T14:05:45","slug":"politique-de-cookies-ue","status":"publish","type":"page","link":"https:\/\/www.vigraphie.fr\/index.php\/politique-de-cookies-ue\/","title":{"rendered":"Politique de cookies (UE)"},"content":{"rendered":"\t\t<div data-elementor-type=\"wp-page\" data-elementor-id=\"522\" class=\"elementor elementor-522\">\n\t\t\t\t<div class=\"elementor-element elementor-element-2f54aa1 e-flex e-con-boxed qodef-elementor-content-no e-con e-parent\" data-id=\"2f54aa1\" data-element_type=\"container\" data-e-type=\"container\" data-settings=\"{&quot;background_background&quot;:&quot;classic&quot;}\">\n\t\t\t\t\t<div class=\"e-con-inner\">\n\t\t\t\t\t<\/div>\n\t\t\t\t<\/div>\n\t\t<div class=\"elementor-element elementor-element-441ed3db e-flex e-con-boxed qodef-elementor-content-no e-con e-parent\" data-id=\"441ed3db\" data-element_type=\"container\" data-e-type=\"container\" data-settings=\"{&quot;background_background&quot;:&quot;classic&quot;}\">\n\t\t\t\t\t<div class=\"e-con-inner\">\n\t\t\t\t<div class=\"elementor-element elementor-element-3121dac elementor-widget elementor-widget-spacer\" data-id=\"3121dac\" data-element_type=\"widget\" data-e-type=\"widget\" data-widget_type=\"spacer.default\">\n\t\t\t\t<div class=\"elementor-widget-container\">\n\t\t\t\t\t\t\t<div class=\"elementor-spacer\">\n\t\t\t<div class=\"elementor-spacer-inner\"><\/div>\n\t\t<\/div>\n\t\t\t\t\t\t<\/div>\n\t\t\t\t<\/div>\n\t\t\t\t<div class=\"elementor-element elementor-element-6c9851d2 elementor-widget__width-initial elementor-widget elementor-widget-text-editor\" data-id=\"6c9851d2\" data-element_type=\"widget\" data-e-type=\"widget\" data-widget_type=\"text-editor.default\">\n\t\t\t\t<div class=\"elementor-widget-container\">\n\t\t\t\t\t\t\t\t\t<p>Ce site utilise des cookies pour assurer son bon fonctionnement et am\u00e9liorer l&rsquo;exp\u00e9rience utilisateur.<\/p>\n<p>Les cookies utilis\u00e9s sont principalement n\u00e9cessaires au fonctionnement du site (cookies techniques WordPress et du th\u00e8me).<\/p>\n<p>Nous n&rsquo;utilisons pas de cookies publicitaires ni de suivi marketing.<\/p><p>Vous pouvez \u00e0 tout moment g\u00e9rer vos pr\u00e9f\u00e9rences via la banni\u00e8re de cookies affich\u00e9e sur le site.<\/p><p>Pour toute question, vous pouvez nous contacter via le formulaire de contact.<\/p>\n<p><\/p>\t\t\t\t\t\t\t\t<\/div>\n\t\t\t\t<\/div>\n\t\t\t\t\t<\/div>\n\t\t\t\t<\/div>\n\t\t\t\t<\/div>\n\t\t","protected":false},"excerpt":{"rendered":"<p>Ce site utilise des cookies pour assurer son bon fonctionnement et am\u00e9liorer l&rsquo;exp\u00e9rience utilisateur. Les cookies utilis\u00e9s sont principalement n\u00e9cessaires au fonctionnement du site (cookies techniques WordPress et du th\u00e8me). Nous n&rsquo;utilisons pas de cookies publicitaires ni de suivi marketing. Vous pouvez \u00e0 tout moment g\u00e9rer vos pr\u00e9f\u00e9rences via la banni\u00e8re de cookies affich\u00e9e sur&#8230;<\/p>\n","protected":false},"author":1,"featured_media":0,"parent":0,"menu_order":0,"comment_status":"closed","ping_status":"closed","template":"","meta":{"_kad_post_transparent":"","_kad_post_title":"","_kad_post_layout":"","_kad_post_sidebar_id":"","_kad_post_content_style":"","_kad_post_vertical_padding":"","_kad_post_feature":"","_kad_post_feature_position":"","_kad_post_header":false,"_kad_post_footer":false,"_kad_post_classname":"","footnotes":""},"class_list":["post-522","page","type-page","status-publish","hentry"],"yoast_head":"<!-- This site is optimized with the Yoast SEO plugin v27.4 - https:\/\/yoast.com\/product\/yoast-seo-wordpress\/ -->\n<title>Politique de cookies (UE) -<\/title>\n<meta name=\"robots\" content=\"index, follow, max-snippet:-1, max-image-preview:large, max-video-preview:-1\" \/>\n<link rel=\"canonical\" href=\"https:\/\/www.vigraphie.fr\/index.php\/politique-de-cookies-ue\/\" \/>\n<meta property=\"og:locale\" content=\"fr_FR\" \/>\n<meta property=\"og:type\" content=\"article\" \/>\n<meta property=\"og:title\" content=\"Politique de cookies (UE) -\" \/>\n<meta property=\"og:description\" content=\"Ce site utilise des cookies pour assurer son bon fonctionnement et am\u00e9liorer l&rsquo;exp\u00e9rience utilisateur. Les cookies utilis\u00e9s sont principalement n\u00e9cessaires au fonctionnement du site (cookies techniques WordPress et du th\u00e8me). Nous n&rsquo;utilisons pas de cookies publicitaires ni de suivi marketing. Vous pouvez \u00e0 tout moment g\u00e9rer vos pr\u00e9f\u00e9rences via la banni\u00e8re de cookies affich\u00e9e sur...\" \/>\n<meta property=\"og:url\" content=\"https:\/\/www.vigraphie.fr\/index.php\/politique-de-cookies-ue\/\" \/>\n<meta property=\"article:modified_time\" content=\"2026-04-18T14:05:45+00:00\" \/>\n<meta name=\"twitter:card\" content=\"summary_large_image\" \/>\n<meta name=\"twitter:label1\" content=\"Dur\u00e9e de lecture estim\u00e9e\" \/>\n\t<meta name=\"twitter:data1\" content=\"1 minute\" \/>\n<script type=\"application\/ld+json\" class=\"yoast-schema-graph\">{\"@context\":\"https:\\\/\\\/schema.org\",\"@graph\":[{\"@type\":\"WebPage\",\"@id\":\"https:\\\/\\\/www.vigraphie.fr\\\/index.php\\\/politique-de-cookies-ue\\\/\",\"url\":\"https:\\\/\\\/www.vigraphie.fr\\\/index.php\\\/politique-de-cookies-ue\\\/\",\"name\":\"Politique de cookies (UE) -\",\"isPartOf\":{\"@id\":\"https:\\\/\\\/www.vigraphie.fr\\\/#website\"},\"datePublished\":\"2025-06-24T14:39:15+00:00\",\"dateModified\":\"2026-04-18T14:05:45+00:00\",\"breadcrumb\":{\"@id\":\"https:\\\/\\\/www.vigraphie.fr\\\/index.php\\\/politique-de-cookies-ue\\\/#breadcrumb\"},\"inLanguage\":\"fr-FR\",\"potentialAction\":[{\"@type\":\"ReadAction\",\"target\":[\"https:\\\/\\\/www.vigraphie.fr\\\/index.php\\\/politique-de-cookies-ue\\\/\"]}]},{\"@type\":\"BreadcrumbList\",\"@id\":\"https:\\\/\\\/www.vigraphie.fr\\\/index.php\\\/politique-de-cookies-ue\\\/#breadcrumb\",\"itemListElement\":[{\"@type\":\"ListItem\",\"position\":1,\"name\":\"Accueil\",\"item\":\"https:\\\/\\\/www.vigraphie.fr\\\/\"},{\"@type\":\"ListItem\",\"position\":2,\"name\":\"Politique de cookies (UE)\"}]},{\"@type\":\"WebSite\",\"@id\":\"https:\\\/\\\/www.vigraphie.fr\\\/#website\",\"url\":\"https:\\\/\\\/www.vigraphie.fr\\\/\",\"name\":\"\",\"description\":\"\",\"potentialAction\":[{\"@type\":\"SearchAction\",\"target\":{\"@type\":\"EntryPoint\",\"urlTemplate\":\"https:\\\/\\\/www.vigraphie.fr\\\/?s={search_term_string}\"},\"query-input\":{\"@type\":\"PropertyValueSpecification\",\"valueRequired\":true,\"valueName\":\"search_term_string\"}}],\"inLanguage\":\"fr-FR\"}]}<\/script>\n<!-- \/ Yoast SEO plugin. -->","yoast_head_json":{"title":"Politique de cookies (UE) -","robots":{"index":"index","follow":"follow","max-snippet":"max-snippet:-1","max-image-preview":"max-image-preview:large","max-video-preview":"max-video-preview:-1"},"canonical":"https:\/\/www.vigraphie.fr\/index.php\/politique-de-cookies-ue\/","og_locale":"fr_FR","og_type":"article","og_title":"Politique de cookies (UE) -","og_description":"Ce site utilise des cookies pour assurer son bon fonctionnement et am\u00e9liorer l&rsquo;exp\u00e9rience utilisateur. Les cookies utilis\u00e9s sont principalement n\u00e9cessaires au fonctionnement du site (cookies techniques WordPress et du th\u00e8me). Nous n&rsquo;utilisons pas de cookies publicitaires ni de suivi marketing. Vous pouvez \u00e0 tout moment g\u00e9rer vos pr\u00e9f\u00e9rences via la banni\u00e8re de cookies affich\u00e9e sur...","og_url":"https:\/\/www.vigraphie.fr\/index.php\/politique-de-cookies-ue\/","article_modified_time":"2026-04-18T14:05:45+00:00","twitter_card":"summary_large_image","twitter_misc":{"Dur\u00e9e de lecture estim\u00e9e":"1 minute"},"schema":{"@context":"https:\/\/schema.org","@graph":[{"@type":"WebPage","@id":"https:\/\/www.vigraphie.fr\/index.php\/politique-de-cookies-ue\/","url":"https:\/\/www.vigraphie.fr\/index.php\/politique-de-cookies-ue\/","name":"Politique de cookies (UE) -","isPartOf":{"@id":"https:\/\/www.vigraphie.fr\/#website"},"datePublished":"2025-06-24T14:39:15+00:00","dateModified":"2026-04-18T14:05:45+00:00","breadcrumb":{"@id":"https:\/\/www.vigraphie.fr\/index.php\/politique-de-cookies-ue\/#breadcrumb"},"inLanguage":"fr-FR","potentialAction":[{"@type":"ReadAction","target":["https:\/\/www.vigraphie.fr\/index.php\/politique-de-cookies-ue\/"]}]},{"@type":"BreadcrumbList","@id":"https:\/\/www.vigraphie.fr\/index.php\/politique-de-cookies-ue\/#breadcrumb","itemListElement":[{"@type":"ListItem","position":1,"name":"Accueil","item":"https:\/\/www.vigraphie.fr\/"},{"@type":"ListItem","position":2,"name":"Politique de cookies (UE)"}]},{"@type":"WebSite","@id":"https:\/\/www.vigraphie.fr\/#website","url":"https:\/\/www.vigraphie.fr\/","name":"","description":"","potentialAction":[{"@type":"SearchAction","target":{"@type":"EntryPoint","urlTemplate":"https:\/\/www.vigraphie.fr\/?s={search_term_string}"},"query-input":{"@type":"PropertyValueSpecification","valueRequired":true,"valueName":"search_term_string"}}],"inLanguage":"fr-FR"}]}},"_links":{"self":[{"href":"https:\/\/www.vigraphie.fr\/index.php\/wp-json\/wp\/v2\/pages\/522","targetHints":{"allow":["GET"]}}],"collection":[{"href":"https:\/\/www.vigraphie.fr\/index.php\/wp-json\/wp\/v2\/pages"}],"about":[{"href":"https:\/\/www.vigraphie.fr\/index.php\/wp-json\/wp\/v2\/types\/page"}],"author":[{"embeddable":true,"href":"https:\/\/www.vigraphie.fr\/index.php\/wp-json\/wp\/v2\/users\/1"}],"replies":[{"embeddable":true,"href":"https:\/\/www.vigraphie.fr\/index.php\/wp-json\/wp\/v2\/comments?post=522"}],"version-history":[{"count":6,"href":"https:\/\/www.vigraphie.fr\/index.php\/wp-json\/wp\/v2\/pages\/522\/revisions"}],"predecessor-version":[{"id":3229,"href":"https:\/\/www.vigraphie.fr\/index.php\/wp-json\/wp\/v2\/pages\/522\/revisions\/3229"}],"wp:attachment":[{"href":"https:\/\/www.vigraphie.fr\/index.php\/wp-json\/wp\/v2\/media?parent=522"}],"curies":[{"name":"wp","href":"https:\/\/api.w.org\/{rel}","templated":true}]}}