{"id":43,"date":"2025-06-03T13:13:42","date_gmt":"2025-06-03T11:13:42","guid":{"rendered":"https:\/\/dissardgraphisme.fr\/?page_id=43"},"modified":"2026-04-24T23:52:40","modified_gmt":"2026-04-24T21:52:40","slug":"a-propos","status":"publish","type":"page","link":"https:\/\/www.vigraphie.fr\/index.php\/a-propos\/","title":{"rendered":"A propos"},"content":{"rendered":"\t\t<div data-elementor-type=\"wp-post\" data-elementor-id=\"43\" class=\"elementor elementor-43\">\n\t\t\t\t<div class=\"elementor-element elementor-element-2d4f26e e-con-full e-flex qodef-elementor-content-no e-con e-parent\" data-id=\"2d4f26e\" data-element_type=\"container\" data-e-type=\"container\" data-settings=\"{&quot;background_background&quot;:&quot;classic&quot;}\">\n\t\t\t\t<div class=\"elementor-element elementor-element-94f9657 elementor-widget elementor-widget-spacer\" data-id=\"94f9657\" data-element_type=\"widget\" data-e-type=\"widget\" data-widget_type=\"spacer.default\">\n\t\t\t\t<div class=\"elementor-widget-container\">\n\t\t\t\t\t\t\t<div class=\"elementor-spacer\">\n\t\t\t<div class=\"elementor-spacer-inner\"><\/div>\n\t\t<\/div>\n\t\t\t\t\t\t<\/div>\n\t\t\t\t<\/div>\n\t\t\t\t<div class=\"elementor-element elementor-element-2aa95d0 elementor-widget__width-initial elementor-widget-mobile__width-initial elementor-invisible elementor-widget elementor-widget-heading\" data-id=\"2aa95d0\" data-element_type=\"widget\" data-e-type=\"widget\" data-settings=\"{&quot;_animation&quot;:&quot;fadeInDown&quot;}\" data-widget_type=\"heading.default\">\n\t\t\t\t<div class=\"elementor-widget-container\">\n\t\t\t\t\t<h1 class=\"elementor-heading-title elementor-size-default\">Je suis la graphiste multim\u00e9dia qui fait danser votre Com' et qui met en lumi\u00e8re votre identit\u00e9 visuelle. <\/h1>\t\t\t\t<\/div>\n\t\t\t\t<\/div>\n\t\t\t\t<div class=\"elementor-element elementor-element-39b3a1e elementor-widget__width-initial elementor-mobile-align-center elementor-invisible elementor-widget elementor-widget-button\" data-id=\"39b3a1e\" data-element_type=\"widget\" data-e-type=\"widget\" data-settings=\"{&quot;_animation&quot;:&quot;fadeInDown&quot;}\" data-widget_type=\"button.default\">\n\t\t\t\t<div class=\"elementor-widget-container\">\n\t\t\t\t\t\t\t\t\t<div class=\"elementor-button-wrapper\">\n\t\t\t\t\t<a class=\"elementor-button elementor-button-link elementor-size-sm\" href=\"https:\/\/www.vigraphie.fr\/index.php\/contact\/\" target=\"_blank\">\n\t\t\t\t\t\t<span class=\"elementor-button-content-wrapper\">\n\t\t\t\t\t\t\t\t\t<span class=\"elementor-button-text\">Tout commence en coulisse<\/span>\n\t\t\t\t\t<\/span>\n\t\t\t\t\t<\/a>\n\t\t\t\t<\/div>\n\t\t\t\t\t\t\t\t<\/div>\n\t\t\t\t<\/div>\n\t\t\t\t<\/div>\n\t\t<div class=\"elementor-element elementor-element-e5f70ec e-flex e-con-boxed qodef-elementor-content-no e-con e-parent\" data-id=\"e5f70ec\" data-element_type=\"container\" data-e-type=\"container\">\n\t\t\t\t\t<div class=\"e-con-inner\">\n\t\t<div class=\"elementor-element elementor-element-5a87531 e-con-full e-flex qodef-elementor-content-no e-con e-child\" data-id=\"5a87531\" data-element_type=\"container\" data-e-type=\"container\">\n\t\t\t\t<div class=\"elementor-element elementor-element-f3941c8 elementor-widget elementor-widget-spacer\" data-id=\"f3941c8\" data-element_type=\"widget\" data-e-type=\"widget\" data-widget_type=\"spacer.default\">\n\t\t\t\t<div class=\"elementor-widget-container\">\n\t\t\t\t\t\t\t<div class=\"elementor-spacer\">\n\t\t\t<div class=\"elementor-spacer-inner\"><\/div>\n\t\t<\/div>\n\t\t\t\t\t\t<\/div>\n\t\t\t\t<\/div>\n\t\t\t\t<div class=\"elementor-element elementor-element-0f25030 elementor-widget__width-initial elementor-invisible elementor-widget elementor-widget-heading\" data-id=\"0f25030\" data-element_type=\"widget\" data-e-type=\"widget\" data-settings=\"{&quot;_animation&quot;:&quot;fadeInLeft&quot;}\" data-widget_type=\"heading.default\">\n\t\t\t\t<div class=\"elementor-widget-container\">\n\t\t\t\t\t<h2 class=\"elementor-heading-title elementor-size-default\">De la sc\u00e8ne au pixel<br>Du trac\u00e9 du mouvement au mouvement du trac\u00e9<\/h2>\t\t\t\t<\/div>\n\t\t\t\t<\/div>\n\t\t\t\t<div class=\"elementor-element elementor-element-a7fa0ee elementor-widget__width-initial elementor-widget elementor-widget-heading\" data-id=\"a7fa0ee\" data-element_type=\"widget\" data-e-type=\"widget\" data-widget_type=\"heading.default\">\n\t\t\t\t<div class=\"elementor-widget-container\">\n\t\t\t\t\t<h2 class=\"elementor-heading-title elementor-size-default\">Virginie Dissard<\/h2>\t\t\t\t<\/div>\n\t\t\t\t<\/div>\n\t\t\t\t<div class=\"elementor-element elementor-element-e9e778b elementor-widget__width-initial elementor-widget elementor-widget-text-editor\" data-id=\"e9e778b\" data-element_type=\"widget\" data-e-type=\"widget\" data-widget_type=\"text-editor.default\">\n\t\t\t\t<div class=\"elementor-widget-container\">\n\t\t\t\t\t\t\t\t\t<p><b>Le mouvement, la cr\u00e9ation, la recherche, la r\u00e9flexion, l&rsquo;art, les \u00eatres et les \u00e9motions incarnent ma vie professionnelle depuis plus de 20 ans.<\/b><br>Mon parcours d\u00e9bute dans la danse contemporaine en tant que danseuse professionnelle en Compagnies avec une belle exp\u00e9rience sc\u00e9nique et en tant que professeur Dipl\u00f4m\u00e9e d&rsquo;Etat.<br>Parall\u00e8lement \u00e0 l&rsquo;enseignement en associations je deviens aussi tr\u00e8s vite chor\u00e9graphe avec ma propre compagnie de danse.<br>Une exp\u00e9rience enrichie et compl\u00e9t\u00e9e par la direction artistique et p\u00e9dagogique d&rsquo;une association de danse et de toute son \u00e9quipe pendant plus de 15 ans (avec notamment la cr\u00e9ation des supports graphiques et l&rsquo;organisation des \u00e9v\u00e9nements chor\u00e9graphiques).<br>Egalement&nbsp; praticienne en Gymnastique Holistique, le milieu du Bien-\u00eatre physique, \u00e9motionnel et psychique, ainsi que&nbsp; le travail du corps en conscience, en intelligence et avec bienveillance, font aussi partie de mes centres d&rsquo;int\u00e9r\u00eats.<\/p>\t\t\t\t\t\t\t\t<\/div>\n\t\t\t\t<\/div>\n\t\t\t\t<\/div>\n\t\t<div class=\"elementor-element elementor-element-62f5dfa e-con-full e-flex qodef-elementor-content-no e-con e-child\" data-id=\"62f5dfa\" data-element_type=\"container\" data-e-type=\"container\">\n\t\t\t\t<div class=\"elementor-element elementor-element-ea78af9 elementor-widget elementor-widget-spacer\" data-id=\"ea78af9\" data-element_type=\"widget\" data-e-type=\"widget\" data-widget_type=\"spacer.default\">\n\t\t\t\t<div class=\"elementor-widget-container\">\n\t\t\t\t\t\t\t<div class=\"elementor-spacer\">\n\t\t\t<div class=\"elementor-spacer-inner\"><\/div>\n\t\t<\/div>\n\t\t\t\t\t\t<\/div>\n\t\t\t\t<\/div>\n\t\t\t\t<div class=\"elementor-element elementor-element-26ddd06 elementor-widget__width-initial elementor-widget-tablet__width-initial elementor-widget elementor-widget-image\" data-id=\"26ddd06\" data-element_type=\"widget\" data-e-type=\"widget\" data-widget_type=\"image.default\">\n\t\t\t\t<div class=\"elementor-widget-container\">\n\t\t\t\t\t\t\t\t\t\t\t\t\t\t\t<img fetchpriority=\"high\" decoding=\"async\" width=\"900\" height=\"812\" src=\"https:\/\/www.vigraphie.fr\/wp-content\/uploads\/Vi.Graphie-Virginie-Dissard-Graphiste-Morbihan-A-propos.webp\" class=\"attachment-large size-large wp-image-3585\" alt=\"Vi.Graphie Virginie Dissard Graphiste &amp; Morbihan A propos\" srcset=\"https:\/\/www.vigraphie.fr\/wp-content\/uploads\/Vi.Graphie-Virginie-Dissard-Graphiste-Morbihan-A-propos.webp 900w, https:\/\/www.vigraphie.fr\/wp-content\/uploads\/Vi.Graphie-Virginie-Dissard-Graphiste-Morbihan-A-propos-300x271.webp 300w, https:\/\/www.vigraphie.fr\/wp-content\/uploads\/Vi.Graphie-Virginie-Dissard-Graphiste-Morbihan-A-propos-768x693.webp 768w\" sizes=\"(max-width: 900px) 100vw, 900px\" \/>\t\t\t\t\t\t\t\t\t\t\t\t\t\t\t<\/div>\n\t\t\t\t<\/div>\n\t\t\t\t<\/div>\n\t\t\t\t\t<\/div>\n\t\t\t\t<\/div>\n\t\t<div class=\"elementor-element elementor-element-4ae9d0a e-flex e-con-boxed qodef-elementor-content-no e-con e-parent\" data-id=\"4ae9d0a\" data-element_type=\"container\" data-e-type=\"container\" data-settings=\"{&quot;background_background&quot;:&quot;classic&quot;}\">\n\t\t\t\t\t<div class=\"e-con-inner\">\n\t\t\t\t<div class=\"elementor-element elementor-element-db7083b elementor-widget elementor-widget-spacer\" data-id=\"db7083b\" data-element_type=\"widget\" data-e-type=\"widget\" data-widget_type=\"spacer.default\">\n\t\t\t\t<div class=\"elementor-widget-container\">\n\t\t\t\t\t\t\t<div class=\"elementor-spacer\">\n\t\t\t<div class=\"elementor-spacer-inner\"><\/div>\n\t\t<\/div>\n\t\t\t\t\t\t<\/div>\n\t\t\t\t<\/div>\n\t\t\t\t<div class=\"elementor-element elementor-element-a285b4c elementor-widget__width-initial elementor-invisible elementor-widget elementor-widget-heading\" data-id=\"a285b4c\" data-element_type=\"widget\" data-e-type=\"widget\" data-settings=\"{&quot;_animation&quot;:&quot;fadeInLeft&quot;}\" data-widget_type=\"heading.default\">\n\t\t\t\t<div class=\"elementor-widget-container\">\n\t\t\t\t\t<h2 class=\"elementor-heading-title elementor-size-default\">Ma sensibilit\u00e9 artistique &amp; humaine au service de mes comp\u00e9tences<\/h2>\t\t\t\t<\/div>\n\t\t\t\t<\/div>\n\t\t\t\t<div class=\"elementor-element elementor-element-6682efd elementor-widget__width-initial elementor-widget-mobile__width-initial elementor-widget elementor-widget-text-editor\" data-id=\"6682efd\" data-element_type=\"widget\" data-e-type=\"widget\" data-widget_type=\"text-editor.default\">\n\t\t\t\t<div class=\"elementor-widget-container\">\n\t\t\t\t\t\t\t\t\t<p>En tant que graphiste multim\u00e9dia ce parcours atypique est une source d&rsquo;inspiration \u00e9norme<br \/>et me permet de <b>comprendre, d&rsquo;organiser et d&rsquo;\u00e9couter avec sensibilit\u00e9, ouverture d&rsquo;esprit et cr\u00e9ativit\u00e9 vos besoins.<\/b><\/p><p><b>Fiable et empathique je m&rsquo;attache \u00e0 votre projet avec authenticit\u00e9 et singularit\u00e9.<\/b><br \/>Mon implication commence d\u00e8s votre brief, depuis le cahier des charges jusqu&rsquo;aux livrables finaux.\u00a0<\/p>\t\t\t\t\t\t\t\t<\/div>\n\t\t\t\t<\/div>\n\t\t\t\t<div class=\"elementor-element elementor-element-a4aa1e9 elementor-widget elementor-widget-spacer\" data-id=\"a4aa1e9\" data-element_type=\"widget\" data-e-type=\"widget\" data-widget_type=\"spacer.default\">\n\t\t\t\t<div class=\"elementor-widget-container\">\n\t\t\t\t\t\t\t<div class=\"elementor-spacer\">\n\t\t\t<div class=\"elementor-spacer-inner\"><\/div>\n\t\t<\/div>\n\t\t\t\t\t\t<\/div>\n\t\t\t\t<\/div>\n\t\t\t\t<div class=\"elementor-element elementor-element-90d5f83 elementor-widget elementor-widget-spacer\" data-id=\"90d5f83\" data-element_type=\"widget\" data-e-type=\"widget\" data-widget_type=\"spacer.default\">\n\t\t\t\t<div class=\"elementor-widget-container\">\n\t\t\t\t\t\t\t<div class=\"elementor-spacer\">\n\t\t\t<div class=\"elementor-spacer-inner\"><\/div>\n\t\t<\/div>\n\t\t\t\t\t\t<\/div>\n\t\t\t\t<\/div>\n\t\t\t\t<div class=\"elementor-element elementor-element-6cb5010 elementor-widget__width-initial elementor-widget elementor-widget-heading\" data-id=\"6cb5010\" data-element_type=\"widget\" data-e-type=\"widget\" data-settings=\"{&quot;_animation&quot;:&quot;none&quot;}\" data-widget_type=\"heading.default\">\n\t\t\t\t<div class=\"elementor-widget-container\">\n\t\t\t\t\t<h2 class=\"elementor-heading-title elementor-size-default\">Je cr\u00e9e pour vous :<\/h2>\t\t\t\t<\/div>\n\t\t\t\t<\/div>\n\t\t\t\t<div class=\"elementor-element elementor-element-615e880 elementor-widget__width-initial elementor-widget elementor-widget-heading\" data-id=\"615e880\" data-element_type=\"widget\" data-e-type=\"widget\" data-settings=\"{&quot;_animation&quot;:&quot;none&quot;}\" data-widget_type=\"heading.default\">\n\t\t\t\t<div class=\"elementor-widget-container\">\n\t\t\t\t\t<h2 class=\"elementor-heading-title elementor-size-default\">Logo + Identit\u00e9 visuelle (charte graphique)<br>Supports graphiques (Print &amp; Web)<br>Site vitrine. <\/h2>\t\t\t\t<\/div>\n\t\t\t\t<\/div>\n\t\t\t\t<div class=\"elementor-element elementor-element-31e1801 elementor-widget elementor-widget-spacer\" data-id=\"31e1801\" data-element_type=\"widget\" data-e-type=\"widget\" data-widget_type=\"spacer.default\">\n\t\t\t\t<div class=\"elementor-widget-container\">\n\t\t\t\t\t\t\t<div class=\"elementor-spacer\">\n\t\t\t<div class=\"elementor-spacer-inner\"><\/div>\n\t\t<\/div>\n\t\t\t\t\t\t<\/div>\n\t\t\t\t<\/div>\n\t\t\t\t\t<\/div>\n\t\t\t\t<\/div>\n\t\t<div class=\"elementor-element elementor-element-621b334 e-flex e-con-boxed qodef-elementor-content-no e-con e-parent\" data-id=\"621b334\" data-element_type=\"container\" data-e-type=\"container\" data-settings=\"{&quot;background_background&quot;:&quot;classic&quot;}\">\n\t\t\t\t\t<div class=\"e-con-inner\">\n\t\t<div class=\"elementor-element elementor-element-8d33b4b e-con-full e-flex qodef-elementor-content-no e-con e-child\" data-id=\"8d33b4b\" data-element_type=\"container\" data-e-type=\"container\">\n\t\t\t\t<div class=\"elementor-element elementor-element-2bdcecd elementor-widget__width-initial elementor-widget elementor-widget-heading\" data-id=\"2bdcecd\" data-element_type=\"widget\" data-e-type=\"widget\" data-widget_type=\"heading.default\">\n\t\t\t\t<div class=\"elementor-widget-container\">\n\t\t\t\t\t<h2 class=\"elementor-heading-title elementor-size-default\">Une communication visuelle\nau mouvement unique,<br>le v\u00f4tre !<\/h2>\t\t\t\t<\/div>\n\t\t\t\t<\/div>\n\t\t\t\t<div class=\"elementor-element elementor-element-543ab3e elementor-align-center elementor-widget__width-initial elementor-widget-tablet__width-initial elementor-widget elementor-widget-button\" data-id=\"543ab3e\" data-element_type=\"widget\" data-e-type=\"widget\" data-widget_type=\"button.default\">\n\t\t\t\t<div class=\"elementor-widget-container\">\n\t\t\t\t\t\t\t\t\t<div class=\"elementor-button-wrapper\">\n\t\t\t\t\t<a class=\"elementor-button elementor-button-link elementor-size-sm\" href=\"https:\/\/www.vigraphie.fr\/index.php\/contact\/\" target=\"_blank\">\n\t\t\t\t\t\t<span class=\"elementor-button-content-wrapper\">\n\t\t\t\t\t\t\t\t\t<span class=\"elementor-button-text\">Je mets ma Com' en mouvement<\/span>\n\t\t\t\t\t<\/span>\n\t\t\t\t\t<\/a>\n\t\t\t\t<\/div>\n\t\t\t\t\t\t\t\t<\/div>\n\t\t\t\t<\/div>\n\t\t\t\t<\/div>\n\t\t\t\t\t<\/div>\n\t\t\t\t<\/div>\n\t\t<div class=\"elementor-element elementor-element-68c9307 e-flex e-con-boxed qodef-elementor-content-no e-con e-parent\" data-id=\"68c9307\" data-element_type=\"container\" data-e-type=\"container\" data-settings=\"{&quot;background_background&quot;:&quot;classic&quot;}\">\n\t\t\t\t\t<div class=\"e-con-inner\">\n\t\t\t\t<div class=\"elementor-element elementor-element-e0c587f elementor-widget elementor-widget-spacer\" data-id=\"e0c587f\" data-element_type=\"widget\" data-e-type=\"widget\" data-widget_type=\"spacer.default\">\n\t\t\t\t<div class=\"elementor-widget-container\">\n\t\t\t\t\t\t\t<div class=\"elementor-spacer\">\n\t\t\t<div class=\"elementor-spacer-inner\"><\/div>\n\t\t<\/div>\n\t\t\t\t\t\t<\/div>\n\t\t\t\t<\/div>\n\t\t\t\t<div class=\"elementor-element elementor-element-5433e47 elementor-widget__width-initial elementor-invisible elementor-widget elementor-widget-heading\" data-id=\"5433e47\" data-element_type=\"widget\" data-e-type=\"widget\" data-settings=\"{&quot;_animation&quot;:&quot;fadeInLeft&quot;}\" data-widget_type=\"heading.default\">\n\t\t\t\t<div class=\"elementor-widget-container\">\n\t\t\t\t\t<h2 class=\"elementor-heading-title elementor-size-default\">Comment je proc\u00e8de <\/h2>\t\t\t\t<\/div>\n\t\t\t\t<\/div>\n\t\t\t\t<div class=\"elementor-element elementor-element-069b02d elementor-widget__width-initial elementor-widget elementor-widget-text-editor\" data-id=\"069b02d\" data-element_type=\"widget\" data-e-type=\"widget\" data-widget_type=\"text-editor.default\">\n\t\t\t\t<div class=\"elementor-widget-container\">\n\t\t\t\t\t\t\t\t\t<p>Tout commence avec vous par <b>un \u00e9change et votre brief<\/b>.<\/p>\n<p>Ma cr\u00e9ation ne d\u00e9marre qu&rsquo;apr\u00e8s enti\u00e8re \u00e9coute et compr\u00e9hension de vos besoins, de vos valeurs et de vos objectifs.<br><b>Votre histoire et qui vous \u00eates sont des informations essentielles au processus de recherche strat\u00e9gique et cr\u00e9ation.<\/b><\/p>\n<p>Une fois mes notes organis\u00e9es je r\u00e9alise une veille graphique, je regarde la concurrence pour voir les tendances mais aussi pour observer comment vous d\u00e9marquer. Pour la suite je r\u00e9alise en g\u00e9n\u00e9ral deux moodboards qui vont d\u00e9finir deux pistes graphiques. Pour chaque piste graphique je commence par des croquis dessin\u00e9s \u00e0 la main.<br>Je s\u00e9lectionne les croquis les plus pertinents puis je commence la partie technique de conception.<\/p>\n<p><b>Mon objectif : cr\u00e9er de l&rsquo;impact et de la coh\u00e9rence, le tout align\u00e9 \u00e0 qui vous \u00eates et votre activit\u00e9.<\/b><\/p>\n<p>Je vous propose ensuite selon le pack choisi plusieurs pistes et propositions graphiques.&nbsp;<\/p>\n<p>Nous \u00e9changeons tout au long du process de conception, le projet prend vie au fur et \u00e0 mesure et jusqu&rsquo;\u00e0 enti\u00e8re satisfaction.&nbsp;&nbsp;<\/p>\t\t\t\t\t\t\t\t<\/div>\n\t\t\t\t<\/div>\n\t\t\t\t<div class=\"elementor-element elementor-element-771a79b elementor-tablet-align-center elementor-widget__width-initial elementor-widget elementor-widget-button\" data-id=\"771a79b\" data-element_type=\"widget\" data-e-type=\"widget\" data-widget_type=\"button.default\">\n\t\t\t\t<div class=\"elementor-widget-container\">\n\t\t\t\t\t\t\t\t\t<div class=\"elementor-button-wrapper\">\n\t\t\t\t\t<a class=\"elementor-button elementor-button-link elementor-size-sm\" href=\"https:\/\/www.vigraphie.fr\/index.php\/portfolio\/\" target=\"_blank\">\n\t\t\t\t\t\t<span class=\"elementor-button-content-wrapper\">\n\t\t\t\t\t\t\t\t\t<span class=\"elementor-button-text\">Portfolio<\/span>\n\t\t\t\t\t<\/span>\n\t\t\t\t\t<\/a>\n\t\t\t\t<\/div>\n\t\t\t\t\t\t\t\t<\/div>\n\t\t\t\t<\/div>\n\t\t\t\t<div class=\"elementor-element elementor-element-4cc89a7 elementor-widget elementor-widget-spacer\" data-id=\"4cc89a7\" data-element_type=\"widget\" data-e-type=\"widget\" data-widget_type=\"spacer.default\">\n\t\t\t\t<div class=\"elementor-widget-container\">\n\t\t\t\t\t\t\t<div class=\"elementor-spacer\">\n\t\t\t<div class=\"elementor-spacer-inner\"><\/div>\n\t\t<\/div>\n\t\t\t\t\t\t<\/div>\n\t\t\t\t<\/div>\n\t\t\t\t\t<\/div>\n\t\t\t\t<\/div>\n\t\t\t\t<\/div>\n\t\t","protected":false},"excerpt":{"rendered":"<p>Je suis la graphiste multim\u00e9dia qui fait danser votre Com&rsquo; et qui met en lumi\u00e8re votre identit\u00e9 visuelle. Tout commence en coulisse De la sc\u00e8ne au pixelDu trac\u00e9 du mouvement au mouvement du trac\u00e9 Virginie Dissard Le mouvement, la cr\u00e9ation, la recherche, la r\u00e9flexion, l&rsquo;art, les \u00eatres et les \u00e9motions incarnent ma vie professionnelle depuis&#8230;<\/p>\n","protected":false},"author":1,"featured_media":0,"parent":0,"menu_order":0,"comment_status":"closed","ping_status":"closed","template":"elementor_header_footer","meta":{"_kad_post_transparent":"","_kad_post_title":"","_kad_post_layout":"","_kad_post_sidebar_id":"","_kad_post_content_style":"","_kad_post_vertical_padding":"","_kad_post_feature":"","_kad_post_feature_position":"","_kad_post_header":false,"_kad_post_footer":false,"_kad_post_classname":"","footnotes":""},"class_list":["post-43","page","type-page","status-publish","hentry"],"yoast_head":"<!-- This site is optimized with the Yoast SEO plugin v27.4 - https:\/\/yoast.com\/product\/yoast-seo-wordpress\/ -->\n<title>A propos -<\/title>\n<meta name=\"description\" content=\"Je suis la graphiste multim\u00e9dia qui fait danser votre Com&#039;, qui met en lumi\u00e8re votre identit\u00e9 visuelle, vos supports graphiques et votre site\" \/>\n<meta name=\"robots\" content=\"index, follow, max-snippet:-1, max-image-preview:large, max-video-preview:-1\" \/>\n<link rel=\"canonical\" href=\"https:\/\/www.vigraphie.fr\/index.php\/a-propos\/\" \/>\n<meta property=\"og:locale\" content=\"fr_FR\" \/>\n<meta property=\"og:type\" content=\"article\" \/>\n<meta property=\"og:title\" content=\"A propos -\" \/>\n<meta property=\"og:description\" content=\"Je suis la graphiste multim\u00e9dia qui fait danser votre Com&#039;, qui met en lumi\u00e8re votre identit\u00e9 visuelle, vos supports graphiques et votre site\" \/>\n<meta property=\"og:url\" content=\"https:\/\/www.vigraphie.fr\/index.php\/a-propos\/\" \/>\n<meta property=\"article:modified_time\" content=\"2026-04-24T21:52:40+00:00\" \/>\n<meta property=\"og:image\" content=\"https:\/\/www.vigraphie.fr\/wp-content\/uploads\/Vi.Graphie-Virginie-Dissard-Graphiste-Morbihan-A-propos.webp\" \/>\n<meta name=\"twitter:card\" content=\"summary_large_image\" \/>\n<meta name=\"twitter:label1\" content=\"Dur\u00e9e de lecture estim\u00e9e\" \/>\n\t<meta name=\"twitter:data1\" content=\"3 minutes\" \/>\n<script type=\"application\/ld+json\" class=\"yoast-schema-graph\">{\"@context\":\"https:\\\/\\\/schema.org\",\"@graph\":[{\"@type\":\"WebPage\",\"@id\":\"https:\\\/\\\/www.vigraphie.fr\\\/index.php\\\/a-propos\\\/\",\"url\":\"https:\\\/\\\/www.vigraphie.fr\\\/index.php\\\/a-propos\\\/\",\"name\":\"A propos -\",\"isPartOf\":{\"@id\":\"https:\\\/\\\/www.vigraphie.fr\\\/#website\"},\"primaryImageOfPage\":{\"@id\":\"https:\\\/\\\/www.vigraphie.fr\\\/index.php\\\/a-propos\\\/#primaryimage\"},\"image\":{\"@id\":\"https:\\\/\\\/www.vigraphie.fr\\\/index.php\\\/a-propos\\\/#primaryimage\"},\"thumbnailUrl\":\"https:\\\/\\\/www.vigraphie.fr\\\/wp-content\\\/uploads\\\/Vi.Graphie-Virginie-Dissard-Graphiste-Morbihan-A-propos.webp\",\"datePublished\":\"2025-06-03T11:13:42+00:00\",\"dateModified\":\"2026-04-24T21:52:40+00:00\",\"description\":\"Je suis la graphiste multim\u00e9dia qui fait danser votre Com', qui met en lumi\u00e8re votre identit\u00e9 visuelle, vos supports graphiques et votre site\",\"breadcrumb\":{\"@id\":\"https:\\\/\\\/www.vigraphie.fr\\\/index.php\\\/a-propos\\\/#breadcrumb\"},\"inLanguage\":\"fr-FR\",\"potentialAction\":[{\"@type\":\"ReadAction\",\"target\":[\"https:\\\/\\\/www.vigraphie.fr\\\/index.php\\\/a-propos\\\/\"]}]},{\"@type\":\"ImageObject\",\"inLanguage\":\"fr-FR\",\"@id\":\"https:\\\/\\\/www.vigraphie.fr\\\/index.php\\\/a-propos\\\/#primaryimage\",\"url\":\"https:\\\/\\\/www.vigraphie.fr\\\/wp-content\\\/uploads\\\/Vi.Graphie-Virginie-Dissard-Graphiste-Morbihan-A-propos.webp\",\"contentUrl\":\"https:\\\/\\\/www.vigraphie.fr\\\/wp-content\\\/uploads\\\/Vi.Graphie-Virginie-Dissard-Graphiste-Morbihan-A-propos.webp\",\"width\":900,\"height\":812,\"caption\":\"Vi.Graphie Virginie Dissard Graphiste & Morbihan A propos\"},{\"@type\":\"BreadcrumbList\",\"@id\":\"https:\\\/\\\/www.vigraphie.fr\\\/index.php\\\/a-propos\\\/#breadcrumb\",\"itemListElement\":[{\"@type\":\"ListItem\",\"position\":1,\"name\":\"Accueil\",\"item\":\"https:\\\/\\\/www.vigraphie.fr\\\/\"},{\"@type\":\"ListItem\",\"position\":2,\"name\":\"A propos\"}]},{\"@type\":\"WebSite\",\"@id\":\"https:\\\/\\\/www.vigraphie.fr\\\/#website\",\"url\":\"https:\\\/\\\/www.vigraphie.fr\\\/\",\"name\":\"\",\"description\":\"\",\"potentialAction\":[{\"@type\":\"SearchAction\",\"target\":{\"@type\":\"EntryPoint\",\"urlTemplate\":\"https:\\\/\\\/www.vigraphie.fr\\\/?s={search_term_string}\"},\"query-input\":{\"@type\":\"PropertyValueSpecification\",\"valueRequired\":true,\"valueName\":\"search_term_string\"}}],\"inLanguage\":\"fr-FR\"}]}<\/script>\n<!-- \/ Yoast SEO plugin. -->","yoast_head_json":{"title":"A propos -","description":"Je suis la graphiste multim\u00e9dia qui fait danser votre Com', qui met en lumi\u00e8re votre identit\u00e9 visuelle, vos supports graphiques et votre site","robots":{"index":"index","follow":"follow","max-snippet":"max-snippet:-1","max-image-preview":"max-image-preview:large","max-video-preview":"max-video-preview:-1"},"canonical":"https:\/\/www.vigraphie.fr\/index.php\/a-propos\/","og_locale":"fr_FR","og_type":"article","og_title":"A propos -","og_description":"Je suis la graphiste multim\u00e9dia qui fait danser votre Com', qui met en lumi\u00e8re votre identit\u00e9 visuelle, vos supports graphiques et votre site","og_url":"https:\/\/www.vigraphie.fr\/index.php\/a-propos\/","article_modified_time":"2026-04-24T21:52:40+00:00","og_image":[{"url":"https:\/\/www.vigraphie.fr\/wp-content\/uploads\/Vi.Graphie-Virginie-Dissard-Graphiste-Morbihan-A-propos.webp","type":"","width":"","height":""}],"twitter_card":"summary_large_image","twitter_misc":{"Dur\u00e9e de lecture estim\u00e9e":"3 minutes"},"schema":{"@context":"https:\/\/schema.org","@graph":[{"@type":"WebPage","@id":"https:\/\/www.vigraphie.fr\/index.php\/a-propos\/","url":"https:\/\/www.vigraphie.fr\/index.php\/a-propos\/","name":"A propos -","isPartOf":{"@id":"https:\/\/www.vigraphie.fr\/#website"},"primaryImageOfPage":{"@id":"https:\/\/www.vigraphie.fr\/index.php\/a-propos\/#primaryimage"},"image":{"@id":"https:\/\/www.vigraphie.fr\/index.php\/a-propos\/#primaryimage"},"thumbnailUrl":"https:\/\/www.vigraphie.fr\/wp-content\/uploads\/Vi.Graphie-Virginie-Dissard-Graphiste-Morbihan-A-propos.webp","datePublished":"2025-06-03T11:13:42+00:00","dateModified":"2026-04-24T21:52:40+00:00","description":"Je suis la graphiste multim\u00e9dia qui fait danser votre Com', qui met en lumi\u00e8re votre identit\u00e9 visuelle, vos supports graphiques et votre site","breadcrumb":{"@id":"https:\/\/www.vigraphie.fr\/index.php\/a-propos\/#breadcrumb"},"inLanguage":"fr-FR","potentialAction":[{"@type":"ReadAction","target":["https:\/\/www.vigraphie.fr\/index.php\/a-propos\/"]}]},{"@type":"ImageObject","inLanguage":"fr-FR","@id":"https:\/\/www.vigraphie.fr\/index.php\/a-propos\/#primaryimage","url":"https:\/\/www.vigraphie.fr\/wp-content\/uploads\/Vi.Graphie-Virginie-Dissard-Graphiste-Morbihan-A-propos.webp","contentUrl":"https:\/\/www.vigraphie.fr\/wp-content\/uploads\/Vi.Graphie-Virginie-Dissard-Graphiste-Morbihan-A-propos.webp","width":900,"height":812,"caption":"Vi.Graphie Virginie Dissard Graphiste & Morbihan A propos"},{"@type":"BreadcrumbList","@id":"https:\/\/www.vigraphie.fr\/index.php\/a-propos\/#breadcrumb","itemListElement":[{"@type":"ListItem","position":1,"name":"Accueil","item":"https:\/\/www.vigraphie.fr\/"},{"@type":"ListItem","position":2,"name":"A propos"}]},{"@type":"WebSite","@id":"https:\/\/www.vigraphie.fr\/#website","url":"https:\/\/www.vigraphie.fr\/","name":"","description":"","potentialAction":[{"@type":"SearchAction","target":{"@type":"EntryPoint","urlTemplate":"https:\/\/www.vigraphie.fr\/?s={search_term_string}"},"query-input":{"@type":"PropertyValueSpecification","valueRequired":true,"valueName":"search_term_string"}}],"inLanguage":"fr-FR"}]}},"_links":{"self":[{"href":"https:\/\/www.vigraphie.fr\/index.php\/wp-json\/wp\/v2\/pages\/43","targetHints":{"allow":["GET"]}}],"collection":[{"href":"https:\/\/www.vigraphie.fr\/index.php\/wp-json\/wp\/v2\/pages"}],"about":[{"href":"https:\/\/www.vigraphie.fr\/index.php\/wp-json\/wp\/v2\/types\/page"}],"author":[{"embeddable":true,"href":"https:\/\/www.vigraphie.fr\/index.php\/wp-json\/wp\/v2\/users\/1"}],"replies":[{"embeddable":true,"href":"https:\/\/www.vigraphie.fr\/index.php\/wp-json\/wp\/v2\/comments?post=43"}],"version-history":[{"count":355,"href":"https:\/\/www.vigraphie.fr\/index.php\/wp-json\/wp\/v2\/pages\/43\/revisions"}],"predecessor-version":[{"id":3788,"href":"https:\/\/www.vigraphie.fr\/index.php\/wp-json\/wp\/v2\/pages\/43\/revisions\/3788"}],"wp:attachment":[{"href":"https:\/\/www.vigraphie.fr\/index.php\/wp-json\/wp\/v2\/media?parent=43"}],"curies":[{"name":"wp","href":"https:\/\/api.w.org\/{rel}","templated":true}]}}