{"id":1949,"date":"2026-03-31T14:22:13","date_gmt":"2026-03-31T12:22:13","guid":{"rendered":"http:\/\/vigraphie.local\/?page_id=1949"},"modified":"2026-04-27T15:45:40","modified_gmt":"2026-04-27T13:45:40","slug":"geste-intemporel","status":"publish","type":"page","link":"https:\/\/www.vigraphie.fr\/index.php\/geste-intemporel\/","title":{"rendered":"Geste intemporel"},"content":{"rendered":"\t\t<div data-elementor-type=\"wp-page\" data-elementor-id=\"1949\" class=\"elementor elementor-1949\">\n\t\t\t\t<div class=\"elementor-element elementor-element-1587c51 e-flex e-con-boxed qodef-elementor-content-no e-con e-parent\" data-id=\"1587c51\" data-element_type=\"container\" data-e-type=\"container\" data-settings=\"{&quot;background_background&quot;:&quot;classic&quot;}\">\n\t\t\t\t\t<div class=\"e-con-inner\">\n\t\t\t\t\t<\/div>\n\t\t\t\t<\/div>\n\t\t<div class=\"elementor-element elementor-element-5ef7a3c e-flex e-con-boxed qodef-elementor-content-no e-con e-parent\" data-id=\"5ef7a3c\" data-element_type=\"container\" data-e-type=\"container\">\n\t\t\t\t\t<div class=\"e-con-inner\">\n\t\t\t\t<div class=\"elementor-element elementor-element-6d7f907 elementor-widget elementor-widget-spacer\" data-id=\"6d7f907\" data-element_type=\"widget\" data-e-type=\"widget\" data-widget_type=\"spacer.default\">\n\t\t\t\t<div class=\"elementor-widget-container\">\n\t\t\t\t\t\t\t<div class=\"elementor-spacer\">\n\t\t\t<div class=\"elementor-spacer-inner\"><\/div>\n\t\t<\/div>\n\t\t\t\t\t\t<\/div>\n\t\t\t\t<\/div>\n\t\t\t\t\t<\/div>\n\t\t\t\t<\/div>\n\t\t<div class=\"elementor-element elementor-element-baa0de8 e-flex e-con-boxed qodef-elementor-content-no e-con e-parent\" data-id=\"baa0de8\" data-element_type=\"container\" data-e-type=\"container\">\n\t\t\t\t\t<div class=\"e-con-inner\">\n\t\t<div class=\"elementor-element elementor-element-425d895 e-con-full e-flex qodef-elementor-content-no e-con e-child\" data-id=\"425d895\" data-element_type=\"container\" data-e-type=\"container\">\n\t\t\t\t<div class=\"elementor-element elementor-element-05bb9b1 elementor-widget-tablet__width-initial elementor-widget elementor-widget-image\" data-id=\"05bb9b1\" data-element_type=\"widget\" data-e-type=\"widget\" data-widget_type=\"image.default\">\n\t\t\t\t<div class=\"elementor-widget-container\">\n\t\t\t\t\t\t\t\t\t\t\t\t\t\t\t<img fetchpriority=\"high\" decoding=\"async\" width=\"1024\" height=\"472\" src=\"https:\/\/www.vigraphie.fr\/wp-content\/uploads\/Fichier-111xxxhdpi-1024x472.png\" class=\"attachment-large size-large wp-image-1955\" alt=\"Vi.Graphie logo \u00e9b\u00e9niste identit\u00e9 visuelle\" srcset=\"https:\/\/www.vigraphie.fr\/wp-content\/uploads\/Fichier-111xxxhdpi-1024x472.png 1024w, https:\/\/www.vigraphie.fr\/wp-content\/uploads\/Fichier-111xxxhdpi-300x138.png 300w, https:\/\/www.vigraphie.fr\/wp-content\/uploads\/Fichier-111xxxhdpi-768x354.png 768w, https:\/\/www.vigraphie.fr\/wp-content\/uploads\/Fichier-111xxxhdpi.png 1434w\" sizes=\"(max-width: 1024px) 100vw, 1024px\" \/>\t\t\t\t\t\t\t\t\t\t\t\t\t\t\t<\/div>\n\t\t\t\t<\/div>\n\t\t\t\t<\/div>\n\t\t<div class=\"elementor-element elementor-element-05880f0 e-con-full e-flex qodef-elementor-content-no e-con e-child\" data-id=\"05880f0\" data-element_type=\"container\" data-e-type=\"container\">\n\t\t\t\t<div class=\"elementor-element elementor-element-76b46f3 elementor-widget-tablet__width-initial elementor-widget elementor-widget-image\" data-id=\"76b46f3\" data-element_type=\"widget\" data-e-type=\"widget\" data-widget_type=\"image.default\">\n\t\t\t\t<div class=\"elementor-widget-container\">\n\t\t\t\t\t\t\t\t\t\t\t\t\t\t\t<img decoding=\"async\" width=\"1024\" height=\"768\" src=\"https:\/\/www.vigraphie.fr\/wp-content\/uploads\/Vi.Graphie-carte-visite-identite-visuelle-Ebeniste-1024x768.webp\" class=\"attachment-large size-large wp-image-1956\" alt=\"Vi.Graphie carte visite identit\u00e9 visuelle Eb\u00e9niste\" srcset=\"https:\/\/www.vigraphie.fr\/wp-content\/uploads\/Vi.Graphie-carte-visite-identite-visuelle-Ebeniste-1024x768.webp 1024w, https:\/\/www.vigraphie.fr\/wp-content\/uploads\/Vi.Graphie-carte-visite-identite-visuelle-Ebeniste-300x225.webp 300w, https:\/\/www.vigraphie.fr\/wp-content\/uploads\/Vi.Graphie-carte-visite-identite-visuelle-Ebeniste-768x576.webp 768w, https:\/\/www.vigraphie.fr\/wp-content\/uploads\/Vi.Graphie-carte-visite-identite-visuelle-Ebeniste-1536x1152.webp 1536w, https:\/\/www.vigraphie.fr\/wp-content\/uploads\/Vi.Graphie-carte-visite-identite-visuelle-Ebeniste-2048x1536.webp 2048w\" sizes=\"(max-width: 1024px) 100vw, 1024px\" \/>\t\t\t\t\t\t\t\t\t\t\t\t\t\t\t<\/div>\n\t\t\t\t<\/div>\n\t\t\t\t<\/div>\n\t\t\t\t\t<\/div>\n\t\t\t\t<\/div>\n\t\t<div class=\"elementor-element elementor-element-6ed6b59 e-flex e-con-boxed qodef-elementor-content-no e-con e-parent\" data-id=\"6ed6b59\" data-element_type=\"container\" data-e-type=\"container\">\n\t\t\t\t\t<div class=\"e-con-inner\">\n\t\t<div class=\"elementor-element elementor-element-a19480c e-con-full e-flex qodef-elementor-content-no e-con e-child\" data-id=\"a19480c\" data-element_type=\"container\" data-e-type=\"container\">\n\t\t\t\t<div class=\"elementor-element elementor-element-0701977 elementor-widget elementor-widget-spacer\" data-id=\"0701977\" data-element_type=\"widget\" data-e-type=\"widget\" data-widget_type=\"spacer.default\">\n\t\t\t\t<div class=\"elementor-widget-container\">\n\t\t\t\t\t\t\t<div class=\"elementor-spacer\">\n\t\t\t<div class=\"elementor-spacer-inner\"><\/div>\n\t\t<\/div>\n\t\t\t\t\t\t<\/div>\n\t\t\t\t<\/div>\n\t\t\t\t<div class=\"elementor-element elementor-element-1e8788c elementor-widget-tablet__width-initial elementor-widget elementor-widget-image\" data-id=\"1e8788c\" data-element_type=\"widget\" data-e-type=\"widget\" data-widget_type=\"image.default\">\n\t\t\t\t<div class=\"elementor-widget-container\">\n\t\t\t\t\t\t\t\t\t\t\t\t\t\t\t<img decoding=\"async\" width=\"1024\" height=\"963\" src=\"https:\/\/www.vigraphie.fr\/wp-content\/uploads\/Vi.Graphie-logo-Ebenisterie-1024x963.webp\" class=\"attachment-large size-large wp-image-1957\" alt=\"Vi.Graphie logo Eb\u00e9nisterie\" srcset=\"https:\/\/www.vigraphie.fr\/wp-content\/uploads\/Vi.Graphie-logo-Ebenisterie-1024x963.webp 1024w, https:\/\/www.vigraphie.fr\/wp-content\/uploads\/Vi.Graphie-logo-Ebenisterie-300x282.webp 300w, https:\/\/www.vigraphie.fr\/wp-content\/uploads\/Vi.Graphie-logo-Ebenisterie-768x722.webp 768w, https:\/\/www.vigraphie.fr\/wp-content\/uploads\/Vi.Graphie-logo-Ebenisterie.webp 1149w\" sizes=\"(max-width: 1024px) 100vw, 1024px\" \/>\t\t\t\t\t\t\t\t\t\t\t\t\t\t\t<\/div>\n\t\t\t\t<\/div>\n\t\t\t\t<\/div>\n\t\t<div class=\"elementor-element elementor-element-657b169 e-con-full e-flex qodef-elementor-content-no e-con e-child\" data-id=\"657b169\" data-element_type=\"container\" data-e-type=\"container\">\n\t\t\t\t<div class=\"elementor-element elementor-element-3f586f8 elementor-widget elementor-widget-spacer\" data-id=\"3f586f8\" data-element_type=\"widget\" data-e-type=\"widget\" data-widget_type=\"spacer.default\">\n\t\t\t\t<div class=\"elementor-widget-container\">\n\t\t\t\t\t\t\t<div class=\"elementor-spacer\">\n\t\t\t<div class=\"elementor-spacer-inner\"><\/div>\n\t\t<\/div>\n\t\t\t\t\t\t<\/div>\n\t\t\t\t<\/div>\n\t\t\t\t<div class=\"elementor-element elementor-element-ab5158d elementor-widget__width-initial elementor-widget elementor-widget-image\" data-id=\"ab5158d\" data-element_type=\"widget\" data-e-type=\"widget\" data-widget_type=\"image.default\">\n\t\t\t\t<div class=\"elementor-widget-container\">\n\t\t\t\t\t\t\t\t\t\t\t\t\t\t\t<img loading=\"lazy\" decoding=\"async\" width=\"434\" height=\"332\" src=\"https:\/\/www.vigraphie.fr\/wp-content\/uploads\/Fichier-108xxxhdpi.png\" class=\"attachment-large size-large wp-image-1958\" alt=\"\" srcset=\"https:\/\/www.vigraphie.fr\/wp-content\/uploads\/Fichier-108xxxhdpi.png 434w, https:\/\/www.vigraphie.fr\/wp-content\/uploads\/Fichier-108xxxhdpi-300x229.png 300w\" sizes=\"(max-width: 434px) 100vw, 434px\" \/>\t\t\t\t\t\t\t\t\t\t\t\t\t\t\t<\/div>\n\t\t\t\t<\/div>\n\t\t\t\t<\/div>\n\t\t<div class=\"elementor-element elementor-element-2e6aef1 e-con-full e-flex qodef-elementor-content-no e-con e-child\" data-id=\"2e6aef1\" data-element_type=\"container\" data-e-type=\"container\">\n\t\t\t\t<div class=\"elementor-element elementor-element-4c6bcdc elementor-widget elementor-widget-spacer\" data-id=\"4c6bcdc\" data-element_type=\"widget\" data-e-type=\"widget\" data-widget_type=\"spacer.default\">\n\t\t\t\t<div class=\"elementor-widget-container\">\n\t\t\t\t\t\t\t<div class=\"elementor-spacer\">\n\t\t\t<div class=\"elementor-spacer-inner\"><\/div>\n\t\t<\/div>\n\t\t\t\t\t\t<\/div>\n\t\t\t\t<\/div>\n\t\t\t\t<div class=\"elementor-element elementor-element-3e85175 elementor-widget-tablet__width-initial elementor-widget elementor-widget-image\" data-id=\"3e85175\" data-element_type=\"widget\" data-e-type=\"widget\" data-widget_type=\"image.default\">\n\t\t\t\t<div class=\"elementor-widget-container\">\n\t\t\t\t\t\t\t\t\t\t\t\t\t\t\t<img loading=\"lazy\" decoding=\"async\" width=\"1024\" height=\"683\" src=\"https:\/\/www.vigraphie.fr\/wp-content\/uploads\/Vi.Graphie-graphiqte-pour-image-de-marque-1024x683.webp\" class=\"attachment-large size-large wp-image-1959\" alt=\"Vi.Graphie logo Eb\u00e9nisterie\" srcset=\"https:\/\/www.vigraphie.fr\/wp-content\/uploads\/Vi.Graphie-graphiqte-pour-image-de-marque-1024x683.webp 1024w, https:\/\/www.vigraphie.fr\/wp-content\/uploads\/Vi.Graphie-graphiqte-pour-image-de-marque-300x200.webp 300w, https:\/\/www.vigraphie.fr\/wp-content\/uploads\/Vi.Graphie-graphiqte-pour-image-de-marque-768x512.webp 768w, https:\/\/www.vigraphie.fr\/wp-content\/uploads\/Vi.Graphie-graphiqte-pour-image-de-marque.webp 1200w\" sizes=\"(max-width: 1024px) 100vw, 1024px\" \/>\t\t\t\t\t\t\t\t\t\t\t\t\t\t\t<\/div>\n\t\t\t\t<\/div>\n\t\t\t\t<\/div>\n\t\t\t\t\t<\/div>\n\t\t\t\t<\/div>\n\t\t<div class=\"elementor-element elementor-element-b29d0e0 e-flex e-con-boxed qodef-elementor-content-no e-con e-parent\" data-id=\"b29d0e0\" data-element_type=\"container\" data-e-type=\"container\" data-settings=\"{&quot;shape_divider_top&quot;:&quot;waves&quot;,&quot;shape_divider_bottom&quot;:&quot;waves&quot;}\">\n\t\t\t\t\t<div class=\"e-con-inner\">\n\t\t\t\t<div class=\"elementor-shape elementor-shape-top\" aria-hidden=\"true\" data-negative=\"false\">\n\t\t\t<svg xmlns=\"http:\/\/www.w3.org\/2000\/svg\" viewBox=\"0 0 1000 100\" preserveAspectRatio=\"none\">\n\t<path class=\"elementor-shape-fill\" d=\"M421.9,6.5c22.6-2.5,51.5,0.4,75.5,5.3c23.6,4.9,70.9,23.5,100.5,35.7c75.8,32.2,133.7,44.5,192.6,49.7\n\tc23.6,2.1,48.7,3.5,103.4-2.5c54.7-6,106.2-25.6,106.2-25.6V0H0v30.3c0,0,72,32.6,158.4,30.5c39.2-0.7,92.8-6.7,134-22.4\n\tc21.2-8.1,52.2-18.2,79.7-24.2C399.3,7.9,411.6,7.5,421.9,6.5z\"\/>\n<\/svg>\t\t<\/div>\n\t\t\t\t<div class=\"elementor-shape elementor-shape-bottom\" aria-hidden=\"true\" data-negative=\"false\">\n\t\t\t<svg xmlns=\"http:\/\/www.w3.org\/2000\/svg\" viewBox=\"0 0 1000 100\" preserveAspectRatio=\"none\">\n\t<path class=\"elementor-shape-fill\" d=\"M421.9,6.5c22.6-2.5,51.5,0.4,75.5,5.3c23.6,4.9,70.9,23.5,100.5,35.7c75.8,32.2,133.7,44.5,192.6,49.7\n\tc23.6,2.1,48.7,3.5,103.4-2.5c54.7-6,106.2-25.6,106.2-25.6V0H0v30.3c0,0,72,32.6,158.4,30.5c39.2-0.7,92.8-6.7,134-22.4\n\tc21.2-8.1,52.2-18.2,79.7-24.2C399.3,7.9,411.6,7.5,421.9,6.5z\"\/>\n<\/svg>\t\t<\/div>\n\t\t\t\t<div class=\"elementor-element elementor-element-fb1d138 elementor-widget elementor-widget-spacer\" data-id=\"fb1d138\" data-element_type=\"widget\" data-e-type=\"widget\" data-widget_type=\"spacer.default\">\n\t\t\t\t<div class=\"elementor-widget-container\">\n\t\t\t\t\t\t\t<div class=\"elementor-spacer\">\n\t\t\t<div class=\"elementor-spacer-inner\"><\/div>\n\t\t<\/div>\n\t\t\t\t\t\t<\/div>\n\t\t\t\t<\/div>\n\t\t\t\t<div class=\"elementor-element elementor-element-22584a2 elementor-widget__width-initial elementor-widget elementor-widget-heading\" data-id=\"22584a2\" data-element_type=\"widget\" data-e-type=\"widget\" data-widget_type=\"heading.default\">\n\t\t\t\t<div class=\"elementor-widget-container\">\n\t\t\t\t\t<h1 class=\"elementor-heading-title elementor-size-default\">Geste Intemporel<\/h1>\t\t\t\t<\/div>\n\t\t\t\t<\/div>\n\t\t\t\t<div class=\"elementor-element elementor-element-d4fbabd elementor-widget__width-initial elementor-widget elementor-widget-text-editor\" data-id=\"d4fbabd\" data-element_type=\"widget\" data-e-type=\"widget\" data-widget_type=\"text-editor.default\">\n\t\t\t\t<div class=\"elementor-widget-container\">\n\t\t\t\t\t\t\t\t\t<p>Projet personnel. Le monde de l&rsquo;artisanat et du savoir-faire manuel est un univers captivant de par sa rigueur, sa pr\u00e9cision et sa cr\u00e9ativit\u00e9.<br \/>Sp\u00e9cialiste du bois, l&rsquo;\u00e9b\u00e9niste r\u00e9alise, restaure et fabrique des meubles sur mesure ou en petite s\u00e9rie.<br \/>C&rsquo;est un artisan au sens esth\u00e9tique aiguis\u00e9, il travaille le bois pour le mettre en valeur.<br \/>Du dessin \u00e0 la conception ce m\u00e9tier n\u00e9cessite une grande ma\u00eetrise.<\/p><p>Ici le marron est sans \u00e9quivoque et rappelle le bois, il est volontairement profond afin d&rsquo;amener \u00e9l\u00e9gance et excellence pour un travail haut de gamme et tendance. Le bois repr\u00e9sent\u00e9 aussi par le O rappelant la coupe transversale d&rsquo;un tronc d&rsquo;arbre.<br \/>Un logo (+ d\u00e9clinaison) moderne et en mouvement, rappelant que le bois est une mati\u00e8re vivante avec ses propres courbes et lignes. Ces derni\u00e8res\u00a0seront ensuite fa\u00e7onn\u00e9es, travaill\u00e9es et redessin\u00e9es par l&rsquo;\u00e9b\u00e9niste.<\/p>\t\t\t\t\t\t\t\t<\/div>\n\t\t\t\t<\/div>\n\t\t\t\t<div class=\"elementor-element elementor-element-f3792d3 elementor-widget elementor-widget-spacer\" data-id=\"f3792d3\" data-element_type=\"widget\" data-e-type=\"widget\" data-widget_type=\"spacer.default\">\n\t\t\t\t<div class=\"elementor-widget-container\">\n\t\t\t\t\t\t\t<div class=\"elementor-spacer\">\n\t\t\t<div class=\"elementor-spacer-inner\"><\/div>\n\t\t<\/div>\n\t\t\t\t\t\t<\/div>\n\t\t\t\t<\/div>\n\t\t\t\t\t<\/div>\n\t\t\t\t<\/div>\n\t\t<div class=\"elementor-element elementor-element-39b9c47 e-flex e-con-boxed qodef-elementor-content-no e-con e-parent\" data-id=\"39b9c47\" data-element_type=\"container\" data-e-type=\"container\">\n\t\t\t\t\t<div class=\"e-con-inner\">\n\t\t\t\t<div class=\"elementor-element elementor-element-2602539 elementor-widget elementor-widget-spacer\" data-id=\"2602539\" data-element_type=\"widget\" data-e-type=\"widget\" data-widget_type=\"spacer.default\">\n\t\t\t\t<div class=\"elementor-widget-container\">\n\t\t\t\t\t\t\t<div class=\"elementor-spacer\">\n\t\t\t<div class=\"elementor-spacer-inner\"><\/div>\n\t\t<\/div>\n\t\t\t\t\t\t<\/div>\n\t\t\t\t<\/div>\n\t\t\t\t\t<\/div>\n\t\t\t\t<\/div>\n\t\t\t\t<\/div>\n\t\t","protected":false},"excerpt":{"rendered":"<p>Geste Intemporel Projet personnel. Le monde de l&rsquo;artisanat et du savoir-faire manuel est un univers captivant de par sa rigueur, sa pr\u00e9cision et sa cr\u00e9ativit\u00e9.Sp\u00e9cialiste du bois, l&rsquo;\u00e9b\u00e9niste r\u00e9alise, restaure et fabrique des meubles sur mesure ou en petite s\u00e9rie.C&rsquo;est un artisan au sens esth\u00e9tique aiguis\u00e9, il travaille le bois pour le mettre en valeur.Du&#8230;<\/p>\n","protected":false},"author":1,"featured_media":0,"parent":0,"menu_order":0,"comment_status":"closed","ping_status":"closed","template":"elementor_header_footer","meta":{"_kad_post_transparent":"","_kad_post_title":"hide","_kad_post_layout":"fullwidth","_kad_post_sidebar_id":"","_kad_post_content_style":"unboxed","_kad_post_vertical_padding":"hide","_kad_post_feature":"hide","_kad_post_feature_position":"","_kad_post_header":false,"_kad_post_footer":false,"_kad_post_classname":"","footnotes":""},"class_list":["post-1949","page","type-page","status-publish","hentry"],"yoast_head":"<!-- This site is optimized with the Yoast SEO plugin v27.4 - https:\/\/yoast.com\/product\/yoast-seo-wordpress\/ -->\n<title>Geste intemporel -<\/title>\n<meta name=\"robots\" content=\"index, follow, max-snippet:-1, max-image-preview:large, max-video-preview:-1\" \/>\n<link rel=\"canonical\" href=\"https:\/\/www.vigraphie.fr\/index.php\/geste-intemporel\/\" \/>\n<meta property=\"og:locale\" content=\"fr_FR\" \/>\n<meta property=\"og:type\" content=\"article\" \/>\n<meta property=\"og:title\" content=\"Geste intemporel -\" \/>\n<meta property=\"og:description\" content=\"Geste Intemporel Projet personnel. Le monde de l&rsquo;artisanat et du savoir-faire manuel est un univers captivant de par sa rigueur, sa pr\u00e9cision et sa cr\u00e9ativit\u00e9.Sp\u00e9cialiste du bois, l&rsquo;\u00e9b\u00e9niste r\u00e9alise, restaure et fabrique des meubles sur mesure ou en petite s\u00e9rie.C&rsquo;est un artisan au sens esth\u00e9tique aiguis\u00e9, il travaille le bois pour le mettre en valeur.Du...\" \/>\n<meta property=\"og:url\" content=\"https:\/\/www.vigraphie.fr\/index.php\/geste-intemporel\/\" \/>\n<meta property=\"article:modified_time\" content=\"2026-04-27T13:45:40+00:00\" \/>\n<meta property=\"og:image\" content=\"https:\/\/www.vigraphie.fr\/wp-content\/uploads\/Fichier-111xxxhdpi.png\" \/>\n\t<meta property=\"og:image:width\" content=\"1434\" \/>\n\t<meta property=\"og:image:height\" content=\"661\" \/>\n\t<meta property=\"og:image:type\" content=\"image\/png\" \/>\n<meta name=\"twitter:card\" content=\"summary_large_image\" \/>\n<meta name=\"twitter:label1\" content=\"Dur\u00e9e de lecture estim\u00e9e\" \/>\n\t<meta name=\"twitter:data1\" content=\"2 minutes\" \/>\n<script type=\"application\/ld+json\" class=\"yoast-schema-graph\">{\"@context\":\"https:\\\/\\\/schema.org\",\"@graph\":[{\"@type\":\"WebPage\",\"@id\":\"https:\\\/\\\/www.vigraphie.fr\\\/index.php\\\/geste-intemporel\\\/\",\"url\":\"https:\\\/\\\/www.vigraphie.fr\\\/index.php\\\/geste-intemporel\\\/\",\"name\":\"Geste intemporel -\",\"isPartOf\":{\"@id\":\"https:\\\/\\\/www.vigraphie.fr\\\/#website\"},\"primaryImageOfPage\":{\"@id\":\"https:\\\/\\\/www.vigraphie.fr\\\/index.php\\\/geste-intemporel\\\/#primaryimage\"},\"image\":{\"@id\":\"https:\\\/\\\/www.vigraphie.fr\\\/index.php\\\/geste-intemporel\\\/#primaryimage\"},\"thumbnailUrl\":\"https:\\\/\\\/www.vigraphie.fr\\\/wp-content\\\/uploads\\\/Fichier-111xxxhdpi-1024x472.png\",\"datePublished\":\"2026-03-31T12:22:13+00:00\",\"dateModified\":\"2026-04-27T13:45:40+00:00\",\"breadcrumb\":{\"@id\":\"https:\\\/\\\/www.vigraphie.fr\\\/index.php\\\/geste-intemporel\\\/#breadcrumb\"},\"inLanguage\":\"fr-FR\",\"potentialAction\":[{\"@type\":\"ReadAction\",\"target\":[\"https:\\\/\\\/www.vigraphie.fr\\\/index.php\\\/geste-intemporel\\\/\"]}]},{\"@type\":\"ImageObject\",\"inLanguage\":\"fr-FR\",\"@id\":\"https:\\\/\\\/www.vigraphie.fr\\\/index.php\\\/geste-intemporel\\\/#primaryimage\",\"url\":\"https:\\\/\\\/www.vigraphie.fr\\\/wp-content\\\/uploads\\\/Fichier-111xxxhdpi.png\",\"contentUrl\":\"https:\\\/\\\/www.vigraphie.fr\\\/wp-content\\\/uploads\\\/Fichier-111xxxhdpi.png\",\"width\":1434,\"height\":661,\"caption\":\"Vi.Graphie logo \u00e9b\u00e9niste identit\u00e9 visuelle\"},{\"@type\":\"BreadcrumbList\",\"@id\":\"https:\\\/\\\/www.vigraphie.fr\\\/index.php\\\/geste-intemporel\\\/#breadcrumb\",\"itemListElement\":[{\"@type\":\"ListItem\",\"position\":1,\"name\":\"Accueil\",\"item\":\"https:\\\/\\\/www.vigraphie.fr\\\/\"},{\"@type\":\"ListItem\",\"position\":2,\"name\":\"Geste intemporel\"}]},{\"@type\":\"WebSite\",\"@id\":\"https:\\\/\\\/www.vigraphie.fr\\\/#website\",\"url\":\"https:\\\/\\\/www.vigraphie.fr\\\/\",\"name\":\"\",\"description\":\"\",\"potentialAction\":[{\"@type\":\"SearchAction\",\"target\":{\"@type\":\"EntryPoint\",\"urlTemplate\":\"https:\\\/\\\/www.vigraphie.fr\\\/?s={search_term_string}\"},\"query-input\":{\"@type\":\"PropertyValueSpecification\",\"valueRequired\":true,\"valueName\":\"search_term_string\"}}],\"inLanguage\":\"fr-FR\"}]}<\/script>\n<!-- \/ Yoast SEO plugin. -->","yoast_head_json":{"title":"Geste intemporel -","robots":{"index":"index","follow":"follow","max-snippet":"max-snippet:-1","max-image-preview":"max-image-preview:large","max-video-preview":"max-video-preview:-1"},"canonical":"https:\/\/www.vigraphie.fr\/index.php\/geste-intemporel\/","og_locale":"fr_FR","og_type":"article","og_title":"Geste intemporel -","og_description":"Geste Intemporel Projet personnel. Le monde de l&rsquo;artisanat et du savoir-faire manuel est un univers captivant de par sa rigueur, sa pr\u00e9cision et sa cr\u00e9ativit\u00e9.Sp\u00e9cialiste du bois, l&rsquo;\u00e9b\u00e9niste r\u00e9alise, restaure et fabrique des meubles sur mesure ou en petite s\u00e9rie.C&rsquo;est un artisan au sens esth\u00e9tique aiguis\u00e9, il travaille le bois pour le mettre en valeur.Du...","og_url":"https:\/\/www.vigraphie.fr\/index.php\/geste-intemporel\/","article_modified_time":"2026-04-27T13:45:40+00:00","og_image":[{"width":1434,"height":661,"url":"https:\/\/www.vigraphie.fr\/wp-content\/uploads\/Fichier-111xxxhdpi.png","type":"image\/png"}],"twitter_card":"summary_large_image","twitter_misc":{"Dur\u00e9e de lecture estim\u00e9e":"2 minutes"},"schema":{"@context":"https:\/\/schema.org","@graph":[{"@type":"WebPage","@id":"https:\/\/www.vigraphie.fr\/index.php\/geste-intemporel\/","url":"https:\/\/www.vigraphie.fr\/index.php\/geste-intemporel\/","name":"Geste intemporel -","isPartOf":{"@id":"https:\/\/www.vigraphie.fr\/#website"},"primaryImageOfPage":{"@id":"https:\/\/www.vigraphie.fr\/index.php\/geste-intemporel\/#primaryimage"},"image":{"@id":"https:\/\/www.vigraphie.fr\/index.php\/geste-intemporel\/#primaryimage"},"thumbnailUrl":"https:\/\/www.vigraphie.fr\/wp-content\/uploads\/Fichier-111xxxhdpi-1024x472.png","datePublished":"2026-03-31T12:22:13+00:00","dateModified":"2026-04-27T13:45:40+00:00","breadcrumb":{"@id":"https:\/\/www.vigraphie.fr\/index.php\/geste-intemporel\/#breadcrumb"},"inLanguage":"fr-FR","potentialAction":[{"@type":"ReadAction","target":["https:\/\/www.vigraphie.fr\/index.php\/geste-intemporel\/"]}]},{"@type":"ImageObject","inLanguage":"fr-FR","@id":"https:\/\/www.vigraphie.fr\/index.php\/geste-intemporel\/#primaryimage","url":"https:\/\/www.vigraphie.fr\/wp-content\/uploads\/Fichier-111xxxhdpi.png","contentUrl":"https:\/\/www.vigraphie.fr\/wp-content\/uploads\/Fichier-111xxxhdpi.png","width":1434,"height":661,"caption":"Vi.Graphie logo \u00e9b\u00e9niste identit\u00e9 visuelle"},{"@type":"BreadcrumbList","@id":"https:\/\/www.vigraphie.fr\/index.php\/geste-intemporel\/#breadcrumb","itemListElement":[{"@type":"ListItem","position":1,"name":"Accueil","item":"https:\/\/www.vigraphie.fr\/"},{"@type":"ListItem","position":2,"name":"Geste intemporel"}]},{"@type":"WebSite","@id":"https:\/\/www.vigraphie.fr\/#website","url":"https:\/\/www.vigraphie.fr\/","name":"","description":"","potentialAction":[{"@type":"SearchAction","target":{"@type":"EntryPoint","urlTemplate":"https:\/\/www.vigraphie.fr\/?s={search_term_string}"},"query-input":{"@type":"PropertyValueSpecification","valueRequired":true,"valueName":"search_term_string"}}],"inLanguage":"fr-FR"}]}},"_links":{"self":[{"href":"https:\/\/www.vigraphie.fr\/index.php\/wp-json\/wp\/v2\/pages\/1949","targetHints":{"allow":["GET"]}}],"collection":[{"href":"https:\/\/www.vigraphie.fr\/index.php\/wp-json\/wp\/v2\/pages"}],"about":[{"href":"https:\/\/www.vigraphie.fr\/index.php\/wp-json\/wp\/v2\/types\/page"}],"author":[{"embeddable":true,"href":"https:\/\/www.vigraphie.fr\/index.php\/wp-json\/wp\/v2\/users\/1"}],"replies":[{"embeddable":true,"href":"https:\/\/www.vigraphie.fr\/index.php\/wp-json\/wp\/v2\/comments?post=1949"}],"version-history":[{"count":34,"href":"https:\/\/www.vigraphie.fr\/index.php\/wp-json\/wp\/v2\/pages\/1949\/revisions"}],"predecessor-version":[{"id":3839,"href":"https:\/\/www.vigraphie.fr\/index.php\/wp-json\/wp\/v2\/pages\/1949\/revisions\/3839"}],"wp:attachment":[{"href":"https:\/\/www.vigraphie.fr\/index.php\/wp-json\/wp\/v2\/media?parent=1949"}],"curies":[{"name":"wp","href":"https:\/\/api.w.org\/{rel}","templated":true}]}}