{"id":1877,"date":"2026-03-30T21:57:27","date_gmt":"2026-03-30T19:57:27","guid":{"rendered":"http:\/\/vigraphie.local\/?page_id=1877"},"modified":"2026-04-27T15:44:55","modified_gmt":"2026-04-27T13:44:55","slug":"elle-lingerie","status":"publish","type":"page","link":"https:\/\/www.vigraphie.fr\/index.php\/elle-lingerie\/","title":{"rendered":"Elle lingerie"},"content":{"rendered":"\t\t<div data-elementor-type=\"wp-page\" data-elementor-id=\"1877\" class=\"elementor elementor-1877\">\n\t\t\t\t<div class=\"elementor-element elementor-element-40df70e e-flex e-con-boxed qodef-elementor-content-no e-con e-parent\" data-id=\"40df70e\" data-element_type=\"container\" data-e-type=\"container\" data-settings=\"{&quot;background_background&quot;:&quot;classic&quot;}\">\n\t\t\t\t\t<div class=\"e-con-inner\">\n\t\t\t\t\t<\/div>\n\t\t\t\t<\/div>\n\t\t<div class=\"elementor-element elementor-element-4d0359c e-flex e-con-boxed qodef-elementor-content-no e-con e-parent\" data-id=\"4d0359c\" data-element_type=\"container\" data-e-type=\"container\">\n\t\t\t\t\t<div class=\"e-con-inner\">\n\t\t<div class=\"elementor-element elementor-element-7c83747 e-con-full e-flex qodef-elementor-content-no e-con e-child\" data-id=\"7c83747\" data-element_type=\"container\" data-e-type=\"container\">\n\t\t\t\t<div class=\"elementor-element elementor-element-715d527 elementor-widget elementor-widget-spacer\" data-id=\"715d527\" data-element_type=\"widget\" data-e-type=\"widget\" data-widget_type=\"spacer.default\">\n\t\t\t\t<div class=\"elementor-widget-container\">\n\t\t\t\t\t\t\t<div class=\"elementor-spacer\">\n\t\t\t<div class=\"elementor-spacer-inner\"><\/div>\n\t\t<\/div>\n\t\t\t\t\t\t<\/div>\n\t\t\t\t<\/div>\n\t\t\t\t<div class=\"elementor-element elementor-element-be0558c elementor-widget__width-initial elementor-widget-mobile__width-initial elementor-widget elementor-widget-image\" data-id=\"be0558c\" data-element_type=\"widget\" data-e-type=\"widget\" data-widget_type=\"image.default\">\n\t\t\t\t<div class=\"elementor-widget-container\">\n\t\t\t\t\t\t\t\t\t\t\t\t\t\t\t<img fetchpriority=\"high\" decoding=\"async\" width=\"1024\" height=\"759\" src=\"https:\/\/www.vigraphie.fr\/wp-content\/uploads\/Fichier-81xxhdpi-1024x759.jpg\" class=\"attachment-large size-large wp-image-1882\" alt=\"Vi.Graphie identit\u00e9 visuelle mode f\u00e9minine graphisme\" srcset=\"https:\/\/www.vigraphie.fr\/wp-content\/uploads\/Fichier-81xxhdpi-1024x759.jpg 1024w, https:\/\/www.vigraphie.fr\/wp-content\/uploads\/Fichier-81xxhdpi-300x222.jpg 300w, https:\/\/www.vigraphie.fr\/wp-content\/uploads\/Fichier-81xxhdpi-768x569.jpg 768w, https:\/\/www.vigraphie.fr\/wp-content\/uploads\/Fichier-81xxhdpi.jpg 1036w\" sizes=\"(max-width: 1024px) 100vw, 1024px\" \/>\t\t\t\t\t\t\t\t\t\t\t\t\t\t\t<\/div>\n\t\t\t\t<\/div>\n\t\t\t\t<\/div>\n\t\t<div class=\"elementor-element elementor-element-c085f71 e-con-full e-flex qodef-elementor-content-no e-con e-child\" data-id=\"c085f71\" data-element_type=\"container\" data-e-type=\"container\">\n\t\t\t\t<div class=\"elementor-element elementor-element-5dd55e0 elementor-widget elementor-widget-spacer\" data-id=\"5dd55e0\" data-element_type=\"widget\" data-e-type=\"widget\" data-widget_type=\"spacer.default\">\n\t\t\t\t<div class=\"elementor-widget-container\">\n\t\t\t\t\t\t\t<div class=\"elementor-spacer\">\n\t\t\t<div class=\"elementor-spacer-inner\"><\/div>\n\t\t<\/div>\n\t\t\t\t\t\t<\/div>\n\t\t\t\t<\/div>\n\t\t\t\t<div class=\"elementor-element elementor-element-2ffb493 elementor-widget-tablet__width-initial elementor-widget elementor-widget-image\" data-id=\"2ffb493\" data-element_type=\"widget\" data-e-type=\"widget\" data-widget_type=\"image.default\">\n\t\t\t\t<div class=\"elementor-widget-container\">\n\t\t\t\t\t\t\t\t\t\t\t\t\t\t\t<img decoding=\"async\" width=\"1024\" height=\"683\" src=\"https:\/\/www.vigraphie.fr\/wp-content\/uploads\/Vi.Graphie-identite-visuelle-enseigne-mode-1024x683.webp\" class=\"attachment-large size-large wp-image-1883\" alt=\"Vi.Graphie identit\u00e9 visuelle enseigne mode f\u00e9minine\" srcset=\"https:\/\/www.vigraphie.fr\/wp-content\/uploads\/Vi.Graphie-identite-visuelle-enseigne-mode-1024x683.webp 1024w, https:\/\/www.vigraphie.fr\/wp-content\/uploads\/Vi.Graphie-identite-visuelle-enseigne-mode-300x200.webp 300w, https:\/\/www.vigraphie.fr\/wp-content\/uploads\/Vi.Graphie-identite-visuelle-enseigne-mode-768x512.webp 768w, https:\/\/www.vigraphie.fr\/wp-content\/uploads\/Vi.Graphie-identite-visuelle-enseigne-mode-1536x1024.webp 1536w, https:\/\/www.vigraphie.fr\/wp-content\/uploads\/Vi.Graphie-identite-visuelle-enseigne-mode-2048x1365.webp 2048w\" sizes=\"(max-width: 1024px) 100vw, 1024px\" \/>\t\t\t\t\t\t\t\t\t\t\t\t\t\t\t<\/div>\n\t\t\t\t<\/div>\n\t\t\t\t<\/div>\n\t\t<div class=\"elementor-element elementor-element-04a09d8 e-con-full e-flex qodef-elementor-content-no e-con e-child\" data-id=\"04a09d8\" data-element_type=\"container\" data-e-type=\"container\">\n\t\t\t\t<div class=\"elementor-element elementor-element-9ea6a3c elementor-widget elementor-widget-spacer\" data-id=\"9ea6a3c\" data-element_type=\"widget\" data-e-type=\"widget\" data-widget_type=\"spacer.default\">\n\t\t\t\t<div class=\"elementor-widget-container\">\n\t\t\t\t\t\t\t<div class=\"elementor-spacer\">\n\t\t\t<div class=\"elementor-spacer-inner\"><\/div>\n\t\t<\/div>\n\t\t\t\t\t\t<\/div>\n\t\t\t\t<\/div>\n\t\t\t\t<div class=\"elementor-element elementor-element-8b95fd3 elementor-widget__width-initial elementor-widget elementor-widget-image\" data-id=\"8b95fd3\" data-element_type=\"widget\" data-e-type=\"widget\" data-widget_type=\"image.default\">\n\t\t\t\t<div class=\"elementor-widget-container\">\n\t\t\t\t\t\t\t\t\t\t\t\t\t\t\t<img decoding=\"async\" width=\"1024\" height=\"904\" src=\"https:\/\/www.vigraphie.fr\/wp-content\/uploads\/Vi.Graphie-identite-visuelle-Mode-1024x904.webp\" class=\"attachment-large size-large wp-image-1884\" alt=\"Vi.Graphie identit\u00e9 visuelle Mode\" srcset=\"https:\/\/www.vigraphie.fr\/wp-content\/uploads\/Vi.Graphie-identite-visuelle-Mode-1024x904.webp 1024w, https:\/\/www.vigraphie.fr\/wp-content\/uploads\/Vi.Graphie-identite-visuelle-Mode-300x265.webp 300w, https:\/\/www.vigraphie.fr\/wp-content\/uploads\/Vi.Graphie-identite-visuelle-Mode-768x678.webp 768w, https:\/\/www.vigraphie.fr\/wp-content\/uploads\/Vi.Graphie-identite-visuelle-Mode-1536x1357.webp 1536w, https:\/\/www.vigraphie.fr\/wp-content\/uploads\/Vi.Graphie-identite-visuelle-Mode-2048x1809.webp 2048w\" sizes=\"(max-width: 1024px) 100vw, 1024px\" \/>\t\t\t\t\t\t\t\t\t\t\t\t\t\t\t<\/div>\n\t\t\t\t<\/div>\n\t\t\t\t<\/div>\n\t\t<div class=\"elementor-element elementor-element-1b53483 e-con-full e-flex qodef-elementor-content-no e-con e-child\" data-id=\"1b53483\" data-element_type=\"container\" data-e-type=\"container\">\n\t\t\t\t<div class=\"elementor-element elementor-element-ec16a03 elementor-widget elementor-widget-spacer\" data-id=\"ec16a03\" data-element_type=\"widget\" data-e-type=\"widget\" data-widget_type=\"spacer.default\">\n\t\t\t\t<div class=\"elementor-widget-container\">\n\t\t\t\t\t\t\t<div class=\"elementor-spacer\">\n\t\t\t<div class=\"elementor-spacer-inner\"><\/div>\n\t\t<\/div>\n\t\t\t\t\t\t<\/div>\n\t\t\t\t<\/div>\n\t\t\t\t<div class=\"elementor-element elementor-element-b652593 elementor-widget__width-initial elementor-widget-tablet__width-initial elementor-widget elementor-widget-image\" data-id=\"b652593\" data-element_type=\"widget\" data-e-type=\"widget\" data-widget_type=\"image.default\">\n\t\t\t\t<div class=\"elementor-widget-container\">\n\t\t\t\t\t\t\t\t\t\t\t\t\t\t\t<img loading=\"lazy\" decoding=\"async\" width=\"341\" height=\"487\" src=\"https:\/\/www.vigraphie.fr\/wp-content\/uploads\/Fichier-83xxxhdpi.png\" class=\"attachment-large size-large wp-image-1885\" alt=\"\" srcset=\"https:\/\/www.vigraphie.fr\/wp-content\/uploads\/Fichier-83xxxhdpi.png 341w, https:\/\/www.vigraphie.fr\/wp-content\/uploads\/Fichier-83xxxhdpi-210x300.png 210w\" sizes=\"(max-width: 341px) 100vw, 341px\" \/>\t\t\t\t\t\t\t\t\t\t\t\t\t\t\t<\/div>\n\t\t\t\t<\/div>\n\t\t\t\t<\/div>\n\t\t\t\t\t<\/div>\n\t\t\t\t<\/div>\n\t\t<div class=\"elementor-element elementor-element-6934cbd e-flex e-con-boxed qodef-elementor-content-no e-con e-parent\" data-id=\"6934cbd\" data-element_type=\"container\" data-e-type=\"container\">\n\t\t\t\t\t<div class=\"e-con-inner\">\n\t\t<div class=\"elementor-element elementor-element-096063f e-con-full e-flex qodef-elementor-content-no e-con e-child\" data-id=\"096063f\" data-element_type=\"container\" data-e-type=\"container\">\n\t\t\t\t<div class=\"elementor-element elementor-element-f3181b7 elementor-widget-tablet__width-initial elementor-widget elementor-widget-image\" data-id=\"f3181b7\" data-element_type=\"widget\" data-e-type=\"widget\" data-widget_type=\"image.default\">\n\t\t\t\t<div class=\"elementor-widget-container\">\n\t\t\t\t\t\t\t\t\t\t\t\t\t\t\t<img loading=\"lazy\" decoding=\"async\" width=\"483\" height=\"671\" src=\"https:\/\/www.vigraphie.fr\/wp-content\/uploads\/Fichier-82xxxhdpi.png\" class=\"attachment-large size-large wp-image-1887\" alt=\"\" srcset=\"https:\/\/www.vigraphie.fr\/wp-content\/uploads\/Fichier-82xxxhdpi.png 483w, https:\/\/www.vigraphie.fr\/wp-content\/uploads\/Fichier-82xxxhdpi-216x300.png 216w\" sizes=\"(max-width: 483px) 100vw, 483px\" \/>\t\t\t\t\t\t\t\t\t\t\t\t\t\t\t<\/div>\n\t\t\t\t<\/div>\n\t\t\t\t<\/div>\n\t\t<div class=\"elementor-element elementor-element-e4020da e-con-full e-flex qodef-elementor-content-no e-con e-child\" data-id=\"e4020da\" data-element_type=\"container\" data-e-type=\"container\">\n\t\t\t\t<div class=\"elementor-element elementor-element-439da1e elementor-widget__width-initial elementor-widget elementor-widget-image\" data-id=\"439da1e\" data-element_type=\"widget\" data-e-type=\"widget\" data-widget_type=\"image.default\">\n\t\t\t\t<div class=\"elementor-widget-container\">\n\t\t\t\t\t\t\t\t\t\t\t\t\t\t\t<img loading=\"lazy\" decoding=\"async\" width=\"1024\" height=\"1024\" src=\"https:\/\/www.vigraphie.fr\/wp-content\/uploads\/Vi.Graphie-Flyer-mode-1024x1024.webp\" class=\"attachment-large size-large wp-image-1886\" alt=\"Vi.Graphie Flyer mode\" srcset=\"https:\/\/www.vigraphie.fr\/wp-content\/uploads\/Vi.Graphie-Flyer-mode-1024x1024.webp 1024w, https:\/\/www.vigraphie.fr\/wp-content\/uploads\/Vi.Graphie-Flyer-mode-300x300.webp 300w, https:\/\/www.vigraphie.fr\/wp-content\/uploads\/Vi.Graphie-Flyer-mode-150x150.webp 150w, https:\/\/www.vigraphie.fr\/wp-content\/uploads\/Vi.Graphie-Flyer-mode-768x768.webp 768w, https:\/\/www.vigraphie.fr\/wp-content\/uploads\/Vi.Graphie-Flyer-mode-1536x1536.webp 1536w, https:\/\/www.vigraphie.fr\/wp-content\/uploads\/Vi.Graphie-Flyer-mode-650x650.webp 650w, https:\/\/www.vigraphie.fr\/wp-content\/uploads\/Vi.Graphie-Flyer-mode-1300x1300.webp 1300w, https:\/\/www.vigraphie.fr\/wp-content\/uploads\/Vi.Graphie-Flyer-mode.webp 2000w\" sizes=\"(max-width: 1024px) 100vw, 1024px\" \/>\t\t\t\t\t\t\t\t\t\t\t\t\t\t\t<\/div>\n\t\t\t\t<\/div>\n\t\t\t\t<\/div>\n\t\t<div class=\"elementor-element elementor-element-ce54e7e e-con-full e-flex qodef-elementor-content-no e-con e-child\" data-id=\"ce54e7e\" data-element_type=\"container\" data-e-type=\"container\">\n\t\t\t\t<div class=\"elementor-element elementor-element-ce71fa6 elementor-widget__width-initial elementor-widget-tablet__width-initial elementor-widget elementor-widget-image\" data-id=\"ce71fa6\" data-element_type=\"widget\" data-e-type=\"widget\" data-widget_type=\"image.default\">\n\t\t\t\t<div class=\"elementor-widget-container\">\n\t\t\t\t\t\t\t\t\t\t\t\t\t\t\t<img loading=\"lazy\" decoding=\"async\" width=\"1024\" height=\"683\" src=\"https:\/\/www.vigraphie.fr\/wp-content\/uploads\/Vi.Graphie-logo-identite-visuelle-mode-1024x683.webp\" class=\"attachment-large size-large wp-image-1888\" alt=\"\" srcset=\"https:\/\/www.vigraphie.fr\/wp-content\/uploads\/Vi.Graphie-logo-identite-visuelle-mode-1024x683.webp 1024w, https:\/\/www.vigraphie.fr\/wp-content\/uploads\/Vi.Graphie-logo-identite-visuelle-mode-300x200.webp 300w, https:\/\/www.vigraphie.fr\/wp-content\/uploads\/Vi.Graphie-logo-identite-visuelle-mode-768x512.webp 768w, https:\/\/www.vigraphie.fr\/wp-content\/uploads\/Vi.Graphie-logo-identite-visuelle-mode-1536x1024.webp 1536w, https:\/\/www.vigraphie.fr\/wp-content\/uploads\/Vi.Graphie-logo-identite-visuelle-mode-2048x1365.webp 2048w\" sizes=\"(max-width: 1024px) 100vw, 1024px\" \/>\t\t\t\t\t\t\t\t\t\t\t\t\t\t\t<\/div>\n\t\t\t\t<\/div>\n\t\t\t\t<\/div>\n\t\t\t\t\t<\/div>\n\t\t\t\t<\/div>\n\t\t<div class=\"elementor-element elementor-element-d9bbdf8 e-flex e-con-boxed qodef-elementor-content-no e-con e-parent\" data-id=\"d9bbdf8\" data-element_type=\"container\" data-e-type=\"container\" data-settings=\"{&quot;shape_divider_top&quot;:&quot;waves&quot;,&quot;shape_divider_bottom&quot;:&quot;waves&quot;}\">\n\t\t\t\t\t<div class=\"e-con-inner\">\n\t\t\t\t<div class=\"elementor-shape elementor-shape-top\" aria-hidden=\"true\" data-negative=\"false\">\n\t\t\t<svg xmlns=\"http:\/\/www.w3.org\/2000\/svg\" viewBox=\"0 0 1000 100\" preserveAspectRatio=\"none\">\n\t<path class=\"elementor-shape-fill\" d=\"M421.9,6.5c22.6-2.5,51.5,0.4,75.5,5.3c23.6,4.9,70.9,23.5,100.5,35.7c75.8,32.2,133.7,44.5,192.6,49.7\n\tc23.6,2.1,48.7,3.5,103.4-2.5c54.7-6,106.2-25.6,106.2-25.6V0H0v30.3c0,0,72,32.6,158.4,30.5c39.2-0.7,92.8-6.7,134-22.4\n\tc21.2-8.1,52.2-18.2,79.7-24.2C399.3,7.9,411.6,7.5,421.9,6.5z\"\/>\n<\/svg>\t\t<\/div>\n\t\t\t\t<div class=\"elementor-shape elementor-shape-bottom\" aria-hidden=\"true\" data-negative=\"false\">\n\t\t\t<svg xmlns=\"http:\/\/www.w3.org\/2000\/svg\" viewBox=\"0 0 1000 100\" preserveAspectRatio=\"none\">\n\t<path class=\"elementor-shape-fill\" d=\"M421.9,6.5c22.6-2.5,51.5,0.4,75.5,5.3c23.6,4.9,70.9,23.5,100.5,35.7c75.8,32.2,133.7,44.5,192.6,49.7\n\tc23.6,2.1,48.7,3.5,103.4-2.5c54.7-6,106.2-25.6,106.2-25.6V0H0v30.3c0,0,72,32.6,158.4,30.5c39.2-0.7,92.8-6.7,134-22.4\n\tc21.2-8.1,52.2-18.2,79.7-24.2C399.3,7.9,411.6,7.5,421.9,6.5z\"\/>\n<\/svg>\t\t<\/div>\n\t\t\t\t<div class=\"elementor-element elementor-element-8e08ff4 elementor-widget elementor-widget-spacer\" data-id=\"8e08ff4\" data-element_type=\"widget\" data-e-type=\"widget\" data-widget_type=\"spacer.default\">\n\t\t\t\t<div class=\"elementor-widget-container\">\n\t\t\t\t\t\t\t<div class=\"elementor-spacer\">\n\t\t\t<div class=\"elementor-spacer-inner\"><\/div>\n\t\t<\/div>\n\t\t\t\t\t\t<\/div>\n\t\t\t\t<\/div>\n\t\t\t\t<div class=\"elementor-element elementor-element-37308cb elementor-widget__width-initial elementor-widget elementor-widget-heading\" data-id=\"37308cb\" data-element_type=\"widget\" data-e-type=\"widget\" data-widget_type=\"heading.default\">\n\t\t\t\t<div class=\"elementor-widget-container\">\n\t\t\t\t\t<h1 class=\"elementor-heading-title elementor-size-default\">Elle Lingerie<\/h1>\t\t\t\t<\/div>\n\t\t\t\t<\/div>\n\t\t\t\t<div class=\"elementor-element elementor-element-e976862 elementor-widget__width-initial elementor-widget elementor-widget-text-editor\" data-id=\"e976862\" data-element_type=\"widget\" data-e-type=\"widget\" data-widget_type=\"text-editor.default\">\n\t\t\t\t<div class=\"elementor-widget-container\">\n\t\t\t\t\t\t\t\t\t<p>Projet personnel sur la conception et r\u00e9alisation d&rsquo;un logo pour une marque de lingerie f\u00e9minine.<br>Conception d&rsquo;une illustration pour l&rsquo;identit\u00e9 visuelle et d&rsquo;un flyer pour la communication visuelle.<\/p>\n<p>Le nom de marque \u00ab\u00a0Elle\u00a0\u00bb enti\u00e8rement trac\u00e9 \u00e0 la main pour une identit\u00e9 unique.<br>Une \u00e9criture manuscrite ronde et inscrite dans un mouvement courb\u00e9 afin de&nbsp; marquer sensualit\u00e9 et f\u00e9minit\u00e9.<br>Un trac\u00e9 humain pour sugg\u00e9rer des valeurs humaines et proches des besoins de la femme et de toutes les femmes. Un logo pens\u00e9 pour une marque qui se veut \u00eatre la repr\u00e9sentante de toutes les formes selon toutes les morphologies, une marque pens\u00e9e par les femmes avec des mati\u00e8res douces et respectueuses de la peau.<br>C&rsquo;est pourquoi le rose poudr\u00e9 prend vie afin d&rsquo;appuyer la douceur, la l\u00e9g\u00e8ret\u00e9 et le confort.<br>Se sentir f\u00e9minine tout en se sentant naturelle. Une touche de sensualit\u00e9 m\u00eal\u00e9e \u00e0 l&rsquo;authenticit\u00e9.&nbsp;<\/p>\t\t\t\t\t\t\t\t<\/div>\n\t\t\t\t<\/div>\n\t\t\t\t<div class=\"elementor-element elementor-element-54317cf elementor-widget elementor-widget-spacer\" data-id=\"54317cf\" data-element_type=\"widget\" data-e-type=\"widget\" data-widget_type=\"spacer.default\">\n\t\t\t\t<div class=\"elementor-widget-container\">\n\t\t\t\t\t\t\t<div class=\"elementor-spacer\">\n\t\t\t<div class=\"elementor-spacer-inner\"><\/div>\n\t\t<\/div>\n\t\t\t\t\t\t<\/div>\n\t\t\t\t<\/div>\n\t\t\t\t\t<\/div>\n\t\t\t\t<\/div>\n\t\t<div class=\"elementor-element elementor-element-0bb5614 e-flex e-con-boxed qodef-elementor-content-no e-con e-parent\" data-id=\"0bb5614\" data-element_type=\"container\" data-e-type=\"container\">\n\t\t\t\t\t<div class=\"e-con-inner\">\n\t\t\t\t<div class=\"elementor-element elementor-element-2dabed9 elementor-widget elementor-widget-spacer\" data-id=\"2dabed9\" data-element_type=\"widget\" data-e-type=\"widget\" data-widget_type=\"spacer.default\">\n\t\t\t\t<div class=\"elementor-widget-container\">\n\t\t\t\t\t\t\t<div class=\"elementor-spacer\">\n\t\t\t<div class=\"elementor-spacer-inner\"><\/div>\n\t\t<\/div>\n\t\t\t\t\t\t<\/div>\n\t\t\t\t<\/div>\n\t\t\t\t\t<\/div>\n\t\t\t\t<\/div>\n\t\t\t\t<\/div>\n\t\t","protected":false},"excerpt":{"rendered":"<p>Elle Lingerie Projet personnel sur la conception et r\u00e9alisation d&rsquo;un logo pour une marque de lingerie f\u00e9minine.Conception d&rsquo;une illustration pour l&rsquo;identit\u00e9 visuelle et d&rsquo;un flyer pour la communication visuelle. Le nom de marque \u00ab\u00a0Elle\u00a0\u00bb enti\u00e8rement trac\u00e9 \u00e0 la main pour une identit\u00e9 unique.Une \u00e9criture manuscrite ronde et inscrite dans un mouvement courb\u00e9 afin de&nbsp; marquer&#8230;<\/p>\n","protected":false},"author":1,"featured_media":0,"parent":0,"menu_order":0,"comment_status":"closed","ping_status":"closed","template":"elementor_header_footer","meta":{"_kad_post_transparent":"","_kad_post_title":"hide","_kad_post_layout":"fullwidth","_kad_post_sidebar_id":"","_kad_post_content_style":"unboxed","_kad_post_vertical_padding":"hide","_kad_post_feature":"hide","_kad_post_feature_position":"","_kad_post_header":false,"_kad_post_footer":false,"_kad_post_classname":"","footnotes":""},"class_list":["post-1877","page","type-page","status-publish","hentry"],"yoast_head":"<!-- This site is optimized with the Yoast SEO plugin v27.4 - https:\/\/yoast.com\/product\/yoast-seo-wordpress\/ -->\n<title>Elle lingerie -<\/title>\n<meta name=\"robots\" content=\"index, follow, max-snippet:-1, max-image-preview:large, max-video-preview:-1\" \/>\n<link rel=\"canonical\" href=\"https:\/\/www.vigraphie.fr\/index.php\/elle-lingerie\/\" \/>\n<meta property=\"og:locale\" content=\"fr_FR\" \/>\n<meta property=\"og:type\" content=\"article\" \/>\n<meta property=\"og:title\" content=\"Elle lingerie -\" \/>\n<meta property=\"og:description\" content=\"Elle Lingerie Projet personnel sur la conception et r\u00e9alisation d&rsquo;un logo pour une marque de lingerie f\u00e9minine.Conception d&rsquo;une illustration pour l&rsquo;identit\u00e9 visuelle et d&rsquo;un flyer pour la communication visuelle. Le nom de marque \u00ab\u00a0Elle\u00a0\u00bb enti\u00e8rement trac\u00e9 \u00e0 la main pour une identit\u00e9 unique.Une \u00e9criture manuscrite ronde et inscrite dans un mouvement courb\u00e9 afin de&nbsp; marquer...\" \/>\n<meta property=\"og:url\" content=\"https:\/\/www.vigraphie.fr\/index.php\/elle-lingerie\/\" \/>\n<meta property=\"article:modified_time\" content=\"2026-04-27T13:44:55+00:00\" \/>\n<meta property=\"og:image\" content=\"https:\/\/www.vigraphie.fr\/wp-content\/uploads\/Fichier-81xxhdpi.jpg\" \/>\n\t<meta property=\"og:image:width\" content=\"1036\" \/>\n\t<meta property=\"og:image:height\" content=\"768\" \/>\n\t<meta property=\"og:image:type\" content=\"image\/jpeg\" \/>\n<meta name=\"twitter:card\" content=\"summary_large_image\" \/>\n<meta name=\"twitter:label1\" content=\"Dur\u00e9e de lecture estim\u00e9e\" \/>\n\t<meta name=\"twitter:data1\" content=\"3 minutes\" \/>\n<script type=\"application\/ld+json\" class=\"yoast-schema-graph\">{\"@context\":\"https:\\\/\\\/schema.org\",\"@graph\":[{\"@type\":\"WebPage\",\"@id\":\"https:\\\/\\\/www.vigraphie.fr\\\/index.php\\\/elle-lingerie\\\/\",\"url\":\"https:\\\/\\\/www.vigraphie.fr\\\/index.php\\\/elle-lingerie\\\/\",\"name\":\"Elle lingerie -\",\"isPartOf\":{\"@id\":\"https:\\\/\\\/www.vigraphie.fr\\\/#website\"},\"primaryImageOfPage\":{\"@id\":\"https:\\\/\\\/www.vigraphie.fr\\\/index.php\\\/elle-lingerie\\\/#primaryimage\"},\"image\":{\"@id\":\"https:\\\/\\\/www.vigraphie.fr\\\/index.php\\\/elle-lingerie\\\/#primaryimage\"},\"thumbnailUrl\":\"https:\\\/\\\/www.vigraphie.fr\\\/wp-content\\\/uploads\\\/Fichier-81xxhdpi-1024x759.jpg\",\"datePublished\":\"2026-03-30T19:57:27+00:00\",\"dateModified\":\"2026-04-27T13:44:55+00:00\",\"breadcrumb\":{\"@id\":\"https:\\\/\\\/www.vigraphie.fr\\\/index.php\\\/elle-lingerie\\\/#breadcrumb\"},\"inLanguage\":\"fr-FR\",\"potentialAction\":[{\"@type\":\"ReadAction\",\"target\":[\"https:\\\/\\\/www.vigraphie.fr\\\/index.php\\\/elle-lingerie\\\/\"]}]},{\"@type\":\"ImageObject\",\"inLanguage\":\"fr-FR\",\"@id\":\"https:\\\/\\\/www.vigraphie.fr\\\/index.php\\\/elle-lingerie\\\/#primaryimage\",\"url\":\"https:\\\/\\\/www.vigraphie.fr\\\/wp-content\\\/uploads\\\/Fichier-81xxhdpi.jpg\",\"contentUrl\":\"https:\\\/\\\/www.vigraphie.fr\\\/wp-content\\\/uploads\\\/Fichier-81xxhdpi.jpg\",\"width\":1036,\"height\":768,\"caption\":\"Vi.Graphie identit\u00e9 visuelle mode f\u00e9minine graphisme\"},{\"@type\":\"BreadcrumbList\",\"@id\":\"https:\\\/\\\/www.vigraphie.fr\\\/index.php\\\/elle-lingerie\\\/#breadcrumb\",\"itemListElement\":[{\"@type\":\"ListItem\",\"position\":1,\"name\":\"Accueil\",\"item\":\"https:\\\/\\\/www.vigraphie.fr\\\/\"},{\"@type\":\"ListItem\",\"position\":2,\"name\":\"Elle lingerie\"}]},{\"@type\":\"WebSite\",\"@id\":\"https:\\\/\\\/www.vigraphie.fr\\\/#website\",\"url\":\"https:\\\/\\\/www.vigraphie.fr\\\/\",\"name\":\"\",\"description\":\"\",\"potentialAction\":[{\"@type\":\"SearchAction\",\"target\":{\"@type\":\"EntryPoint\",\"urlTemplate\":\"https:\\\/\\\/www.vigraphie.fr\\\/?s={search_term_string}\"},\"query-input\":{\"@type\":\"PropertyValueSpecification\",\"valueRequired\":true,\"valueName\":\"search_term_string\"}}],\"inLanguage\":\"fr-FR\"}]}<\/script>\n<!-- \/ Yoast SEO plugin. -->","yoast_head_json":{"title":"Elle lingerie -","robots":{"index":"index","follow":"follow","max-snippet":"max-snippet:-1","max-image-preview":"max-image-preview:large","max-video-preview":"max-video-preview:-1"},"canonical":"https:\/\/www.vigraphie.fr\/index.php\/elle-lingerie\/","og_locale":"fr_FR","og_type":"article","og_title":"Elle lingerie -","og_description":"Elle Lingerie Projet personnel sur la conception et r\u00e9alisation d&rsquo;un logo pour une marque de lingerie f\u00e9minine.Conception d&rsquo;une illustration pour l&rsquo;identit\u00e9 visuelle et d&rsquo;un flyer pour la communication visuelle. Le nom de marque \u00ab\u00a0Elle\u00a0\u00bb enti\u00e8rement trac\u00e9 \u00e0 la main pour une identit\u00e9 unique.Une \u00e9criture manuscrite ronde et inscrite dans un mouvement courb\u00e9 afin de&nbsp; marquer...","og_url":"https:\/\/www.vigraphie.fr\/index.php\/elle-lingerie\/","article_modified_time":"2026-04-27T13:44:55+00:00","og_image":[{"width":1036,"height":768,"url":"https:\/\/www.vigraphie.fr\/wp-content\/uploads\/Fichier-81xxhdpi.jpg","type":"image\/jpeg"}],"twitter_card":"summary_large_image","twitter_misc":{"Dur\u00e9e de lecture estim\u00e9e":"3 minutes"},"schema":{"@context":"https:\/\/schema.org","@graph":[{"@type":"WebPage","@id":"https:\/\/www.vigraphie.fr\/index.php\/elle-lingerie\/","url":"https:\/\/www.vigraphie.fr\/index.php\/elle-lingerie\/","name":"Elle lingerie -","isPartOf":{"@id":"https:\/\/www.vigraphie.fr\/#website"},"primaryImageOfPage":{"@id":"https:\/\/www.vigraphie.fr\/index.php\/elle-lingerie\/#primaryimage"},"image":{"@id":"https:\/\/www.vigraphie.fr\/index.php\/elle-lingerie\/#primaryimage"},"thumbnailUrl":"https:\/\/www.vigraphie.fr\/wp-content\/uploads\/Fichier-81xxhdpi-1024x759.jpg","datePublished":"2026-03-30T19:57:27+00:00","dateModified":"2026-04-27T13:44:55+00:00","breadcrumb":{"@id":"https:\/\/www.vigraphie.fr\/index.php\/elle-lingerie\/#breadcrumb"},"inLanguage":"fr-FR","potentialAction":[{"@type":"ReadAction","target":["https:\/\/www.vigraphie.fr\/index.php\/elle-lingerie\/"]}]},{"@type":"ImageObject","inLanguage":"fr-FR","@id":"https:\/\/www.vigraphie.fr\/index.php\/elle-lingerie\/#primaryimage","url":"https:\/\/www.vigraphie.fr\/wp-content\/uploads\/Fichier-81xxhdpi.jpg","contentUrl":"https:\/\/www.vigraphie.fr\/wp-content\/uploads\/Fichier-81xxhdpi.jpg","width":1036,"height":768,"caption":"Vi.Graphie identit\u00e9 visuelle mode f\u00e9minine graphisme"},{"@type":"BreadcrumbList","@id":"https:\/\/www.vigraphie.fr\/index.php\/elle-lingerie\/#breadcrumb","itemListElement":[{"@type":"ListItem","position":1,"name":"Accueil","item":"https:\/\/www.vigraphie.fr\/"},{"@type":"ListItem","position":2,"name":"Elle lingerie"}]},{"@type":"WebSite","@id":"https:\/\/www.vigraphie.fr\/#website","url":"https:\/\/www.vigraphie.fr\/","name":"","description":"","potentialAction":[{"@type":"SearchAction","target":{"@type":"EntryPoint","urlTemplate":"https:\/\/www.vigraphie.fr\/?s={search_term_string}"},"query-input":{"@type":"PropertyValueSpecification","valueRequired":true,"valueName":"search_term_string"}}],"inLanguage":"fr-FR"}]}},"_links":{"self":[{"href":"https:\/\/www.vigraphie.fr\/index.php\/wp-json\/wp\/v2\/pages\/1877","targetHints":{"allow":["GET"]}}],"collection":[{"href":"https:\/\/www.vigraphie.fr\/index.php\/wp-json\/wp\/v2\/pages"}],"about":[{"href":"https:\/\/www.vigraphie.fr\/index.php\/wp-json\/wp\/v2\/types\/page"}],"author":[{"embeddable":true,"href":"https:\/\/www.vigraphie.fr\/index.php\/wp-json\/wp\/v2\/users\/1"}],"replies":[{"embeddable":true,"href":"https:\/\/www.vigraphie.fr\/index.php\/wp-json\/wp\/v2\/comments?post=1877"}],"version-history":[{"count":37,"href":"https:\/\/www.vigraphie.fr\/index.php\/wp-json\/wp\/v2\/pages\/1877\/revisions"}],"predecessor-version":[{"id":3836,"href":"https:\/\/www.vigraphie.fr\/index.php\/wp-json\/wp\/v2\/pages\/1877\/revisions\/3836"}],"wp:attachment":[{"href":"https:\/\/www.vigraphie.fr\/index.php\/wp-json\/wp\/v2\/media?parent=1877"}],"curies":[{"name":"wp","href":"https:\/\/api.w.org\/{rel}","templated":true}]}}