{"id":1721,"date":"2026-03-11T22:02:30","date_gmt":"2026-03-11T21:02:30","guid":{"rendered":"http:\/\/vigraphie.local\/?page_id=1721"},"modified":"2026-04-27T15:43:01","modified_gmt":"2026-04-27T13:43:01","slug":"helene-champion","status":"publish","type":"page","link":"https:\/\/www.vigraphie.fr\/index.php\/helene-champion\/","title":{"rendered":"H\u00e9l\u00e8ne Champion"},"content":{"rendered":"\t\t<div data-elementor-type=\"wp-page\" data-elementor-id=\"1721\" class=\"elementor elementor-1721\">\n\t\t\t\t<div class=\"elementor-element elementor-element-3b2f5e0 e-flex e-con-boxed qodef-elementor-content-no e-con e-parent\" data-id=\"3b2f5e0\" data-element_type=\"container\" data-e-type=\"container\" data-settings=\"{&quot;background_background&quot;:&quot;classic&quot;}\">\n\t\t\t\t\t<div class=\"e-con-inner\">\n\t\t\t\t\t<\/div>\n\t\t\t\t<\/div>\n\t\t<div class=\"elementor-element elementor-element-39bf161 e-flex e-con-boxed qodef-elementor-content-no elementor-invisible e-con e-parent\" data-id=\"39bf161\" data-element_type=\"container\" data-e-type=\"container\" data-settings=\"{&quot;animation&quot;:&quot;fadeIn&quot;}\">\n\t\t\t\t\t<div class=\"e-con-inner\">\n\t\t<div class=\"elementor-element elementor-element-7070400 e-con-full e-flex qodef-elementor-content-no e-con e-child\" data-id=\"7070400\" data-element_type=\"container\" data-e-type=\"container\">\n\t\t\t\t<div class=\"elementor-element elementor-element-104f0a2 elementor-widget elementor-widget-spacer\" data-id=\"104f0a2\" data-element_type=\"widget\" data-e-type=\"widget\" data-widget_type=\"spacer.default\">\n\t\t\t\t<div class=\"elementor-widget-container\">\n\t\t\t\t\t\t\t<div class=\"elementor-spacer\">\n\t\t\t<div class=\"elementor-spacer-inner\"><\/div>\n\t\t<\/div>\n\t\t\t\t\t\t<\/div>\n\t\t\t\t<\/div>\n\t\t\t\t<div class=\"elementor-element elementor-element-41b82b2 elementor-widget__width-initial elementor-widget elementor-widget-image\" data-id=\"41b82b2\" data-element_type=\"widget\" data-e-type=\"widget\" data-widget_type=\"image.default\">\n\t\t\t\t<div class=\"elementor-widget-container\">\n\t\t\t\t\t\t\t\t\t\t\t\t\t\t\t<img fetchpriority=\"high\" decoding=\"async\" width=\"800\" height=\"981\" src=\"https:\/\/www.vigraphie.fr\/wp-content\/uploads\/Vi.Graphie-kinesiologie-equilibre-emotionnel.webp\" class=\"attachment-large size-large wp-image-1725\" alt=\"Vi.Graphie graphiste multim\u00e9dia identit\u00e9 visuelle pour kin\u00e9siologie\" srcset=\"https:\/\/www.vigraphie.fr\/wp-content\/uploads\/Vi.Graphie-kinesiologie-equilibre-emotionnel.webp 800w, https:\/\/www.vigraphie.fr\/wp-content\/uploads\/Vi.Graphie-kinesiologie-equilibre-emotionnel-245x300.webp 245w, https:\/\/www.vigraphie.fr\/wp-content\/uploads\/Vi.Graphie-kinesiologie-equilibre-emotionnel-768x942.webp 768w\" sizes=\"(max-width: 800px) 100vw, 800px\" \/>\t\t\t\t\t\t\t\t\t\t\t\t\t\t\t<\/div>\n\t\t\t\t<\/div>\n\t\t\t\t<\/div>\n\t\t<div class=\"elementor-element elementor-element-7d7c217 e-con-full e-flex qodef-elementor-content-no e-con e-child\" data-id=\"7d7c217\" data-element_type=\"container\" data-e-type=\"container\">\n\t\t<div class=\"elementor-element elementor-element-0c0bbbf e-con-full e-flex qodef-elementor-content-no e-con e-child\" data-id=\"0c0bbbf\" data-element_type=\"container\" data-e-type=\"container\">\n\t\t\t\t<div class=\"elementor-element elementor-element-6a44936 elementor-widget elementor-widget-spacer\" data-id=\"6a44936\" data-element_type=\"widget\" data-e-type=\"widget\" data-widget_type=\"spacer.default\">\n\t\t\t\t<div class=\"elementor-widget-container\">\n\t\t\t\t\t\t\t<div class=\"elementor-spacer\">\n\t\t\t<div class=\"elementor-spacer-inner\"><\/div>\n\t\t<\/div>\n\t\t\t\t\t\t<\/div>\n\t\t\t\t<\/div>\n\t\t\t\t<div class=\"elementor-element elementor-element-1c0b0c5 elementor-widget__width-initial elementor-widget elementor-widget-image\" data-id=\"1c0b0c5\" data-element_type=\"widget\" data-e-type=\"widget\" data-widget_type=\"image.default\">\n\t\t\t\t<div class=\"elementor-widget-container\">\n\t\t\t\t\t\t\t\t\t\t\t\t\t\t\t<img decoding=\"async\" width=\"1024\" height=\"768\" src=\"https:\/\/www.vigraphie.fr\/wp-content\/uploads\/Vi.Graphie-identite-visuelle-kinesiologue-1024x768.webp\" class=\"attachment-large size-large wp-image-1727\" alt=\"Vi.Graphie identit\u00e9 visuelle carte de visite kin\u00e9siologue\" srcset=\"https:\/\/www.vigraphie.fr\/wp-content\/uploads\/Vi.Graphie-identite-visuelle-kinesiologue-1024x768.webp 1024w, https:\/\/www.vigraphie.fr\/wp-content\/uploads\/Vi.Graphie-identite-visuelle-kinesiologue-300x225.webp 300w, https:\/\/www.vigraphie.fr\/wp-content\/uploads\/Vi.Graphie-identite-visuelle-kinesiologue-768x576.webp 768w, https:\/\/www.vigraphie.fr\/wp-content\/uploads\/Vi.Graphie-identite-visuelle-kinesiologue.webp 1067w\" sizes=\"(max-width: 1024px) 100vw, 1024px\" \/>\t\t\t\t\t\t\t\t\t\t\t\t\t\t\t<\/div>\n\t\t\t\t<\/div>\n\t\t\t\t<\/div>\n\t\t<div class=\"elementor-element elementor-element-0c93310 e-con-full e-flex qodef-elementor-content-no e-con e-child\" data-id=\"0c93310\" data-element_type=\"container\" data-e-type=\"container\">\n\t\t\t\t<div class=\"elementor-element elementor-element-62538c9 elementor-widget__width-initial elementor-widget elementor-widget-image\" data-id=\"62538c9\" data-element_type=\"widget\" data-e-type=\"widget\" data-widget_type=\"image.default\">\n\t\t\t\t<div class=\"elementor-widget-container\">\n\t\t\t\t\t\t\t\t\t\t\t\t\t\t\t<img decoding=\"async\" width=\"1024\" height=\"683\" src=\"https:\/\/www.vigraphie.fr\/wp-content\/uploads\/Vi.Graphie-graphiste-Flyer-kinesiologue-1024x683.webp\" class=\"attachment-large size-large wp-image-1728\" alt=\"Vi.Graphie graphiste multim\u00e9dia Flyer kinesiologue\" srcset=\"https:\/\/www.vigraphie.fr\/wp-content\/uploads\/Vi.Graphie-graphiste-Flyer-kinesiologue-1024x683.webp 1024w, https:\/\/www.vigraphie.fr\/wp-content\/uploads\/Vi.Graphie-graphiste-Flyer-kinesiologue-300x200.webp 300w, https:\/\/www.vigraphie.fr\/wp-content\/uploads\/Vi.Graphie-graphiste-Flyer-kinesiologue-768x512.webp 768w, https:\/\/www.vigraphie.fr\/wp-content\/uploads\/Vi.Graphie-graphiste-Flyer-kinesiologue-1536x1024.webp 1536w, https:\/\/www.vigraphie.fr\/wp-content\/uploads\/Vi.Graphie-graphiste-Flyer-kinesiologue-2048x1365.webp 2048w\" sizes=\"(max-width: 1024px) 100vw, 1024px\" \/>\t\t\t\t\t\t\t\t\t\t\t\t\t\t\t<\/div>\n\t\t\t\t<\/div>\n\t\t\t\t<\/div>\n\t\t\t\t<\/div>\n\t\t\t\t\t<\/div>\n\t\t\t\t<\/div>\n\t\t<div class=\"elementor-element elementor-element-664cec6 e-flex e-con-boxed qodef-elementor-content-no e-con e-parent\" data-id=\"664cec6\" data-element_type=\"container\" data-e-type=\"container\">\n\t\t\t\t\t<div class=\"e-con-inner\">\n\t\t\t\t<div class=\"elementor-element elementor-element-2bfbe3a elementor-widget elementor-widget-spacer\" data-id=\"2bfbe3a\" data-element_type=\"widget\" data-e-type=\"widget\" data-widget_type=\"spacer.default\">\n\t\t\t\t<div class=\"elementor-widget-container\">\n\t\t\t\t\t\t\t<div class=\"elementor-spacer\">\n\t\t\t<div class=\"elementor-spacer-inner\"><\/div>\n\t\t<\/div>\n\t\t\t\t\t\t<\/div>\n\t\t\t\t<\/div>\n\t\t\t\t\t<\/div>\n\t\t\t\t<\/div>\n\t\t<div class=\"elementor-element elementor-element-0ad2166 e-flex e-con-boxed qodef-elementor-content-no e-con e-parent\" data-id=\"0ad2166\" data-element_type=\"container\" data-e-type=\"container\" data-settings=\"{&quot;shape_divider_top&quot;:&quot;waves&quot;,&quot;shape_divider_bottom&quot;:&quot;waves&quot;}\">\n\t\t\t\t\t<div class=\"e-con-inner\">\n\t\t\t\t<div class=\"elementor-shape elementor-shape-top\" aria-hidden=\"true\" data-negative=\"false\">\n\t\t\t<svg xmlns=\"http:\/\/www.w3.org\/2000\/svg\" viewBox=\"0 0 1000 100\" preserveAspectRatio=\"none\">\n\t<path class=\"elementor-shape-fill\" d=\"M421.9,6.5c22.6-2.5,51.5,0.4,75.5,5.3c23.6,4.9,70.9,23.5,100.5,35.7c75.8,32.2,133.7,44.5,192.6,49.7\n\tc23.6,2.1,48.7,3.5,103.4-2.5c54.7-6,106.2-25.6,106.2-25.6V0H0v30.3c0,0,72,32.6,158.4,30.5c39.2-0.7,92.8-6.7,134-22.4\n\tc21.2-8.1,52.2-18.2,79.7-24.2C399.3,7.9,411.6,7.5,421.9,6.5z\"\/>\n<\/svg>\t\t<\/div>\n\t\t\t\t<div class=\"elementor-shape elementor-shape-bottom\" aria-hidden=\"true\" data-negative=\"false\">\n\t\t\t<svg xmlns=\"http:\/\/www.w3.org\/2000\/svg\" viewBox=\"0 0 1000 100\" preserveAspectRatio=\"none\">\n\t<path class=\"elementor-shape-fill\" d=\"M421.9,6.5c22.6-2.5,51.5,0.4,75.5,5.3c23.6,4.9,70.9,23.5,100.5,35.7c75.8,32.2,133.7,44.5,192.6,49.7\n\tc23.6,2.1,48.7,3.5,103.4-2.5c54.7-6,106.2-25.6,106.2-25.6V0H0v30.3c0,0,72,32.6,158.4,30.5c39.2-0.7,92.8-6.7,134-22.4\n\tc21.2-8.1,52.2-18.2,79.7-24.2C399.3,7.9,411.6,7.5,421.9,6.5z\"\/>\n<\/svg>\t\t<\/div>\n\t\t\t\t<div class=\"elementor-element elementor-element-1c84b8a elementor-widget__width-initial elementor-widget elementor-widget-heading\" data-id=\"1c84b8a\" data-element_type=\"widget\" data-e-type=\"widget\" data-widget_type=\"heading.default\">\n\t\t\t\t<div class=\"elementor-widget-container\">\n\t\t\t\t\t<h1 class=\"elementor-heading-title elementor-size-default\">H\u00e9l\u00e8ne Champion kin\u00e9siologue<\/h1>\t\t\t\t<\/div>\n\t\t\t\t<\/div>\n\t\t\t\t<div class=\"elementor-element elementor-element-abc5cab elementor-widget__width-initial elementor-widget elementor-widget-heading\" data-id=\"abc5cab\" data-element_type=\"widget\" data-e-type=\"widget\" data-widget_type=\"heading.default\">\n\t\t\t\t<div class=\"elementor-widget-container\">\n\t\t\t\t\t<h2 class=\"elementor-heading-title elementor-size-default\">Mission<\/h2>\t\t\t\t<\/div>\n\t\t\t\t<\/div>\n\t\t\t\t<div class=\"elementor-element elementor-element-6652da5 elementor-widget__width-initial elementor-widget elementor-widget-text-editor\" data-id=\"6652da5\" data-element_type=\"widget\" data-e-type=\"widget\" data-widget_type=\"text-editor.default\">\n\t\t\t\t<div class=\"elementor-widget-container\">\n\t\t\t\t\t\t\t\t\t<p>H\u00e9l\u00e8ne Champion a suivi une formation de kin\u00e9siologie en vue d&rsquo;une reconversion. Le projet est en cours et elle a fait appel \u00e0 moi pour penser son logo et son identit\u00e9 visuelle. Des supports graphiques pour d\u00e9marrer tels que des cartes de visite et un flyer.&nbsp;<\/p>\n<p>Son d\u00e9sir de faire r\u00e9f\u00e9rence au lumniscate, symbol de l&rsquo;infini, \u00e9tait tr\u00e8s pr\u00e9sent et important. Les valeurs aussi de l\u00e9g\u00e8ret\u00e9 et de profondeur dans la lib\u00e9ration des \u00e9motions bloqu\u00e9es \u00e9taient une vraie piste de r\u00e9flexion. Il \u00e9tait aussi essentiel que la bienveillance dans l&rsquo;accompagnement propos\u00e9, sa douceur et sa finesse dans l&rsquo;\u00e9coute et l&rsquo;approche soient exprim\u00e9es.<\/p>\n<p>Il en d\u00e9coule de ce travail donc un logo \u00e9pur\u00e9 rappelant ce mouvement de l&rsquo;infini et sugg\u00e9rant aussi douceur, \u00e9nergie et s\u00e9curit\u00e9. Un bleu canard intense faisant \u00e9cho \u00e0 notre int\u00e9riorit\u00e9, nos \u00e9motions mais aussi au calme et \u00e0 la confiance.<br>Un jaune \u00ab\u00a0peau dor\u00e9e\u00a0\u00bb pour la r\u00e9f\u00e9rence au corps et son c\u00f4t\u00e9 lumineux pour renforcer la mieux-\u00eatre une fois que les tensions et les blocages sont identifi\u00e9s et lib\u00e9r\u00e9s.<\/p>\t\t\t\t\t\t\t\t<\/div>\n\t\t\t\t<\/div>\n\t\t\t\t\t<\/div>\n\t\t\t\t<\/div>\n\t\t<div class=\"elementor-element elementor-element-4db4e8f e-flex e-con-boxed qodef-elementor-content-no e-con e-parent\" data-id=\"4db4e8f\" data-element_type=\"container\" data-e-type=\"container\">\n\t\t\t\t\t<div class=\"e-con-inner\">\n\t\t\t\t<div class=\"elementor-element elementor-element-c09c44f elementor-widget elementor-widget-spacer\" data-id=\"c09c44f\" data-element_type=\"widget\" data-e-type=\"widget\" data-widget_type=\"spacer.default\">\n\t\t\t\t<div class=\"elementor-widget-container\">\n\t\t\t\t\t\t\t<div class=\"elementor-spacer\">\n\t\t\t<div class=\"elementor-spacer-inner\"><\/div>\n\t\t<\/div>\n\t\t\t\t\t\t<\/div>\n\t\t\t\t<\/div>\n\t\t\t\t\t<\/div>\n\t\t\t\t<\/div>\n\t\t\t\t<\/div>\n\t\t","protected":false},"excerpt":{"rendered":"<p>H\u00e9l\u00e8ne Champion kin\u00e9siologue Mission H\u00e9l\u00e8ne Champion a suivi une formation de kin\u00e9siologie en vue d&rsquo;une reconversion. Le projet est en cours et elle a fait appel \u00e0 moi pour penser son logo et son identit\u00e9 visuelle. Des supports graphiques pour d\u00e9marrer tels que des cartes de visite et un flyer.&nbsp; Son d\u00e9sir de faire r\u00e9f\u00e9rence&#8230;<\/p>\n","protected":false},"author":1,"featured_media":0,"parent":0,"menu_order":0,"comment_status":"closed","ping_status":"closed","template":"elementor_header_footer","meta":{"_kad_post_transparent":"","_kad_post_title":"hide","_kad_post_layout":"fullwidth","_kad_post_sidebar_id":"","_kad_post_content_style":"unboxed","_kad_post_vertical_padding":"hide","_kad_post_feature":"hide","_kad_post_feature_position":"","_kad_post_header":false,"_kad_post_footer":false,"_kad_post_classname":"","footnotes":""},"class_list":["post-1721","page","type-page","status-publish","hentry"],"yoast_head":"<!-- This site is optimized with the Yoast SEO plugin v27.4 - https:\/\/yoast.com\/product\/yoast-seo-wordpress\/ -->\n<title>H\u00e9l\u00e8ne Champion -<\/title>\n<meta name=\"robots\" content=\"index, follow, max-snippet:-1, max-image-preview:large, max-video-preview:-1\" \/>\n<link rel=\"canonical\" href=\"https:\/\/www.vigraphie.fr\/index.php\/helene-champion\/\" \/>\n<meta property=\"og:locale\" content=\"fr_FR\" \/>\n<meta property=\"og:type\" content=\"article\" \/>\n<meta property=\"og:title\" content=\"H\u00e9l\u00e8ne Champion -\" \/>\n<meta property=\"og:description\" content=\"H\u00e9l\u00e8ne Champion kin\u00e9siologue Mission H\u00e9l\u00e8ne Champion a suivi une formation de kin\u00e9siologie en vue d&rsquo;une reconversion. Le projet est en cours et elle a fait appel \u00e0 moi pour penser son logo et son identit\u00e9 visuelle. Des supports graphiques pour d\u00e9marrer tels que des cartes de visite et un flyer.&nbsp; Son d\u00e9sir de faire r\u00e9f\u00e9rence...\" \/>\n<meta property=\"og:url\" content=\"https:\/\/www.vigraphie.fr\/index.php\/helene-champion\/\" \/>\n<meta property=\"article:modified_time\" content=\"2026-04-27T13:43:01+00:00\" \/>\n<meta property=\"og:image\" content=\"https:\/\/www.vigraphie.fr\/wp-content\/uploads\/Vi.Graphie-kinesiologie-equilibre-emotionnel.webp\" \/>\n\t<meta property=\"og:image:width\" content=\"800\" \/>\n\t<meta property=\"og:image:height\" content=\"981\" \/>\n\t<meta property=\"og:image:type\" content=\"image\/webp\" \/>\n<meta name=\"twitter:card\" content=\"summary_large_image\" \/>\n<meta name=\"twitter:label1\" content=\"Dur\u00e9e de lecture estim\u00e9e\" \/>\n\t<meta name=\"twitter:data1\" content=\"2 minutes\" \/>\n<script type=\"application\/ld+json\" class=\"yoast-schema-graph\">{\"@context\":\"https:\\\/\\\/schema.org\",\"@graph\":[{\"@type\":\"WebPage\",\"@id\":\"https:\\\/\\\/www.vigraphie.fr\\\/index.php\\\/helene-champion\\\/\",\"url\":\"https:\\\/\\\/www.vigraphie.fr\\\/index.php\\\/helene-champion\\\/\",\"name\":\"H\u00e9l\u00e8ne Champion -\",\"isPartOf\":{\"@id\":\"https:\\\/\\\/www.vigraphie.fr\\\/#website\"},\"primaryImageOfPage\":{\"@id\":\"https:\\\/\\\/www.vigraphie.fr\\\/index.php\\\/helene-champion\\\/#primaryimage\"},\"image\":{\"@id\":\"https:\\\/\\\/www.vigraphie.fr\\\/index.php\\\/helene-champion\\\/#primaryimage\"},\"thumbnailUrl\":\"https:\\\/\\\/www.vigraphie.fr\\\/wp-content\\\/uploads\\\/Vi.Graphie-kinesiologie-equilibre-emotionnel.webp\",\"datePublished\":\"2026-03-11T21:02:30+00:00\",\"dateModified\":\"2026-04-27T13:43:01+00:00\",\"breadcrumb\":{\"@id\":\"https:\\\/\\\/www.vigraphie.fr\\\/index.php\\\/helene-champion\\\/#breadcrumb\"},\"inLanguage\":\"fr-FR\",\"potentialAction\":[{\"@type\":\"ReadAction\",\"target\":[\"https:\\\/\\\/www.vigraphie.fr\\\/index.php\\\/helene-champion\\\/\"]}]},{\"@type\":\"ImageObject\",\"inLanguage\":\"fr-FR\",\"@id\":\"https:\\\/\\\/www.vigraphie.fr\\\/index.php\\\/helene-champion\\\/#primaryimage\",\"url\":\"https:\\\/\\\/www.vigraphie.fr\\\/wp-content\\\/uploads\\\/Vi.Graphie-kinesiologie-equilibre-emotionnel.webp\",\"contentUrl\":\"https:\\\/\\\/www.vigraphie.fr\\\/wp-content\\\/uploads\\\/Vi.Graphie-kinesiologie-equilibre-emotionnel.webp\",\"width\":800,\"height\":981,\"caption\":\"Vi.Graphie graphiste multim\u00e9dia identit\u00e9 visuelle pour kin\u00e9siologie\"},{\"@type\":\"BreadcrumbList\",\"@id\":\"https:\\\/\\\/www.vigraphie.fr\\\/index.php\\\/helene-champion\\\/#breadcrumb\",\"itemListElement\":[{\"@type\":\"ListItem\",\"position\":1,\"name\":\"Accueil\",\"item\":\"https:\\\/\\\/www.vigraphie.fr\\\/\"},{\"@type\":\"ListItem\",\"position\":2,\"name\":\"H\u00e9l\u00e8ne Champion\"}]},{\"@type\":\"WebSite\",\"@id\":\"https:\\\/\\\/www.vigraphie.fr\\\/#website\",\"url\":\"https:\\\/\\\/www.vigraphie.fr\\\/\",\"name\":\"\",\"description\":\"\",\"potentialAction\":[{\"@type\":\"SearchAction\",\"target\":{\"@type\":\"EntryPoint\",\"urlTemplate\":\"https:\\\/\\\/www.vigraphie.fr\\\/?s={search_term_string}\"},\"query-input\":{\"@type\":\"PropertyValueSpecification\",\"valueRequired\":true,\"valueName\":\"search_term_string\"}}],\"inLanguage\":\"fr-FR\"}]}<\/script>\n<!-- \/ Yoast SEO plugin. -->","yoast_head_json":{"title":"H\u00e9l\u00e8ne Champion -","robots":{"index":"index","follow":"follow","max-snippet":"max-snippet:-1","max-image-preview":"max-image-preview:large","max-video-preview":"max-video-preview:-1"},"canonical":"https:\/\/www.vigraphie.fr\/index.php\/helene-champion\/","og_locale":"fr_FR","og_type":"article","og_title":"H\u00e9l\u00e8ne Champion -","og_description":"H\u00e9l\u00e8ne Champion kin\u00e9siologue Mission H\u00e9l\u00e8ne Champion a suivi une formation de kin\u00e9siologie en vue d&rsquo;une reconversion. Le projet est en cours et elle a fait appel \u00e0 moi pour penser son logo et son identit\u00e9 visuelle. Des supports graphiques pour d\u00e9marrer tels que des cartes de visite et un flyer.&nbsp; Son d\u00e9sir de faire r\u00e9f\u00e9rence...","og_url":"https:\/\/www.vigraphie.fr\/index.php\/helene-champion\/","article_modified_time":"2026-04-27T13:43:01+00:00","og_image":[{"width":800,"height":981,"url":"https:\/\/www.vigraphie.fr\/wp-content\/uploads\/Vi.Graphie-kinesiologie-equilibre-emotionnel.webp","type":"image\/webp"}],"twitter_card":"summary_large_image","twitter_misc":{"Dur\u00e9e de lecture estim\u00e9e":"2 minutes"},"schema":{"@context":"https:\/\/schema.org","@graph":[{"@type":"WebPage","@id":"https:\/\/www.vigraphie.fr\/index.php\/helene-champion\/","url":"https:\/\/www.vigraphie.fr\/index.php\/helene-champion\/","name":"H\u00e9l\u00e8ne Champion -","isPartOf":{"@id":"https:\/\/www.vigraphie.fr\/#website"},"primaryImageOfPage":{"@id":"https:\/\/www.vigraphie.fr\/index.php\/helene-champion\/#primaryimage"},"image":{"@id":"https:\/\/www.vigraphie.fr\/index.php\/helene-champion\/#primaryimage"},"thumbnailUrl":"https:\/\/www.vigraphie.fr\/wp-content\/uploads\/Vi.Graphie-kinesiologie-equilibre-emotionnel.webp","datePublished":"2026-03-11T21:02:30+00:00","dateModified":"2026-04-27T13:43:01+00:00","breadcrumb":{"@id":"https:\/\/www.vigraphie.fr\/index.php\/helene-champion\/#breadcrumb"},"inLanguage":"fr-FR","potentialAction":[{"@type":"ReadAction","target":["https:\/\/www.vigraphie.fr\/index.php\/helene-champion\/"]}]},{"@type":"ImageObject","inLanguage":"fr-FR","@id":"https:\/\/www.vigraphie.fr\/index.php\/helene-champion\/#primaryimage","url":"https:\/\/www.vigraphie.fr\/wp-content\/uploads\/Vi.Graphie-kinesiologie-equilibre-emotionnel.webp","contentUrl":"https:\/\/www.vigraphie.fr\/wp-content\/uploads\/Vi.Graphie-kinesiologie-equilibre-emotionnel.webp","width":800,"height":981,"caption":"Vi.Graphie graphiste multim\u00e9dia identit\u00e9 visuelle pour kin\u00e9siologie"},{"@type":"BreadcrumbList","@id":"https:\/\/www.vigraphie.fr\/index.php\/helene-champion\/#breadcrumb","itemListElement":[{"@type":"ListItem","position":1,"name":"Accueil","item":"https:\/\/www.vigraphie.fr\/"},{"@type":"ListItem","position":2,"name":"H\u00e9l\u00e8ne Champion"}]},{"@type":"WebSite","@id":"https:\/\/www.vigraphie.fr\/#website","url":"https:\/\/www.vigraphie.fr\/","name":"","description":"","potentialAction":[{"@type":"SearchAction","target":{"@type":"EntryPoint","urlTemplate":"https:\/\/www.vigraphie.fr\/?s={search_term_string}"},"query-input":{"@type":"PropertyValueSpecification","valueRequired":true,"valueName":"search_term_string"}}],"inLanguage":"fr-FR"}]}},"_links":{"self":[{"href":"https:\/\/www.vigraphie.fr\/index.php\/wp-json\/wp\/v2\/pages\/1721","targetHints":{"allow":["GET"]}}],"collection":[{"href":"https:\/\/www.vigraphie.fr\/index.php\/wp-json\/wp\/v2\/pages"}],"about":[{"href":"https:\/\/www.vigraphie.fr\/index.php\/wp-json\/wp\/v2\/types\/page"}],"author":[{"embeddable":true,"href":"https:\/\/www.vigraphie.fr\/index.php\/wp-json\/wp\/v2\/users\/1"}],"replies":[{"embeddable":true,"href":"https:\/\/www.vigraphie.fr\/index.php\/wp-json\/wp\/v2\/comments?post=1721"}],"version-history":[{"count":31,"href":"https:\/\/www.vigraphie.fr\/index.php\/wp-json\/wp\/v2\/pages\/1721\/revisions"}],"predecessor-version":[{"id":3830,"href":"https:\/\/www.vigraphie.fr\/index.php\/wp-json\/wp\/v2\/pages\/1721\/revisions\/3830"}],"wp:attachment":[{"href":"https:\/\/www.vigraphie.fr\/index.php\/wp-json\/wp\/v2\/media?parent=1721"}],"curies":[{"name":"wp","href":"https:\/\/api.w.org\/{rel}","templated":true}]}}