{"id":1492,"date":"2026-02-02T18:22:45","date_gmt":"2026-02-02T17:22:45","guid":{"rendered":"http:\/\/vigraphie.local\/?page_id=1492"},"modified":"2026-04-27T15:46:28","modified_gmt":"2026-04-27T13:46:28","slug":"taille-nature","status":"publish","type":"page","link":"https:\/\/www.vigraphie.fr\/index.php\/taille-nature\/","title":{"rendered":"Taille Nature"},"content":{"rendered":"\t\t<div data-elementor-type=\"wp-page\" data-elementor-id=\"1492\" class=\"elementor elementor-1492\">\n\t\t\t\t<div class=\"elementor-element elementor-element-6182760 e-flex e-con-boxed qodef-elementor-content-no e-con e-parent\" data-id=\"6182760\" data-element_type=\"container\" data-e-type=\"container\" data-settings=\"{&quot;background_background&quot;:&quot;classic&quot;}\">\n\t\t\t\t\t<div class=\"e-con-inner\">\n\t\t\t\t\t<\/div>\n\t\t\t\t<\/div>\n\t\t<div class=\"elementor-element elementor-element-a1d8dc0 e-flex e-con-boxed qodef-elementor-content-no elementor-invisible e-con e-parent\" data-id=\"a1d8dc0\" data-element_type=\"container\" data-e-type=\"container\" data-settings=\"{&quot;animation&quot;:&quot;fadeIn&quot;}\">\n\t\t\t\t\t<div class=\"e-con-inner\">\n\t\t\t\t<div class=\"elementor-element elementor-element-64c334e elementor-widget elementor-widget-spacer\" data-id=\"64c334e\" data-element_type=\"widget\" data-e-type=\"widget\" data-widget_type=\"spacer.default\">\n\t\t\t\t<div class=\"elementor-widget-container\">\n\t\t\t\t\t\t\t<div class=\"elementor-spacer\">\n\t\t\t<div class=\"elementor-spacer-inner\"><\/div>\n\t\t<\/div>\n\t\t\t\t\t\t<\/div>\n\t\t\t\t<\/div>\n\t\t\t\t\t<\/div>\n\t\t\t\t<\/div>\n\t\t<div class=\"elementor-element elementor-element-61ee3f9 e-flex e-con-boxed qodef-elementor-content-no elementor-invisible e-con e-parent\" data-id=\"61ee3f9\" data-element_type=\"container\" data-e-type=\"container\" data-settings=\"{&quot;animation&quot;:&quot;fadeIn&quot;}\">\n\t\t\t\t\t<div class=\"e-con-inner\">\n\t\t<div class=\"elementor-element elementor-element-b2bcda4 e-con-full e-flex qodef-elementor-content-no e-con e-child\" data-id=\"b2bcda4\" data-element_type=\"container\" data-e-type=\"container\">\n\t\t\t\t<div class=\"elementor-element elementor-element-afc97f9 elementor-widget__width-initial elementor-widget elementor-widget-image\" data-id=\"afc97f9\" data-element_type=\"widget\" data-e-type=\"widget\" data-widget_type=\"image.default\">\n\t\t\t\t<div class=\"elementor-widget-container\">\n\t\t\t\t\t\t\t\t\t\t\t\t\t\t\t<img fetchpriority=\"high\" decoding=\"async\" width=\"1024\" height=\"476\" src=\"https:\/\/www.vigraphie.fr\/wp-content\/uploads\/Fichier-57xxxhdpi-1024x476.png\" class=\"attachment-large size-large wp-image-1496\" alt=\"Vi.Graphie identit\u00e9 visuelle Graphiste\" srcset=\"https:\/\/www.vigraphie.fr\/wp-content\/uploads\/Fichier-57xxxhdpi-1024x476.png 1024w, https:\/\/www.vigraphie.fr\/wp-content\/uploads\/Fichier-57xxxhdpi-300x140.png 300w, https:\/\/www.vigraphie.fr\/wp-content\/uploads\/Fichier-57xxxhdpi-768x357.png 768w, https:\/\/www.vigraphie.fr\/wp-content\/uploads\/Fichier-57xxxhdpi-1536x714.png 1536w, https:\/\/www.vigraphie.fr\/wp-content\/uploads\/Fichier-57xxxhdpi.png 1572w\" sizes=\"(max-width: 1024px) 100vw, 1024px\" \/>\t\t\t\t\t\t\t\t\t\t\t\t\t\t\t<\/div>\n\t\t\t\t<\/div>\n\t\t\t\t<\/div>\n\t\t<div class=\"elementor-element elementor-element-d22a12c e-con-full e-flex qodef-elementor-content-no e-con e-child\" data-id=\"d22a12c\" data-element_type=\"container\" data-e-type=\"container\">\n\t\t\t\t<div class=\"elementor-element elementor-element-646b931 elementor-widget__width-initial elementor-widget elementor-widget-image\" data-id=\"646b931\" data-element_type=\"widget\" data-e-type=\"widget\" data-widget_type=\"image.default\">\n\t\t\t\t<div class=\"elementor-widget-container\">\n\t\t\t\t\t\t\t\t\t\t\t\t\t\t\t<img decoding=\"async\" width=\"800\" height=\"678\" src=\"https:\/\/www.vigraphie.fr\/wp-content\/uploads\/Vi.Graphie-carte-visite-nature.webp\" class=\"attachment-large size-large wp-image-1497\" alt=\"Vi.Graphie carte visite nature identit\u00e9 visuelle\" srcset=\"https:\/\/www.vigraphie.fr\/wp-content\/uploads\/Vi.Graphie-carte-visite-nature.webp 800w, https:\/\/www.vigraphie.fr\/wp-content\/uploads\/Vi.Graphie-carte-visite-nature-300x254.webp 300w, https:\/\/www.vigraphie.fr\/wp-content\/uploads\/Vi.Graphie-carte-visite-nature-768x651.webp 768w\" sizes=\"(max-width: 800px) 100vw, 800px\" \/>\t\t\t\t\t\t\t\t\t\t\t\t\t\t\t<\/div>\n\t\t\t\t<\/div>\n\t\t\t\t<\/div>\n\t\t<div class=\"elementor-element elementor-element-3690482 e-con-full e-flex qodef-elementor-content-no e-con e-child\" data-id=\"3690482\" data-element_type=\"container\" data-e-type=\"container\">\n\t\t\t\t<div class=\"elementor-element elementor-element-23f3327 elementor-widget-tablet__width-initial elementor-widget elementor-widget-image\" data-id=\"23f3327\" data-element_type=\"widget\" data-e-type=\"widget\" data-widget_type=\"image.default\">\n\t\t\t\t<div class=\"elementor-widget-container\">\n\t\t\t\t\t\t\t\t\t\t\t\t\t\t\t<img decoding=\"async\" width=\"800\" height=\"800\" src=\"https:\/\/www.vigraphie.fr\/wp-content\/uploads\/Vi.Graphie-graphiste-multimedia-depliant.webp\" class=\"attachment-large size-large wp-image-1498\" alt=\"Vi.Graphie graphiste multim\u00e9dia d\u00e9pliant\" srcset=\"https:\/\/www.vigraphie.fr\/wp-content\/uploads\/Vi.Graphie-graphiste-multimedia-depliant.webp 800w, https:\/\/www.vigraphie.fr\/wp-content\/uploads\/Vi.Graphie-graphiste-multimedia-depliant-300x300.webp 300w, https:\/\/www.vigraphie.fr\/wp-content\/uploads\/Vi.Graphie-graphiste-multimedia-depliant-150x150.webp 150w, https:\/\/www.vigraphie.fr\/wp-content\/uploads\/Vi.Graphie-graphiste-multimedia-depliant-768x768.webp 768w, https:\/\/www.vigraphie.fr\/wp-content\/uploads\/Vi.Graphie-graphiste-multimedia-depliant-650x650.webp 650w\" sizes=\"(max-width: 800px) 100vw, 800px\" \/>\t\t\t\t\t\t\t\t\t\t\t\t\t\t\t<\/div>\n\t\t\t\t<\/div>\n\t\t\t\t<\/div>\n\t\t\t\t\t<\/div>\n\t\t\t\t<\/div>\n\t\t<div class=\"elementor-element elementor-element-d971029 e-flex e-con-boxed qodef-elementor-content-no e-con e-parent\" data-id=\"d971029\" data-element_type=\"container\" data-e-type=\"container\">\n\t\t\t\t\t<div class=\"e-con-inner\">\n\t\t\t\t<div class=\"elementor-element elementor-element-a4821b7 elementor-widget elementor-widget-spacer\" data-id=\"a4821b7\" data-element_type=\"widget\" data-e-type=\"widget\" data-widget_type=\"spacer.default\">\n\t\t\t\t<div class=\"elementor-widget-container\">\n\t\t\t\t\t\t\t<div class=\"elementor-spacer\">\n\t\t\t<div class=\"elementor-spacer-inner\"><\/div>\n\t\t<\/div>\n\t\t\t\t\t\t<\/div>\n\t\t\t\t<\/div>\n\t\t\t\t\t<\/div>\n\t\t\t\t<\/div>\n\t\t<div class=\"elementor-element elementor-element-d6f84ed e-flex e-con-boxed qodef-elementor-content-no elementor-invisible e-con e-parent\" data-id=\"d6f84ed\" data-element_type=\"container\" data-e-type=\"container\" data-settings=\"{&quot;animation&quot;:&quot;fadeIn&quot;}\">\n\t\t\t\t\t<div class=\"e-con-inner\">\n\t\t<div class=\"elementor-element elementor-element-533e4cd e-con-full e-flex qodef-elementor-content-no e-con e-child\" data-id=\"533e4cd\" data-element_type=\"container\" data-e-type=\"container\">\n\t\t\t\t<div class=\"elementor-element elementor-element-9197961 elementor-widget-tablet__width-initial elementor-widget elementor-widget-image\" data-id=\"9197961\" data-element_type=\"widget\" data-e-type=\"widget\" data-widget_type=\"image.default\">\n\t\t\t\t<div class=\"elementor-widget-container\">\n\t\t\t\t\t\t\t\t\t\t\t\t\t\t\t<img loading=\"lazy\" decoding=\"async\" width=\"687\" height=\"1024\" src=\"https:\/\/www.vigraphie.fr\/wp-content\/uploads\/Fichier-49@4x-687x1024.png\" class=\"attachment-large size-large wp-image-1499\" alt=\"\" srcset=\"https:\/\/www.vigraphie.fr\/wp-content\/uploads\/Fichier-49@4x-687x1024.png 687w, https:\/\/www.vigraphie.fr\/wp-content\/uploads\/Fichier-49@4x-201x300.png 201w, https:\/\/www.vigraphie.fr\/wp-content\/uploads\/Fichier-49@4x-768x1145.png 768w, https:\/\/www.vigraphie.fr\/wp-content\/uploads\/Fichier-49@4x-1030x1536.png 1030w, https:\/\/www.vigraphie.fr\/wp-content\/uploads\/Fichier-49@4x-1373x2048.png 1373w, https:\/\/www.vigraphie.fr\/wp-content\/uploads\/Fichier-49@4x.png 1579w\" sizes=\"(max-width: 687px) 100vw, 687px\" \/>\t\t\t\t\t\t\t\t\t\t\t\t\t\t\t<\/div>\n\t\t\t\t<\/div>\n\t\t\t\t<\/div>\n\t\t<div class=\"elementor-element elementor-element-d6326ed e-con-full e-flex qodef-elementor-content-no e-con e-child\" data-id=\"d6326ed\" data-element_type=\"container\" data-e-type=\"container\">\n\t\t\t\t<div class=\"elementor-element elementor-element-f937b23 elementor-widget__width-initial elementor-widget elementor-widget-image\" data-id=\"f937b23\" data-element_type=\"widget\" data-e-type=\"widget\" data-widget_type=\"image.default\">\n\t\t\t\t<div class=\"elementor-widget-container\">\n\t\t\t\t\t\t\t\t\t\t\t\t\t\t\t<img loading=\"lazy\" decoding=\"async\" width=\"800\" height=\"987\" src=\"https:\/\/www.vigraphie.fr\/wp-content\/uploads\/Vi.Graphie-graphiste-idenite-visuelle.webp\" class=\"attachment-large size-large wp-image-1500\" alt=\"Vi.Graphie graphiste idenit\u00e9 visuelle\" srcset=\"https:\/\/www.vigraphie.fr\/wp-content\/uploads\/Vi.Graphie-graphiste-idenite-visuelle.webp 800w, https:\/\/www.vigraphie.fr\/wp-content\/uploads\/Vi.Graphie-graphiste-idenite-visuelle-243x300.webp 243w, https:\/\/www.vigraphie.fr\/wp-content\/uploads\/Vi.Graphie-graphiste-idenite-visuelle-768x948.webp 768w\" sizes=\"(max-width: 800px) 100vw, 800px\" \/>\t\t\t\t\t\t\t\t\t\t\t\t\t\t\t<\/div>\n\t\t\t\t<\/div>\n\t\t\t\t<\/div>\n\t\t<div class=\"elementor-element elementor-element-011682f e-con-full e-flex qodef-elementor-content-no e-con e-child\" data-id=\"011682f\" data-element_type=\"container\" data-e-type=\"container\">\n\t\t\t\t<div class=\"elementor-element elementor-element-1926156 elementor-widget-tablet__width-initial elementor-widget elementor-widget-image\" data-id=\"1926156\" data-element_type=\"widget\" data-e-type=\"widget\" data-widget_type=\"image.default\">\n\t\t\t\t<div class=\"elementor-widget-container\">\n\t\t\t\t\t\t\t\t\t\t\t\t\t\t\t<img loading=\"lazy\" decoding=\"async\" width=\"726\" height=\"1024\" src=\"https:\/\/www.vigraphie.fr\/wp-content\/uploads\/Fichier-50@4x-726x1024.png\" class=\"attachment-large size-large wp-image-1501\" alt=\"\" srcset=\"https:\/\/www.vigraphie.fr\/wp-content\/uploads\/Fichier-50@4x-726x1024.png 726w, https:\/\/www.vigraphie.fr\/wp-content\/uploads\/Fichier-50@4x-213x300.png 213w, https:\/\/www.vigraphie.fr\/wp-content\/uploads\/Fichier-50@4x-768x1083.png 768w, https:\/\/www.vigraphie.fr\/wp-content\/uploads\/Fichier-50@4x-1090x1536.png 1090w, https:\/\/www.vigraphie.fr\/wp-content\/uploads\/Fichier-50@4x-1453x2048.png 1453w, https:\/\/www.vigraphie.fr\/wp-content\/uploads\/Fichier-50@4x-scaled.png 1816w\" sizes=\"(max-width: 726px) 100vw, 726px\" \/>\t\t\t\t\t\t\t\t\t\t\t\t\t\t\t<\/div>\n\t\t\t\t<\/div>\n\t\t\t\t<\/div>\n\t\t\t\t\t<\/div>\n\t\t\t\t<\/div>\n\t\t<div class=\"elementor-element elementor-element-ecc7ec1 e-flex e-con-boxed qodef-elementor-content-no e-con e-parent\" data-id=\"ecc7ec1\" data-element_type=\"container\" data-e-type=\"container\">\n\t\t\t\t\t<div class=\"e-con-inner\">\n\t\t\t\t<div class=\"elementor-element elementor-element-d0a082f elementor-widget elementor-widget-spacer\" data-id=\"d0a082f\" data-element_type=\"widget\" data-e-type=\"widget\" data-widget_type=\"spacer.default\">\n\t\t\t\t<div class=\"elementor-widget-container\">\n\t\t\t\t\t\t\t<div class=\"elementor-spacer\">\n\t\t\t<div class=\"elementor-spacer-inner\"><\/div>\n\t\t<\/div>\n\t\t\t\t\t\t<\/div>\n\t\t\t\t<\/div>\n\t\t\t\t\t<\/div>\n\t\t\t\t<\/div>\n\t\t<div class=\"elementor-element elementor-element-7c9b92a e-flex e-con-boxed qodef-elementor-content-no e-con e-parent\" data-id=\"7c9b92a\" data-element_type=\"container\" data-e-type=\"container\" data-settings=\"{&quot;shape_divider_top&quot;:&quot;waves&quot;,&quot;shape_divider_bottom&quot;:&quot;waves&quot;}\">\n\t\t\t\t\t<div class=\"e-con-inner\">\n\t\t\t\t<div class=\"elementor-shape elementor-shape-top\" aria-hidden=\"true\" data-negative=\"false\">\n\t\t\t<svg xmlns=\"http:\/\/www.w3.org\/2000\/svg\" viewBox=\"0 0 1000 100\" preserveAspectRatio=\"none\">\n\t<path class=\"elementor-shape-fill\" d=\"M421.9,6.5c22.6-2.5,51.5,0.4,75.5,5.3c23.6,4.9,70.9,23.5,100.5,35.7c75.8,32.2,133.7,44.5,192.6,49.7\n\tc23.6,2.1,48.7,3.5,103.4-2.5c54.7-6,106.2-25.6,106.2-25.6V0H0v30.3c0,0,72,32.6,158.4,30.5c39.2-0.7,92.8-6.7,134-22.4\n\tc21.2-8.1,52.2-18.2,79.7-24.2C399.3,7.9,411.6,7.5,421.9,6.5z\"\/>\n<\/svg>\t\t<\/div>\n\t\t\t\t<div class=\"elementor-shape elementor-shape-bottom\" aria-hidden=\"true\" data-negative=\"false\">\n\t\t\t<svg xmlns=\"http:\/\/www.w3.org\/2000\/svg\" viewBox=\"0 0 1000 100\" preserveAspectRatio=\"none\">\n\t<path class=\"elementor-shape-fill\" d=\"M421.9,6.5c22.6-2.5,51.5,0.4,75.5,5.3c23.6,4.9,70.9,23.5,100.5,35.7c75.8,32.2,133.7,44.5,192.6,49.7\n\tc23.6,2.1,48.7,3.5,103.4-2.5c54.7-6,106.2-25.6,106.2-25.6V0H0v30.3c0,0,72,32.6,158.4,30.5c39.2-0.7,92.8-6.7,134-22.4\n\tc21.2-8.1,52.2-18.2,79.7-24.2C399.3,7.9,411.6,7.5,421.9,6.5z\"\/>\n<\/svg>\t\t<\/div>\n\t\t\t\t<div class=\"elementor-element elementor-element-94b9b09 elementor-widget__width-initial elementor-widget elementor-widget-heading\" data-id=\"94b9b09\" data-element_type=\"widget\" data-e-type=\"widget\" data-widget_type=\"heading.default\">\n\t\t\t\t<div class=\"elementor-widget-container\">\n\t\t\t\t\t<h2 class=\"elementor-heading-title elementor-size-default\">Taille Nature<\/h2>\t\t\t\t<\/div>\n\t\t\t\t<\/div>\n\t\t\t\t<div class=\"elementor-element elementor-element-359a68a elementor-widget__width-initial elementor-widget elementor-widget-text-editor\" data-id=\"359a68a\" data-element_type=\"widget\" data-e-type=\"widget\" data-widget_type=\"text-editor.default\">\n\t\t\t\t<div class=\"elementor-widget-container\">\n\t\t\t\t\t\t\t\t\t<p>Projet personnel. Cette identit\u00e9 visuelle a \u00e9t\u00e9 pens\u00e9 pour un paysagiste sp\u00e9cialis\u00e9 dans l&rsquo;\u00e9lagage, la taille structur\u00e9e des arbres, tonte jardin, etc.<\/p><p>Un logo efficace, simple et \u00e9l\u00e9gant, avec un visuel architectur\u00e9 et angulaire afin d&rsquo;appuyer la sp\u00e9cificit\u00e9 du client.<br \/>Les nuances de vert \u00e9voquent la nature, la v\u00e9g\u00e9tation, dans sa diversit\u00e9. Un vert flashy bien choisi pour contraster et refl\u00e9ter aussi le dynamisme et l&rsquo;originalit\u00e9 de Taille Nature. Un vert profond et une typographie affirm\u00e9e renvoient\u00a0 confiance, fiabilit\u00e9 et assurance.<\/p>\t\t\t\t\t\t\t\t<\/div>\n\t\t\t\t<\/div>\n\t\t\t\t\t<\/div>\n\t\t\t\t<\/div>\n\t\t<div class=\"elementor-element elementor-element-457def9 e-flex e-con-boxed qodef-elementor-content-no e-con e-parent\" data-id=\"457def9\" data-element_type=\"container\" data-e-type=\"container\">\n\t\t\t\t\t<div class=\"e-con-inner\">\n\t\t\t\t<div class=\"elementor-element elementor-element-9e2869c elementor-widget elementor-widget-spacer\" data-id=\"9e2869c\" data-element_type=\"widget\" data-e-type=\"widget\" data-widget_type=\"spacer.default\">\n\t\t\t\t<div class=\"elementor-widget-container\">\n\t\t\t\t\t\t\t<div class=\"elementor-spacer\">\n\t\t\t<div class=\"elementor-spacer-inner\"><\/div>\n\t\t<\/div>\n\t\t\t\t\t\t<\/div>\n\t\t\t\t<\/div>\n\t\t\t\t\t<\/div>\n\t\t\t\t<\/div>\n\t\t\t\t<\/div>\n\t\t","protected":false},"excerpt":{"rendered":"<p>Taille Nature Projet personnel. Cette identit\u00e9 visuelle a \u00e9t\u00e9 pens\u00e9 pour un paysagiste sp\u00e9cialis\u00e9 dans l&rsquo;\u00e9lagage, la taille structur\u00e9e des arbres, tonte jardin, etc. Un logo efficace, simple et \u00e9l\u00e9gant, avec un visuel architectur\u00e9 et angulaire afin d&rsquo;appuyer la sp\u00e9cificit\u00e9 du client.Les nuances de vert \u00e9voquent la nature, la v\u00e9g\u00e9tation, dans sa diversit\u00e9. Un vert&#8230;<\/p>\n","protected":false},"author":1,"featured_media":0,"parent":0,"menu_order":0,"comment_status":"closed","ping_status":"closed","template":"elementor_header_footer","meta":{"_kad_post_transparent":"","_kad_post_title":"hide","_kad_post_layout":"fullwidth","_kad_post_sidebar_id":"","_kad_post_content_style":"unboxed","_kad_post_vertical_padding":"hide","_kad_post_feature":"hide","_kad_post_feature_position":"","_kad_post_header":false,"_kad_post_footer":false,"_kad_post_classname":"","footnotes":""},"class_list":["post-1492","page","type-page","status-publish","hentry"],"yoast_head":"<!-- This site is optimized with the Yoast SEO plugin v27.4 - https:\/\/yoast.com\/product\/yoast-seo-wordpress\/ -->\n<title>Taille Nature -<\/title>\n<meta name=\"robots\" content=\"index, follow, max-snippet:-1, max-image-preview:large, max-video-preview:-1\" \/>\n<link rel=\"canonical\" href=\"https:\/\/www.vigraphie.fr\/index.php\/taille-nature\/\" \/>\n<meta property=\"og:locale\" content=\"fr_FR\" \/>\n<meta property=\"og:type\" content=\"article\" \/>\n<meta property=\"og:title\" content=\"Taille Nature -\" \/>\n<meta property=\"og:description\" content=\"Taille Nature Projet personnel. Cette identit\u00e9 visuelle a \u00e9t\u00e9 pens\u00e9 pour un paysagiste sp\u00e9cialis\u00e9 dans l&rsquo;\u00e9lagage, la taille structur\u00e9e des arbres, tonte jardin, etc. Un logo efficace, simple et \u00e9l\u00e9gant, avec un visuel architectur\u00e9 et angulaire afin d&rsquo;appuyer la sp\u00e9cificit\u00e9 du client.Les nuances de vert \u00e9voquent la nature, la v\u00e9g\u00e9tation, dans sa diversit\u00e9. Un vert...\" \/>\n<meta property=\"og:url\" content=\"https:\/\/www.vigraphie.fr\/index.php\/taille-nature\/\" \/>\n<meta property=\"article:modified_time\" content=\"2026-04-27T13:46:28+00:00\" \/>\n<meta property=\"og:image\" content=\"https:\/\/www.vigraphie.fr\/wp-content\/uploads\/Fichier-57xxxhdpi.png\" \/>\n\t<meta property=\"og:image:width\" content=\"1572\" \/>\n\t<meta property=\"og:image:height\" content=\"731\" \/>\n\t<meta property=\"og:image:type\" content=\"image\/png\" \/>\n<meta name=\"twitter:card\" content=\"summary_large_image\" \/>\n<meta name=\"twitter:label1\" content=\"Dur\u00e9e de lecture estim\u00e9e\" \/>\n\t<meta name=\"twitter:data1\" content=\"2 minutes\" \/>\n<script type=\"application\/ld+json\" class=\"yoast-schema-graph\">{\"@context\":\"https:\\\/\\\/schema.org\",\"@graph\":[{\"@type\":\"WebPage\",\"@id\":\"https:\\\/\\\/www.vigraphie.fr\\\/index.php\\\/taille-nature\\\/\",\"url\":\"https:\\\/\\\/www.vigraphie.fr\\\/index.php\\\/taille-nature\\\/\",\"name\":\"Taille Nature -\",\"isPartOf\":{\"@id\":\"https:\\\/\\\/www.vigraphie.fr\\\/#website\"},\"primaryImageOfPage\":{\"@id\":\"https:\\\/\\\/www.vigraphie.fr\\\/index.php\\\/taille-nature\\\/#primaryimage\"},\"image\":{\"@id\":\"https:\\\/\\\/www.vigraphie.fr\\\/index.php\\\/taille-nature\\\/#primaryimage\"},\"thumbnailUrl\":\"https:\\\/\\\/www.vigraphie.fr\\\/wp-content\\\/uploads\\\/Fichier-57xxxhdpi-1024x476.png\",\"datePublished\":\"2026-02-02T17:22:45+00:00\",\"dateModified\":\"2026-04-27T13:46:28+00:00\",\"breadcrumb\":{\"@id\":\"https:\\\/\\\/www.vigraphie.fr\\\/index.php\\\/taille-nature\\\/#breadcrumb\"},\"inLanguage\":\"fr-FR\",\"potentialAction\":[{\"@type\":\"ReadAction\",\"target\":[\"https:\\\/\\\/www.vigraphie.fr\\\/index.php\\\/taille-nature\\\/\"]}]},{\"@type\":\"ImageObject\",\"inLanguage\":\"fr-FR\",\"@id\":\"https:\\\/\\\/www.vigraphie.fr\\\/index.php\\\/taille-nature\\\/#primaryimage\",\"url\":\"https:\\\/\\\/www.vigraphie.fr\\\/wp-content\\\/uploads\\\/Fichier-57xxxhdpi.png\",\"contentUrl\":\"https:\\\/\\\/www.vigraphie.fr\\\/wp-content\\\/uploads\\\/Fichier-57xxxhdpi.png\",\"width\":1572,\"height\":731,\"caption\":\"Vi.Graphie identit\u00e9 visuelle Graphiste nature\"},{\"@type\":\"BreadcrumbList\",\"@id\":\"https:\\\/\\\/www.vigraphie.fr\\\/index.php\\\/taille-nature\\\/#breadcrumb\",\"itemListElement\":[{\"@type\":\"ListItem\",\"position\":1,\"name\":\"Accueil\",\"item\":\"https:\\\/\\\/www.vigraphie.fr\\\/\"},{\"@type\":\"ListItem\",\"position\":2,\"name\":\"Taille Nature\"}]},{\"@type\":\"WebSite\",\"@id\":\"https:\\\/\\\/www.vigraphie.fr\\\/#website\",\"url\":\"https:\\\/\\\/www.vigraphie.fr\\\/\",\"name\":\"\",\"description\":\"\",\"potentialAction\":[{\"@type\":\"SearchAction\",\"target\":{\"@type\":\"EntryPoint\",\"urlTemplate\":\"https:\\\/\\\/www.vigraphie.fr\\\/?s={search_term_string}\"},\"query-input\":{\"@type\":\"PropertyValueSpecification\",\"valueRequired\":true,\"valueName\":\"search_term_string\"}}],\"inLanguage\":\"fr-FR\"}]}<\/script>\n<!-- \/ Yoast SEO plugin. -->","yoast_head_json":{"title":"Taille Nature -","robots":{"index":"index","follow":"follow","max-snippet":"max-snippet:-1","max-image-preview":"max-image-preview:large","max-video-preview":"max-video-preview:-1"},"canonical":"https:\/\/www.vigraphie.fr\/index.php\/taille-nature\/","og_locale":"fr_FR","og_type":"article","og_title":"Taille Nature -","og_description":"Taille Nature Projet personnel. Cette identit\u00e9 visuelle a \u00e9t\u00e9 pens\u00e9 pour un paysagiste sp\u00e9cialis\u00e9 dans l&rsquo;\u00e9lagage, la taille structur\u00e9e des arbres, tonte jardin, etc. Un logo efficace, simple et \u00e9l\u00e9gant, avec un visuel architectur\u00e9 et angulaire afin d&rsquo;appuyer la sp\u00e9cificit\u00e9 du client.Les nuances de vert \u00e9voquent la nature, la v\u00e9g\u00e9tation, dans sa diversit\u00e9. Un vert...","og_url":"https:\/\/www.vigraphie.fr\/index.php\/taille-nature\/","article_modified_time":"2026-04-27T13:46:28+00:00","og_image":[{"width":1572,"height":731,"url":"https:\/\/www.vigraphie.fr\/wp-content\/uploads\/Fichier-57xxxhdpi.png","type":"image\/png"}],"twitter_card":"summary_large_image","twitter_misc":{"Dur\u00e9e de lecture estim\u00e9e":"2 minutes"},"schema":{"@context":"https:\/\/schema.org","@graph":[{"@type":"WebPage","@id":"https:\/\/www.vigraphie.fr\/index.php\/taille-nature\/","url":"https:\/\/www.vigraphie.fr\/index.php\/taille-nature\/","name":"Taille Nature -","isPartOf":{"@id":"https:\/\/www.vigraphie.fr\/#website"},"primaryImageOfPage":{"@id":"https:\/\/www.vigraphie.fr\/index.php\/taille-nature\/#primaryimage"},"image":{"@id":"https:\/\/www.vigraphie.fr\/index.php\/taille-nature\/#primaryimage"},"thumbnailUrl":"https:\/\/www.vigraphie.fr\/wp-content\/uploads\/Fichier-57xxxhdpi-1024x476.png","datePublished":"2026-02-02T17:22:45+00:00","dateModified":"2026-04-27T13:46:28+00:00","breadcrumb":{"@id":"https:\/\/www.vigraphie.fr\/index.php\/taille-nature\/#breadcrumb"},"inLanguage":"fr-FR","potentialAction":[{"@type":"ReadAction","target":["https:\/\/www.vigraphie.fr\/index.php\/taille-nature\/"]}]},{"@type":"ImageObject","inLanguage":"fr-FR","@id":"https:\/\/www.vigraphie.fr\/index.php\/taille-nature\/#primaryimage","url":"https:\/\/www.vigraphie.fr\/wp-content\/uploads\/Fichier-57xxxhdpi.png","contentUrl":"https:\/\/www.vigraphie.fr\/wp-content\/uploads\/Fichier-57xxxhdpi.png","width":1572,"height":731,"caption":"Vi.Graphie identit\u00e9 visuelle Graphiste nature"},{"@type":"BreadcrumbList","@id":"https:\/\/www.vigraphie.fr\/index.php\/taille-nature\/#breadcrumb","itemListElement":[{"@type":"ListItem","position":1,"name":"Accueil","item":"https:\/\/www.vigraphie.fr\/"},{"@type":"ListItem","position":2,"name":"Taille Nature"}]},{"@type":"WebSite","@id":"https:\/\/www.vigraphie.fr\/#website","url":"https:\/\/www.vigraphie.fr\/","name":"","description":"","potentialAction":[{"@type":"SearchAction","target":{"@type":"EntryPoint","urlTemplate":"https:\/\/www.vigraphie.fr\/?s={search_term_string}"},"query-input":{"@type":"PropertyValueSpecification","valueRequired":true,"valueName":"search_term_string"}}],"inLanguage":"fr-FR"}]}},"_links":{"self":[{"href":"https:\/\/www.vigraphie.fr\/index.php\/wp-json\/wp\/v2\/pages\/1492","targetHints":{"allow":["GET"]}}],"collection":[{"href":"https:\/\/www.vigraphie.fr\/index.php\/wp-json\/wp\/v2\/pages"}],"about":[{"href":"https:\/\/www.vigraphie.fr\/index.php\/wp-json\/wp\/v2\/types\/page"}],"author":[{"embeddable":true,"href":"https:\/\/www.vigraphie.fr\/index.php\/wp-json\/wp\/v2\/users\/1"}],"replies":[{"embeddable":true,"href":"https:\/\/www.vigraphie.fr\/index.php\/wp-json\/wp\/v2\/comments?post=1492"}],"version-history":[{"count":37,"href":"https:\/\/www.vigraphie.fr\/index.php\/wp-json\/wp\/v2\/pages\/1492\/revisions"}],"predecessor-version":[{"id":3842,"href":"https:\/\/www.vigraphie.fr\/index.php\/wp-json\/wp\/v2\/pages\/1492\/revisions\/3842"}],"wp:attachment":[{"href":"https:\/\/www.vigraphie.fr\/index.php\/wp-json\/wp\/v2\/media?parent=1492"}],"curies":[{"name":"wp","href":"https:\/\/api.w.org\/{rel}","templated":true}]}}