{"id":1418,"date":"2026-01-26T20:47:42","date_gmt":"2026-01-26T19:47:42","guid":{"rendered":"http:\/\/vigraphie.local\/?page_id=1418"},"modified":"2026-04-27T15:43:51","modified_gmt":"2026-04-27T13:43:51","slug":"esprit-danse","status":"publish","type":"page","link":"https:\/\/www.vigraphie.fr\/index.php\/esprit-danse\/","title":{"rendered":"Esprit Danse"},"content":{"rendered":"\t\t<div data-elementor-type=\"wp-page\" data-elementor-id=\"1418\" class=\"elementor elementor-1418\">\n\t\t\t\t<div class=\"elementor-element elementor-element-29e9f42 e-flex e-con-boxed qodef-elementor-content-no e-con e-parent\" data-id=\"29e9f42\" data-element_type=\"container\" data-e-type=\"container\" data-settings=\"{&quot;background_background&quot;:&quot;classic&quot;}\">\n\t\t\t\t\t<div class=\"e-con-inner\">\n\t\t\t\t\t<\/div>\n\t\t\t\t<\/div>\n\t\t<div class=\"elementor-element elementor-element-f386c2c e-flex e-con-boxed qodef-elementor-content-no e-con e-parent\" data-id=\"f386c2c\" data-element_type=\"container\" data-e-type=\"container\">\n\t\t\t\t\t<div class=\"e-con-inner\">\n\t\t\t\t<div class=\"elementor-element elementor-element-d10d82d elementor-widget elementor-widget-spacer\" data-id=\"d10d82d\" data-element_type=\"widget\" data-e-type=\"widget\" data-widget_type=\"spacer.default\">\n\t\t\t\t<div class=\"elementor-widget-container\">\n\t\t\t\t\t\t\t<div class=\"elementor-spacer\">\n\t\t\t<div class=\"elementor-spacer-inner\"><\/div>\n\t\t<\/div>\n\t\t\t\t\t\t<\/div>\n\t\t\t\t<\/div>\n\t\t\t\t\t<\/div>\n\t\t\t\t<\/div>\n\t\t<div class=\"elementor-element elementor-element-4bdbb1a e-flex e-con-boxed qodef-elementor-content-no elementor-invisible e-con e-parent\" data-id=\"4bdbb1a\" data-element_type=\"container\" data-e-type=\"container\" data-settings=\"{&quot;animation&quot;:&quot;fadeIn&quot;}\">\n\t\t\t\t\t<div class=\"e-con-inner\">\n\t\t<div class=\"elementor-element elementor-element-442d98c e-con-full e-flex qodef-elementor-content-no e-con e-child\" data-id=\"442d98c\" data-element_type=\"container\" data-e-type=\"container\" data-settings=\"{&quot;animation&quot;:&quot;none&quot;}\">\n\t\t\t\t<div class=\"elementor-element elementor-element-3d7d921 elementor-widget__width-initial elementor-widget elementor-widget-image\" data-id=\"3d7d921\" data-element_type=\"widget\" data-e-type=\"widget\" data-widget_type=\"image.default\">\n\t\t\t\t<div class=\"elementor-widget-container\">\n\t\t\t\t\t\t\t\t\t\t\t\t\t\t\t<img fetchpriority=\"high\" decoding=\"async\" width=\"713\" height=\"1024\" src=\"https:\/\/www.vigraphie.fr\/wp-content\/uploads\/espritdanse-vi.graphie-2024-1-713x1024.webp\" class=\"attachment-large size-large wp-image-1423\" alt=\"Vi.Graphie graphiste multim\u00e9dia - supports graphiques\" srcset=\"https:\/\/www.vigraphie.fr\/wp-content\/uploads\/espritdanse-vi.graphie-2024-1-713x1024.webp 713w, https:\/\/www.vigraphie.fr\/wp-content\/uploads\/espritdanse-vi.graphie-2024-1-209x300.webp 209w, https:\/\/www.vigraphie.fr\/wp-content\/uploads\/espritdanse-vi.graphie-2024-1-768x1102.webp 768w, https:\/\/www.vigraphie.fr\/wp-content\/uploads\/espritdanse-vi.graphie-2024-1-1070x1536.webp 1070w, https:\/\/www.vigraphie.fr\/wp-content\/uploads\/espritdanse-vi.graphie-2024-1-1427x2048.webp 1427w, https:\/\/www.vigraphie.fr\/wp-content\/uploads\/espritdanse-vi.graphie-2024-1-scaled.webp 1784w\" sizes=\"(max-width: 713px) 100vw, 713px\" \/>\t\t\t\t\t\t\t\t\t\t\t\t\t\t\t<\/div>\n\t\t\t\t<\/div>\n\t\t\t\t<\/div>\n\t\t<div class=\"elementor-element elementor-element-22a5c05 e-con-full e-flex qodef-elementor-content-no e-con e-child\" data-id=\"22a5c05\" data-element_type=\"container\" data-e-type=\"container\" data-settings=\"{&quot;animation&quot;:&quot;none&quot;}\">\n\t\t\t\t<div class=\"elementor-element elementor-element-1eec60d elementor-widget__width-initial elementor-widget elementor-widget-image\" data-id=\"1eec60d\" data-element_type=\"widget\" data-e-type=\"widget\" data-widget_type=\"image.default\">\n\t\t\t\t<div class=\"elementor-widget-container\">\n\t\t\t\t\t\t\t\t\t\t\t\t\t\t\t<img decoding=\"async\" width=\"800\" height=\"800\" src=\"https:\/\/www.vigraphie.fr\/wp-content\/uploads\/Esprit-danse-programme-2024-vi.graphie.webp\" class=\"attachment-large size-large wp-image-1424\" alt=\"Vi.Graphie graphiste multim\u00e9dia - supports graphiques\" srcset=\"https:\/\/www.vigraphie.fr\/wp-content\/uploads\/Esprit-danse-programme-2024-vi.graphie.webp 800w, https:\/\/www.vigraphie.fr\/wp-content\/uploads\/Esprit-danse-programme-2024-vi.graphie-300x300.webp 300w, https:\/\/www.vigraphie.fr\/wp-content\/uploads\/Esprit-danse-programme-2024-vi.graphie-150x150.webp 150w, https:\/\/www.vigraphie.fr\/wp-content\/uploads\/Esprit-danse-programme-2024-vi.graphie-768x768.webp 768w, https:\/\/www.vigraphie.fr\/wp-content\/uploads\/Esprit-danse-programme-2024-vi.graphie-650x650.webp 650w\" sizes=\"(max-width: 800px) 100vw, 800px\" \/>\t\t\t\t\t\t\t\t\t\t\t\t\t\t\t<\/div>\n\t\t\t\t<\/div>\n\t\t\t\t<\/div>\n\t\t\t\t\t<\/div>\n\t\t\t\t<\/div>\n\t\t<div class=\"elementor-element elementor-element-519c35f e-con-full e-flex qodef-elementor-content-no elementor-invisible e-con e-parent\" data-id=\"519c35f\" data-element_type=\"container\" data-e-type=\"container\" data-settings=\"{&quot;animation&quot;:&quot;zoomIn&quot;}\">\n\t\t<div class=\"elementor-element elementor-element-4b473dd e-con-full e-flex qodef-elementor-content-no elementor-invisible e-con e-child\" data-id=\"4b473dd\" data-element_type=\"container\" data-e-type=\"container\" data-settings=\"{&quot;animation&quot;:&quot;fadeInLeft&quot;}\">\n\t\t\t\t<div class=\"elementor-element elementor-element-1d806e9 elementor-widget__width-initial elementor-widget elementor-widget-image\" data-id=\"1d806e9\" data-element_type=\"widget\" data-e-type=\"widget\" data-widget_type=\"image.default\">\n\t\t\t\t<div class=\"elementor-widget-container\">\n\t\t\t\t\t\t\t\t\t\t\t\t\t\t\t<img decoding=\"async\" width=\"1024\" height=\"675\" src=\"https:\/\/www.vigraphie.fr\/wp-content\/uploads\/Esprit-danse-prog-2025-Vi.Graphie-1024x675.webp\" class=\"attachment-large size-large wp-image-1427\" alt=\"Vi.Graphie graphiste multim\u00e9dia - supports graphiques\" srcset=\"https:\/\/www.vigraphie.fr\/wp-content\/uploads\/Esprit-danse-prog-2025-Vi.Graphie-1024x675.webp 1024w, https:\/\/www.vigraphie.fr\/wp-content\/uploads\/Esprit-danse-prog-2025-Vi.Graphie-300x198.webp 300w, https:\/\/www.vigraphie.fr\/wp-content\/uploads\/Esprit-danse-prog-2025-Vi.Graphie-768x506.webp 768w, https:\/\/www.vigraphie.fr\/wp-content\/uploads\/Esprit-danse-prog-2025-Vi.Graphie.webp 1214w\" sizes=\"(max-width: 1024px) 100vw, 1024px\" \/>\t\t\t\t\t\t\t\t\t\t\t\t\t\t\t<\/div>\n\t\t\t\t<\/div>\n\t\t\t\t<\/div>\n\t\t<div class=\"elementor-element elementor-element-f308e7d e-con-full e-flex qodef-elementor-content-no elementor-invisible e-con e-child\" data-id=\"f308e7d\" data-element_type=\"container\" data-e-type=\"container\" data-settings=\"{&quot;animation&quot;:&quot;fadeInRight&quot;}\">\n\t\t\t\t<div class=\"elementor-element elementor-element-1ad4527 elementor-widget-tablet__width-initial elementor-widget elementor-widget-image\" data-id=\"1ad4527\" data-element_type=\"widget\" data-e-type=\"widget\" data-widget_type=\"image.default\">\n\t\t\t\t<div class=\"elementor-widget-container\">\n\t\t\t\t\t\t\t\t\t\t\t\t\t\t\t<img loading=\"lazy\" decoding=\"async\" width=\"800\" height=\"989\" src=\"https:\/\/www.vigraphie.fr\/wp-content\/uploads\/Esprit-Danse-affiche-Vi.GRaphie-2025.webp\" class=\"attachment-large size-large wp-image-1425\" alt=\"Vi.Graphie graphiste multim\u00e9dia - supports graphiques\" srcset=\"https:\/\/www.vigraphie.fr\/wp-content\/uploads\/Esprit-Danse-affiche-Vi.GRaphie-2025.webp 800w, https:\/\/www.vigraphie.fr\/wp-content\/uploads\/Esprit-Danse-affiche-Vi.GRaphie-2025-243x300.webp 243w, https:\/\/www.vigraphie.fr\/wp-content\/uploads\/Esprit-Danse-affiche-Vi.GRaphie-2025-768x949.webp 768w\" sizes=\"(max-width: 800px) 100vw, 800px\" \/>\t\t\t\t\t\t\t\t\t\t\t\t\t\t\t<\/div>\n\t\t\t\t<\/div>\n\t\t\t\t<\/div>\n\t\t\t\t<\/div>\n\t\t<div class=\"elementor-element elementor-element-c5fc0f4 e-flex e-con-boxed qodef-elementor-content-no e-con e-parent\" data-id=\"c5fc0f4\" data-element_type=\"container\" data-e-type=\"container\" data-settings=\"{&quot;shape_divider_top&quot;:&quot;waves&quot;,&quot;shape_divider_bottom&quot;:&quot;waves&quot;}\">\n\t\t\t\t\t<div class=\"e-con-inner\">\n\t\t\t\t<div class=\"elementor-shape elementor-shape-top\" aria-hidden=\"true\" data-negative=\"false\">\n\t\t\t<svg xmlns=\"http:\/\/www.w3.org\/2000\/svg\" viewBox=\"0 0 1000 100\" preserveAspectRatio=\"none\">\n\t<path class=\"elementor-shape-fill\" d=\"M421.9,6.5c22.6-2.5,51.5,0.4,75.5,5.3c23.6,4.9,70.9,23.5,100.5,35.7c75.8,32.2,133.7,44.5,192.6,49.7\n\tc23.6,2.1,48.7,3.5,103.4-2.5c54.7-6,106.2-25.6,106.2-25.6V0H0v30.3c0,0,72,32.6,158.4,30.5c39.2-0.7,92.8-6.7,134-22.4\n\tc21.2-8.1,52.2-18.2,79.7-24.2C399.3,7.9,411.6,7.5,421.9,6.5z\"\/>\n<\/svg>\t\t<\/div>\n\t\t\t\t<div class=\"elementor-shape elementor-shape-bottom\" aria-hidden=\"true\" data-negative=\"false\">\n\t\t\t<svg xmlns=\"http:\/\/www.w3.org\/2000\/svg\" viewBox=\"0 0 1000 100\" preserveAspectRatio=\"none\">\n\t<path class=\"elementor-shape-fill\" d=\"M421.9,6.5c22.6-2.5,51.5,0.4,75.5,5.3c23.6,4.9,70.9,23.5,100.5,35.7c75.8,32.2,133.7,44.5,192.6,49.7\n\tc23.6,2.1,48.7,3.5,103.4-2.5c54.7-6,106.2-25.6,106.2-25.6V0H0v30.3c0,0,72,32.6,158.4,30.5c39.2-0.7,92.8-6.7,134-22.4\n\tc21.2-8.1,52.2-18.2,79.7-24.2C399.3,7.9,411.6,7.5,421.9,6.5z\"\/>\n<\/svg>\t\t<\/div>\n\t\t\t\t<div class=\"elementor-element elementor-element-68f7be8 elementor-widget-tablet__width-initial elementor-widget elementor-widget-spacer\" data-id=\"68f7be8\" data-element_type=\"widget\" data-e-type=\"widget\" data-widget_type=\"spacer.default\">\n\t\t\t\t<div class=\"elementor-widget-container\">\n\t\t\t\t\t\t\t<div class=\"elementor-spacer\">\n\t\t\t<div class=\"elementor-spacer-inner\"><\/div>\n\t\t<\/div>\n\t\t\t\t\t\t<\/div>\n\t\t\t\t<\/div>\n\t\t\t\t<div class=\"elementor-element elementor-element-a676a4f elementor-widget__width-initial elementor-widget elementor-widget-heading\" data-id=\"a676a4f\" data-element_type=\"widget\" data-e-type=\"widget\" data-widget_type=\"heading.default\">\n\t\t\t\t<div class=\"elementor-widget-container\">\n\t\t\t\t\t<h1 class=\"elementor-heading-title elementor-size-default\">Esprit Danse<\/h1>\t\t\t\t<\/div>\n\t\t\t\t<\/div>\n\t\t\t\t<div class=\"elementor-element elementor-element-b5a8792 elementor-widget__width-initial elementor-widget elementor-widget-heading\" data-id=\"b5a8792\" data-element_type=\"widget\" data-e-type=\"widget\" data-widget_type=\"heading.default\">\n\t\t\t\t<div class=\"elementor-widget-container\">\n\t\t\t\t\t<h2 class=\"elementor-heading-title elementor-size-default\">Mission<\/h2>\t\t\t\t<\/div>\n\t\t\t\t<\/div>\n\t\t\t\t<div class=\"elementor-element elementor-element-e8f518e elementor-widget__width-initial elementor-widget elementor-widget-text-editor\" data-id=\"e8f518e\" data-element_type=\"widget\" data-e-type=\"widget\" data-widget_type=\"text-editor.default\">\n\t\t\t\t<div class=\"elementor-widget-container\">\n\t\t\t\t\t\t\t\t\t<p>Esprit Danse est une association de danse situ\u00e9e \u00e0 Sainte-Anne d&rsquo;Auray dans le 56. Elle propose des cours de danse contemporaine, jazz, hip hop, breakdance et fusion.<br>Elle organise plusieurs \u00e9v\u00e9nements dans l&rsquo;ann\u00e9e dont le Battle Connexion 56.<\/p>\n<p>Cette association dynamique et cr\u00e9ative a fait appel \u00e0 Vi.Graphie pour la cr\u00e9ation des affiches et des programmes des galas de fin d&rsquo;ann\u00e9e.<\/p>\n<p>Une collaboration renouvel\u00e9e en 2026 qui s&rsquo;\u00e9tendra au-del\u00e0 de la cr\u00e9ation de supports graphiques avec un projet futur de refonte du site et du logo.<\/p>\t\t\t\t\t\t\t\t<\/div>\n\t\t\t\t<\/div>\n\t\t\t\t<div class=\"elementor-element elementor-element-b955e63 elementor-widget__width-initial elementor-widget elementor-widget-spacer\" data-id=\"b955e63\" data-element_type=\"widget\" data-e-type=\"widget\" data-widget_type=\"spacer.default\">\n\t\t\t\t<div class=\"elementor-widget-container\">\n\t\t\t\t\t\t\t<div class=\"elementor-spacer\">\n\t\t\t<div class=\"elementor-spacer-inner\"><\/div>\n\t\t<\/div>\n\t\t\t\t\t\t<\/div>\n\t\t\t\t<\/div>\n\t\t\t\t<div class=\"elementor-element elementor-element-39acf4c elementor-widget__width-initial elementor-widget elementor-widget-button\" data-id=\"39acf4c\" data-element_type=\"widget\" data-e-type=\"widget\" data-widget_type=\"button.default\">\n\t\t\t\t<div class=\"elementor-widget-container\">\n\t\t\t\t\t\t\t\t\t<div class=\"elementor-button-wrapper\">\n\t\t\t\t\t<a class=\"elementor-button elementor-button-link elementor-size-sm\" href=\"https:\/\/espritdanse56.fr\/\" target=\"_blank\">\n\t\t\t\t\t\t<span class=\"elementor-button-content-wrapper\">\n\t\t\t\t\t\t\t\t\t<span class=\"elementor-button-text\">Visiter le site Esprit Danse<\/span>\n\t\t\t\t\t<\/span>\n\t\t\t\t\t<\/a>\n\t\t\t\t<\/div>\n\t\t\t\t\t\t\t\t<\/div>\n\t\t\t\t<\/div>\n\t\t\t\t<div class=\"elementor-element elementor-element-3ba0a1b elementor-widget__width-initial elementor-widget elementor-widget-spacer\" data-id=\"3ba0a1b\" data-element_type=\"widget\" data-e-type=\"widget\" data-widget_type=\"spacer.default\">\n\t\t\t\t<div class=\"elementor-widget-container\">\n\t\t\t\t\t\t\t<div class=\"elementor-spacer\">\n\t\t\t<div class=\"elementor-spacer-inner\"><\/div>\n\t\t<\/div>\n\t\t\t\t\t\t<\/div>\n\t\t\t\t<\/div>\n\t\t\t\t\t<\/div>\n\t\t\t\t<\/div>\n\t\t<div class=\"elementor-element elementor-element-5f9fe4e e-flex e-con-boxed qodef-elementor-content-no e-con e-parent\" data-id=\"5f9fe4e\" data-element_type=\"container\" data-e-type=\"container\">\n\t\t\t\t\t<div class=\"e-con-inner\">\n\t\t\t\t<div class=\"elementor-element elementor-element-212c5c3 elementor-widget elementor-widget-spacer\" data-id=\"212c5c3\" data-element_type=\"widget\" data-e-type=\"widget\" data-widget_type=\"spacer.default\">\n\t\t\t\t<div class=\"elementor-widget-container\">\n\t\t\t\t\t\t\t<div class=\"elementor-spacer\">\n\t\t\t<div class=\"elementor-spacer-inner\"><\/div>\n\t\t<\/div>\n\t\t\t\t\t\t<\/div>\n\t\t\t\t<\/div>\n\t\t\t\t\t<\/div>\n\t\t\t\t<\/div>\n\t\t\t\t<\/div>\n\t\t","protected":false},"excerpt":{"rendered":"<p>Esprit Danse Mission Esprit Danse est une association de danse situ\u00e9e \u00e0 Sainte-Anne d&rsquo;Auray dans le 56. Elle propose des cours de danse contemporaine, jazz, hip hop, breakdance et fusion.Elle organise plusieurs \u00e9v\u00e9nements dans l&rsquo;ann\u00e9e dont le Battle Connexion 56. Cette association dynamique et cr\u00e9ative a fait appel \u00e0 Vi.Graphie pour la cr\u00e9ation des affiches&#8230;<\/p>\n","protected":false},"author":1,"featured_media":0,"parent":0,"menu_order":0,"comment_status":"closed","ping_status":"closed","template":"elementor_header_footer","meta":{"_kad_post_transparent":"","_kad_post_title":"hide","_kad_post_layout":"fullwidth","_kad_post_sidebar_id":"","_kad_post_content_style":"unboxed","_kad_post_vertical_padding":"hide","_kad_post_feature":"hide","_kad_post_feature_position":"","_kad_post_header":false,"_kad_post_footer":false,"_kad_post_classname":"","footnotes":""},"class_list":["post-1418","page","type-page","status-publish","hentry"],"yoast_head":"<!-- This site is optimized with the Yoast SEO plugin v27.4 - https:\/\/yoast.com\/product\/yoast-seo-wordpress\/ -->\n<title>Esprit Danse -<\/title>\n<meta name=\"robots\" content=\"index, follow, max-snippet:-1, max-image-preview:large, max-video-preview:-1\" \/>\n<link rel=\"canonical\" href=\"https:\/\/www.vigraphie.fr\/index.php\/esprit-danse\/\" \/>\n<meta property=\"og:locale\" content=\"fr_FR\" \/>\n<meta property=\"og:type\" content=\"article\" \/>\n<meta property=\"og:title\" content=\"Esprit Danse -\" \/>\n<meta property=\"og:description\" content=\"Esprit Danse Mission Esprit Danse est une association de danse situ\u00e9e \u00e0 Sainte-Anne d&rsquo;Auray dans le 56. Elle propose des cours de danse contemporaine, jazz, hip hop, breakdance et fusion.Elle organise plusieurs \u00e9v\u00e9nements dans l&rsquo;ann\u00e9e dont le Battle Connexion 56. Cette association dynamique et cr\u00e9ative a fait appel \u00e0 Vi.Graphie pour la cr\u00e9ation des affiches...\" \/>\n<meta property=\"og:url\" content=\"https:\/\/www.vigraphie.fr\/index.php\/esprit-danse\/\" \/>\n<meta property=\"article:modified_time\" content=\"2026-04-27T13:43:51+00:00\" \/>\n<meta property=\"og:image\" content=\"https:\/\/www.vigraphie.fr\/wp-content\/uploads\/espritdanse-vi.graphie-2024-1-scaled.webp\" \/>\n\t<meta property=\"og:image:width\" content=\"1784\" \/>\n\t<meta property=\"og:image:height\" content=\"2560\" \/>\n\t<meta property=\"og:image:type\" content=\"image\/webp\" \/>\n<meta name=\"twitter:card\" content=\"summary_large_image\" \/>\n<meta name=\"twitter:label1\" content=\"Dur\u00e9e de lecture estim\u00e9e\" \/>\n\t<meta name=\"twitter:data1\" content=\"2 minutes\" \/>\n<script type=\"application\/ld+json\" class=\"yoast-schema-graph\">{\"@context\":\"https:\\\/\\\/schema.org\",\"@graph\":[{\"@type\":\"WebPage\",\"@id\":\"https:\\\/\\\/www.vigraphie.fr\\\/index.php\\\/esprit-danse\\\/\",\"url\":\"https:\\\/\\\/www.vigraphie.fr\\\/index.php\\\/esprit-danse\\\/\",\"name\":\"Esprit Danse -\",\"isPartOf\":{\"@id\":\"https:\\\/\\\/www.vigraphie.fr\\\/#website\"},\"primaryImageOfPage\":{\"@id\":\"https:\\\/\\\/www.vigraphie.fr\\\/index.php\\\/esprit-danse\\\/#primaryimage\"},\"image\":{\"@id\":\"https:\\\/\\\/www.vigraphie.fr\\\/index.php\\\/esprit-danse\\\/#primaryimage\"},\"thumbnailUrl\":\"https:\\\/\\\/www.vigraphie.fr\\\/wp-content\\\/uploads\\\/espritdanse-vi.graphie-2024-1-713x1024.webp\",\"datePublished\":\"2026-01-26T19:47:42+00:00\",\"dateModified\":\"2026-04-27T13:43:51+00:00\",\"breadcrumb\":{\"@id\":\"https:\\\/\\\/www.vigraphie.fr\\\/index.php\\\/esprit-danse\\\/#breadcrumb\"},\"inLanguage\":\"fr-FR\",\"potentialAction\":[{\"@type\":\"ReadAction\",\"target\":[\"https:\\\/\\\/www.vigraphie.fr\\\/index.php\\\/esprit-danse\\\/\"]}]},{\"@type\":\"ImageObject\",\"inLanguage\":\"fr-FR\",\"@id\":\"https:\\\/\\\/www.vigraphie.fr\\\/index.php\\\/esprit-danse\\\/#primaryimage\",\"url\":\"https:\\\/\\\/www.vigraphie.fr\\\/wp-content\\\/uploads\\\/espritdanse-vi.graphie-2024-1-scaled.webp\",\"contentUrl\":\"https:\\\/\\\/www.vigraphie.fr\\\/wp-content\\\/uploads\\\/espritdanse-vi.graphie-2024-1-scaled.webp\",\"width\":1784,\"height\":2560,\"caption\":\"Vi.Graphie graphiste multim\u00e9dia - supports graphiques\"},{\"@type\":\"BreadcrumbList\",\"@id\":\"https:\\\/\\\/www.vigraphie.fr\\\/index.php\\\/esprit-danse\\\/#breadcrumb\",\"itemListElement\":[{\"@type\":\"ListItem\",\"position\":1,\"name\":\"Accueil\",\"item\":\"https:\\\/\\\/www.vigraphie.fr\\\/\"},{\"@type\":\"ListItem\",\"position\":2,\"name\":\"Esprit Danse\"}]},{\"@type\":\"WebSite\",\"@id\":\"https:\\\/\\\/www.vigraphie.fr\\\/#website\",\"url\":\"https:\\\/\\\/www.vigraphie.fr\\\/\",\"name\":\"\",\"description\":\"\",\"potentialAction\":[{\"@type\":\"SearchAction\",\"target\":{\"@type\":\"EntryPoint\",\"urlTemplate\":\"https:\\\/\\\/www.vigraphie.fr\\\/?s={search_term_string}\"},\"query-input\":{\"@type\":\"PropertyValueSpecification\",\"valueRequired\":true,\"valueName\":\"search_term_string\"}}],\"inLanguage\":\"fr-FR\"}]}<\/script>\n<!-- \/ Yoast SEO plugin. -->","yoast_head_json":{"title":"Esprit Danse -","robots":{"index":"index","follow":"follow","max-snippet":"max-snippet:-1","max-image-preview":"max-image-preview:large","max-video-preview":"max-video-preview:-1"},"canonical":"https:\/\/www.vigraphie.fr\/index.php\/esprit-danse\/","og_locale":"fr_FR","og_type":"article","og_title":"Esprit Danse -","og_description":"Esprit Danse Mission Esprit Danse est une association de danse situ\u00e9e \u00e0 Sainte-Anne d&rsquo;Auray dans le 56. Elle propose des cours de danse contemporaine, jazz, hip hop, breakdance et fusion.Elle organise plusieurs \u00e9v\u00e9nements dans l&rsquo;ann\u00e9e dont le Battle Connexion 56. Cette association dynamique et cr\u00e9ative a fait appel \u00e0 Vi.Graphie pour la cr\u00e9ation des affiches...","og_url":"https:\/\/www.vigraphie.fr\/index.php\/esprit-danse\/","article_modified_time":"2026-04-27T13:43:51+00:00","og_image":[{"width":1784,"height":2560,"url":"https:\/\/www.vigraphie.fr\/wp-content\/uploads\/espritdanse-vi.graphie-2024-1-scaled.webp","type":"image\/webp"}],"twitter_card":"summary_large_image","twitter_misc":{"Dur\u00e9e de lecture estim\u00e9e":"2 minutes"},"schema":{"@context":"https:\/\/schema.org","@graph":[{"@type":"WebPage","@id":"https:\/\/www.vigraphie.fr\/index.php\/esprit-danse\/","url":"https:\/\/www.vigraphie.fr\/index.php\/esprit-danse\/","name":"Esprit Danse -","isPartOf":{"@id":"https:\/\/www.vigraphie.fr\/#website"},"primaryImageOfPage":{"@id":"https:\/\/www.vigraphie.fr\/index.php\/esprit-danse\/#primaryimage"},"image":{"@id":"https:\/\/www.vigraphie.fr\/index.php\/esprit-danse\/#primaryimage"},"thumbnailUrl":"https:\/\/www.vigraphie.fr\/wp-content\/uploads\/espritdanse-vi.graphie-2024-1-713x1024.webp","datePublished":"2026-01-26T19:47:42+00:00","dateModified":"2026-04-27T13:43:51+00:00","breadcrumb":{"@id":"https:\/\/www.vigraphie.fr\/index.php\/esprit-danse\/#breadcrumb"},"inLanguage":"fr-FR","potentialAction":[{"@type":"ReadAction","target":["https:\/\/www.vigraphie.fr\/index.php\/esprit-danse\/"]}]},{"@type":"ImageObject","inLanguage":"fr-FR","@id":"https:\/\/www.vigraphie.fr\/index.php\/esprit-danse\/#primaryimage","url":"https:\/\/www.vigraphie.fr\/wp-content\/uploads\/espritdanse-vi.graphie-2024-1-scaled.webp","contentUrl":"https:\/\/www.vigraphie.fr\/wp-content\/uploads\/espritdanse-vi.graphie-2024-1-scaled.webp","width":1784,"height":2560,"caption":"Vi.Graphie graphiste multim\u00e9dia - supports graphiques"},{"@type":"BreadcrumbList","@id":"https:\/\/www.vigraphie.fr\/index.php\/esprit-danse\/#breadcrumb","itemListElement":[{"@type":"ListItem","position":1,"name":"Accueil","item":"https:\/\/www.vigraphie.fr\/"},{"@type":"ListItem","position":2,"name":"Esprit Danse"}]},{"@type":"WebSite","@id":"https:\/\/www.vigraphie.fr\/#website","url":"https:\/\/www.vigraphie.fr\/","name":"","description":"","potentialAction":[{"@type":"SearchAction","target":{"@type":"EntryPoint","urlTemplate":"https:\/\/www.vigraphie.fr\/?s={search_term_string}"},"query-input":{"@type":"PropertyValueSpecification","valueRequired":true,"valueName":"search_term_string"}}],"inLanguage":"fr-FR"}]}},"_links":{"self":[{"href":"https:\/\/www.vigraphie.fr\/index.php\/wp-json\/wp\/v2\/pages\/1418","targetHints":{"allow":["GET"]}}],"collection":[{"href":"https:\/\/www.vigraphie.fr\/index.php\/wp-json\/wp\/v2\/pages"}],"about":[{"href":"https:\/\/www.vigraphie.fr\/index.php\/wp-json\/wp\/v2\/types\/page"}],"author":[{"embeddable":true,"href":"https:\/\/www.vigraphie.fr\/index.php\/wp-json\/wp\/v2\/users\/1"}],"replies":[{"embeddable":true,"href":"https:\/\/www.vigraphie.fr\/index.php\/wp-json\/wp\/v2\/comments?post=1418"}],"version-history":[{"count":52,"href":"https:\/\/www.vigraphie.fr\/index.php\/wp-json\/wp\/v2\/pages\/1418\/revisions"}],"predecessor-version":[{"id":3833,"href":"https:\/\/www.vigraphie.fr\/index.php\/wp-json\/wp\/v2\/pages\/1418\/revisions\/3833"}],"wp:attachment":[{"href":"https:\/\/www.vigraphie.fr\/index.php\/wp-json\/wp\/v2\/media?parent=1418"}],"curies":[{"name":"wp","href":"https:\/\/api.w.org\/{rel}","templated":true}]}}