{"id":1349,"date":"2026-01-25T21:48:24","date_gmt":"2026-01-25T20:48:24","guid":{"rendered":"http:\/\/vigraphie.local\/?page_id=1349"},"modified":"2026-04-27T15:42:15","modified_gmt":"2026-04-27T13:42:15","slug":"territoires-submerges","status":"publish","type":"page","link":"https:\/\/www.vigraphie.fr\/index.php\/territoires-submerges\/","title":{"rendered":"Territoires Submerg\u00e9s"},"content":{"rendered":"\t\t<div data-elementor-type=\"wp-page\" data-elementor-id=\"1349\" class=\"elementor elementor-1349\">\n\t\t\t\t<div class=\"elementor-element elementor-element-4932ce5 e-flex e-con-boxed qodef-elementor-content-no e-con e-parent\" data-id=\"4932ce5\" data-element_type=\"container\" data-e-type=\"container\" data-settings=\"{&quot;background_background&quot;:&quot;classic&quot;}\">\n\t\t\t\t\t<div class=\"e-con-inner\">\n\t\t\t\t\t<\/div>\n\t\t\t\t<\/div>\n\t\t<div class=\"elementor-element elementor-element-fc67b05 e-flex e-con-boxed qodef-elementor-content-no e-con e-parent\" data-id=\"fc67b05\" data-element_type=\"container\" data-e-type=\"container\">\n\t\t\t\t\t<div class=\"e-con-inner\">\n\t\t\t\t<div class=\"elementor-element elementor-element-8d4b728 elementor-widget-tablet__width-initial elementor-widget elementor-widget-spacer\" data-id=\"8d4b728\" data-element_type=\"widget\" data-e-type=\"widget\" data-widget_type=\"spacer.default\">\n\t\t\t\t<div class=\"elementor-widget-container\">\n\t\t\t\t\t\t\t<div class=\"elementor-spacer\">\n\t\t\t<div class=\"elementor-spacer-inner\"><\/div>\n\t\t<\/div>\n\t\t\t\t\t\t<\/div>\n\t\t\t\t<\/div>\n\t\t\t\t\t<\/div>\n\t\t\t\t<\/div>\n\t\t<div class=\"elementor-element elementor-element-6c564ee e-flex e-con-boxed qodef-elementor-content-no elementor-invisible e-con e-parent\" data-id=\"6c564ee\" data-element_type=\"container\" data-e-type=\"container\" data-settings=\"{&quot;animation&quot;:&quot;fadeIn&quot;}\">\n\t\t\t\t\t<div class=\"e-con-inner\">\n\t\t<div class=\"elementor-element elementor-element-cce1741 e-con-full e-flex qodef-elementor-content-no e-con e-child\" data-id=\"cce1741\" data-element_type=\"container\" data-e-type=\"container\">\n\t\t\t\t<div class=\"elementor-element elementor-element-162924e elementor-widget__width-initial elementor-widget elementor-widget-image\" data-id=\"162924e\" data-element_type=\"widget\" data-e-type=\"widget\" data-widget_type=\"image.default\">\n\t\t\t\t<div class=\"elementor-widget-container\">\n\t\t\t\t\t\t\t\t\t\t\t\t\t\t\t<img fetchpriority=\"high\" decoding=\"async\" width=\"838\" height=\"1000\" src=\"https:\/\/www.vigraphie.fr\/wp-content\/uploads\/Vi.Graphie-graphiste-Affiche-ONG.webp\" class=\"attachment-large size-large wp-image-1355\" alt=\"Vi.Graphie graphiste multim\u00e9dia Virginie Dissard communication visuelle\" srcset=\"https:\/\/www.vigraphie.fr\/wp-content\/uploads\/Vi.Graphie-graphiste-Affiche-ONG.webp 838w, https:\/\/www.vigraphie.fr\/wp-content\/uploads\/Vi.Graphie-graphiste-Affiche-ONG-251x300.webp 251w, https:\/\/www.vigraphie.fr\/wp-content\/uploads\/Vi.Graphie-graphiste-Affiche-ONG-768x916.webp 768w\" sizes=\"(max-width: 838px) 100vw, 838px\" \/>\t\t\t\t\t\t\t\t\t\t\t\t\t\t\t<\/div>\n\t\t\t\t<\/div>\n\t\t\t\t<div class=\"elementor-element elementor-element-c3d0805 elementor-widget elementor-widget-spacer\" data-id=\"c3d0805\" data-element_type=\"widget\" data-e-type=\"widget\" data-widget_type=\"spacer.default\">\n\t\t\t\t<div class=\"elementor-widget-container\">\n\t\t\t\t\t\t\t<div class=\"elementor-spacer\">\n\t\t\t<div class=\"elementor-spacer-inner\"><\/div>\n\t\t<\/div>\n\t\t\t\t\t\t<\/div>\n\t\t\t\t<\/div>\n\t\t\t\t<\/div>\n\t\t<div class=\"elementor-element elementor-element-257a350 e-con-full e-flex qodef-elementor-content-no e-con e-child\" data-id=\"257a350\" data-element_type=\"container\" data-e-type=\"container\">\n\t\t<div class=\"elementor-element elementor-element-3e297da e-con-full e-flex qodef-elementor-content-no e-con e-child\" data-id=\"3e297da\" data-element_type=\"container\" data-e-type=\"container\">\n\t\t\t\t<div class=\"elementor-element elementor-element-6ff778c elementor-widget__width-initial elementor-widget-tablet__width-initial elementor-widget elementor-widget-image\" data-id=\"6ff778c\" data-element_type=\"widget\" data-e-type=\"widget\" data-widget_type=\"image.default\">\n\t\t\t\t<div class=\"elementor-widget-container\">\n\t\t\t\t\t\t\t\t\t\t\t\t\t\t\t<img decoding=\"async\" width=\"1024\" height=\"576\" src=\"https:\/\/www.vigraphie.fr\/wp-content\/uploads\/Vi.Graphie-site-vitrine-ONG-1024x576.webp\" class=\"attachment-large size-large wp-image-1356\" alt=\"Vi.Graphie graphiste multim\u00e9dia Virginie Dissard communication visuelle\" srcset=\"https:\/\/www.vigraphie.fr\/wp-content\/uploads\/Vi.Graphie-site-vitrine-ONG-1024x576.webp 1024w, https:\/\/www.vigraphie.fr\/wp-content\/uploads\/Vi.Graphie-site-vitrine-ONG-300x169.webp 300w, https:\/\/www.vigraphie.fr\/wp-content\/uploads\/Vi.Graphie-site-vitrine-ONG-768x432.webp 768w, https:\/\/www.vigraphie.fr\/wp-content\/uploads\/Vi.Graphie-site-vitrine-ONG-1536x864.webp 1536w, https:\/\/www.vigraphie.fr\/wp-content\/uploads\/Vi.Graphie-site-vitrine-ONG.webp 1778w\" sizes=\"(max-width: 1024px) 100vw, 1024px\" \/>\t\t\t\t\t\t\t\t\t\t\t\t\t\t\t<\/div>\n\t\t\t\t<\/div>\n\t\t\t\t<\/div>\n\t\t<div class=\"elementor-element elementor-element-edf93de e-con-full e-flex qodef-elementor-content-no e-con e-child\" data-id=\"edf93de\" data-element_type=\"container\" data-e-type=\"container\">\n\t\t\t\t<div class=\"elementor-element elementor-element-841d96a elementor-widget__width-initial elementor-widget-tablet__width-initial elementor-widget elementor-widget-image\" data-id=\"841d96a\" data-element_type=\"widget\" data-e-type=\"widget\" data-widget_type=\"image.default\">\n\t\t\t\t<div class=\"elementor-widget-container\">\n\t\t\t\t\t\t\t\t\t\t\t\t\t\t\t<img decoding=\"async\" width=\"800\" height=\"623\" src=\"https:\/\/www.vigraphie.fr\/wp-content\/uploads\/Vi.Graphie-carte-de-visite-ONG-2.webp\" class=\"attachment-large size-large wp-image-1357\" alt=\"Vi.Graphie graphiste multim\u00e9dia Virginie Dissard communication visuelle\" srcset=\"https:\/\/www.vigraphie.fr\/wp-content\/uploads\/Vi.Graphie-carte-de-visite-ONG-2.webp 800w, https:\/\/www.vigraphie.fr\/wp-content\/uploads\/Vi.Graphie-carte-de-visite-ONG-2-300x234.webp 300w, https:\/\/www.vigraphie.fr\/wp-content\/uploads\/Vi.Graphie-carte-de-visite-ONG-2-768x598.webp 768w\" sizes=\"(max-width: 800px) 100vw, 800px\" \/>\t\t\t\t\t\t\t\t\t\t\t\t\t\t\t<\/div>\n\t\t\t\t<\/div>\n\t\t\t\t<div class=\"elementor-element elementor-element-e8b7173 elementor-widget elementor-widget-spacer\" data-id=\"e8b7173\" data-element_type=\"widget\" data-e-type=\"widget\" data-widget_type=\"spacer.default\">\n\t\t\t\t<div class=\"elementor-widget-container\">\n\t\t\t\t\t\t\t<div class=\"elementor-spacer\">\n\t\t\t<div class=\"elementor-spacer-inner\"><\/div>\n\t\t<\/div>\n\t\t\t\t\t\t<\/div>\n\t\t\t\t<\/div>\n\t\t\t\t<\/div>\n\t\t\t\t<\/div>\n\t\t\t\t\t<\/div>\n\t\t\t\t<\/div>\n\t\t<div class=\"elementor-element elementor-element-a3049be e-flex e-con-boxed qodef-elementor-content-no elementor-invisible e-con e-parent\" data-id=\"a3049be\" data-element_type=\"container\" data-e-type=\"container\" data-settings=\"{&quot;animation&quot;:&quot;fadeIn&quot;}\">\n\t\t\t\t\t<div class=\"e-con-inner\">\n\t\t<div class=\"elementor-element elementor-element-368e6b3 e-con-full e-flex qodef-elementor-content-no e-con e-child\" data-id=\"368e6b3\" data-element_type=\"container\" data-e-type=\"container\">\n\t\t\t\t<div class=\"elementor-element elementor-element-9532784 elementor-widget__width-initial elementor-widget elementor-widget-image\" data-id=\"9532784\" data-element_type=\"widget\" data-e-type=\"widget\" data-widget_type=\"image.default\">\n\t\t\t\t<div class=\"elementor-widget-container\">\n\t\t\t\t\t\t\t\t\t\t\t\t\t\t\t<img loading=\"lazy\" decoding=\"async\" width=\"1024\" height=\"1024\" src=\"https:\/\/www.vigraphie.fr\/wp-content\/uploads\/Vi.Graphie-Depliant-nature-1024x1024.jpg\" class=\"attachment-large size-large wp-image-315\" alt=\"Vi.Graphie graphiste multim\u00e9dia Virginie Dissard communication visuelle\" srcset=\"https:\/\/www.vigraphie.fr\/wp-content\/uploads\/Vi.Graphie-Depliant-nature-1024x1024.jpg 1024w, https:\/\/www.vigraphie.fr\/wp-content\/uploads\/Vi.Graphie-Depliant-nature-300x300.jpg 300w, https:\/\/www.vigraphie.fr\/wp-content\/uploads\/Vi.Graphie-Depliant-nature-150x150.jpg 150w, https:\/\/www.vigraphie.fr\/wp-content\/uploads\/Vi.Graphie-Depliant-nature-768x768.jpg 768w, https:\/\/www.vigraphie.fr\/wp-content\/uploads\/Vi.Graphie-Depliant-nature-650x650.jpg 650w, https:\/\/www.vigraphie.fr\/wp-content\/uploads\/Vi.Graphie-Depliant-nature.jpg 1080w\" sizes=\"(max-width: 1024px) 100vw, 1024px\" \/>\t\t\t\t\t\t\t\t\t\t\t\t\t\t\t<\/div>\n\t\t\t\t<\/div>\n\t\t\t\t<\/div>\n\t\t<div class=\"elementor-element elementor-element-94a1d80 e-con-full e-flex qodef-elementor-content-no e-con e-child\" data-id=\"94a1d80\" data-element_type=\"container\" data-e-type=\"container\">\n\t\t\t\t<div class=\"elementor-element elementor-element-e6d48cf elementor-widget-tablet__width-initial elementor-widget elementor-widget-image\" data-id=\"e6d48cf\" data-element_type=\"widget\" data-e-type=\"widget\" data-widget_type=\"image.default\">\n\t\t\t\t<div class=\"elementor-widget-container\">\n\t\t\t\t\t\t\t\t\t\t\t\t\t\t\t<img loading=\"lazy\" decoding=\"async\" width=\"1024\" height=\"768\" src=\"https:\/\/www.vigraphie.fr\/wp-content\/uploads\/Vi.Graphie-communication-visuelle-Depliant-ONG-1024x768.webp\" class=\"attachment-large size-large wp-image-1363\" alt=\"Vi.Graphie graphiste multim\u00e9dia Virginie Dissard communication visuelle\" srcset=\"https:\/\/www.vigraphie.fr\/wp-content\/uploads\/Vi.Graphie-communication-visuelle-Depliant-ONG-1024x768.webp 1024w, https:\/\/www.vigraphie.fr\/wp-content\/uploads\/Vi.Graphie-communication-visuelle-Depliant-ONG-300x225.webp 300w, https:\/\/www.vigraphie.fr\/wp-content\/uploads\/Vi.Graphie-communication-visuelle-Depliant-ONG-768x576.webp 768w, https:\/\/www.vigraphie.fr\/wp-content\/uploads\/Vi.Graphie-communication-visuelle-Depliant-ONG.webp 1333w\" sizes=\"(max-width: 1024px) 100vw, 1024px\" \/>\t\t\t\t\t\t\t\t\t\t\t\t\t\t\t<\/div>\n\t\t\t\t<\/div>\n\t\t\t\t<\/div>\n\t\t<div class=\"elementor-element elementor-element-42c0293 e-con-full e-flex qodef-elementor-content-no e-con e-child\" data-id=\"42c0293\" data-element_type=\"container\" data-e-type=\"container\">\n\t\t\t\t<div class=\"elementor-element elementor-element-2ccd1b6 elementor-widget__width-initial elementor-widget elementor-widget-image\" data-id=\"2ccd1b6\" data-element_type=\"widget\" data-e-type=\"widget\" data-widget_type=\"image.default\">\n\t\t\t\t<div class=\"elementor-widget-container\">\n\t\t\t\t\t\t\t\t\t\t\t\t\t\t\t<img loading=\"lazy\" decoding=\"async\" width=\"259\" height=\"413\" src=\"https:\/\/www.vigraphie.fr\/wp-content\/uploads\/Logo-ONG-teeshirt-Vi.Graphie.webp\" class=\"attachment-large size-large wp-image-1364\" alt=\"Vi.Graphie graphiste multim\u00e9dia Virginie Dissard communication visuelle\" srcset=\"https:\/\/www.vigraphie.fr\/wp-content\/uploads\/Logo-ONG-teeshirt-Vi.Graphie.webp 259w, https:\/\/www.vigraphie.fr\/wp-content\/uploads\/Logo-ONG-teeshirt-Vi.Graphie-188x300.webp 188w\" sizes=\"(max-width: 259px) 100vw, 259px\" \/>\t\t\t\t\t\t\t\t\t\t\t\t\t\t\t<\/div>\n\t\t\t\t<\/div>\n\t\t\t\t<\/div>\n\t\t\t\t\t<\/div>\n\t\t\t\t<\/div>\n\t\t<div class=\"elementor-element elementor-element-6119e3d e-flex e-con-boxed qodef-elementor-content-no e-con e-parent\" data-id=\"6119e3d\" data-element_type=\"container\" data-e-type=\"container\">\n\t\t\t\t\t<div class=\"e-con-inner\">\n\t\t\t\t<div class=\"elementor-element elementor-element-4b2aaf7 elementor-widget elementor-widget-spacer\" data-id=\"4b2aaf7\" data-element_type=\"widget\" data-e-type=\"widget\" data-widget_type=\"spacer.default\">\n\t\t\t\t<div class=\"elementor-widget-container\">\n\t\t\t\t\t\t\t<div class=\"elementor-spacer\">\n\t\t\t<div class=\"elementor-spacer-inner\"><\/div>\n\t\t<\/div>\n\t\t\t\t\t\t<\/div>\n\t\t\t\t<\/div>\n\t\t\t\t\t<\/div>\n\t\t\t\t<\/div>\n\t\t<div class=\"elementor-element elementor-element-6030552 e-flex e-con-boxed qodef-elementor-content-no e-con e-parent\" data-id=\"6030552\" data-element_type=\"container\" data-e-type=\"container\" data-settings=\"{&quot;shape_divider_top&quot;:&quot;waves&quot;,&quot;shape_divider_bottom&quot;:&quot;waves&quot;}\">\n\t\t\t\t\t<div class=\"e-con-inner\">\n\t\t\t\t<div class=\"elementor-shape elementor-shape-top\" aria-hidden=\"true\" data-negative=\"false\">\n\t\t\t<svg xmlns=\"http:\/\/www.w3.org\/2000\/svg\" viewBox=\"0 0 1000 100\" preserveAspectRatio=\"none\">\n\t<path class=\"elementor-shape-fill\" d=\"M421.9,6.5c22.6-2.5,51.5,0.4,75.5,5.3c23.6,4.9,70.9,23.5,100.5,35.7c75.8,32.2,133.7,44.5,192.6,49.7\n\tc23.6,2.1,48.7,3.5,103.4-2.5c54.7-6,106.2-25.6,106.2-25.6V0H0v30.3c0,0,72,32.6,158.4,30.5c39.2-0.7,92.8-6.7,134-22.4\n\tc21.2-8.1,52.2-18.2,79.7-24.2C399.3,7.9,411.6,7.5,421.9,6.5z\"\/>\n<\/svg>\t\t<\/div>\n\t\t\t\t<div class=\"elementor-shape elementor-shape-bottom\" aria-hidden=\"true\" data-negative=\"false\">\n\t\t\t<svg xmlns=\"http:\/\/www.w3.org\/2000\/svg\" viewBox=\"0 0 1000 100\" preserveAspectRatio=\"none\">\n\t<path class=\"elementor-shape-fill\" d=\"M421.9,6.5c22.6-2.5,51.5,0.4,75.5,5.3c23.6,4.9,70.9,23.5,100.5,35.7c75.8,32.2,133.7,44.5,192.6,49.7\n\tc23.6,2.1,48.7,3.5,103.4-2.5c54.7-6,106.2-25.6,106.2-25.6V0H0v30.3c0,0,72,32.6,158.4,30.5c39.2-0.7,92.8-6.7,134-22.4\n\tc21.2-8.1,52.2-18.2,79.7-24.2C399.3,7.9,411.6,7.5,421.9,6.5z\"\/>\n<\/svg>\t\t<\/div>\n\t\t\t\t<div class=\"elementor-element elementor-element-81d7701 elementor-widget__width-initial elementor-widget elementor-widget-spacer\" data-id=\"81d7701\" data-element_type=\"widget\" data-e-type=\"widget\" data-widget_type=\"spacer.default\">\n\t\t\t\t<div class=\"elementor-widget-container\">\n\t\t\t\t\t\t\t<div class=\"elementor-spacer\">\n\t\t\t<div class=\"elementor-spacer-inner\"><\/div>\n\t\t<\/div>\n\t\t\t\t\t\t<\/div>\n\t\t\t\t<\/div>\n\t\t\t\t<div class=\"elementor-element elementor-element-3ea9366 elementor-widget__width-initial elementor-widget elementor-widget-heading\" data-id=\"3ea9366\" data-element_type=\"widget\" data-e-type=\"widget\" data-widget_type=\"heading.default\">\n\t\t\t\t<div class=\"elementor-widget-container\">\n\t\t\t\t\t<h1 class=\"elementor-heading-title elementor-size-default\">Territoires Submerg\u00e9s<\/h1>\t\t\t\t<\/div>\n\t\t\t\t<\/div>\n\t\t\t\t<div class=\"elementor-element elementor-element-17a9dc6 elementor-widget__width-initial elementor-widget elementor-widget-text-editor\" data-id=\"17a9dc6\" data-element_type=\"widget\" data-e-type=\"widget\" data-widget_type=\"text-editor.default\">\n\t\t\t\t<div class=\"elementor-widget-container\">\n\t\t\t\t\t\t\t\t\t<p>Projet personnel stimulant et challengeant. <br>Il s&rsquo;agit ici d&rsquo;une ONG luttant contre l&rsquo;\u00e9rosion c\u00f4ti\u00e8re d\u00fbe \u00e0 la mont\u00e9es des eaux.<br>Afin de sensibiliser et d&rsquo;attirer des membres dans les actions concr\u00e8tes que cette ONG propose pour lutter contre l&rsquo;\u00e9rosion, j&rsquo;ai pens\u00e9 et cr\u00e9\u00e9 toute l&rsquo;identit\u00e9 visuelle : logo, charte graphique, d\u00e9pliant, affiche et site vitrine.<br>La mont\u00e9e du niveau de la mer et des oc\u00e9ans est la cons\u00e9quence du r\u00e9chauffement climatique et de ce fait de la fonte des glaciers. C&rsquo;est pour cela que j&rsquo;ai imagin\u00e9 et dessin\u00e9 un logo repr\u00e9sentant des glaciers qui fondent, avec aussi dans sa globalit\u00e9 une forme repr\u00e9sentant un territoire. Les territoires en bord de mer sont menac\u00e9s ainsi que les populations qui y vivent, on peut voir aussi sur ce logo une br\u00e8che o\u00f9 l&rsquo;eau s&rsquo;infiltre, o\u00f9 le territoire commence \u00e0 \u00eatre \u00ab\u00a0grignot\u00e9\u00a0\u00bb.<br>Une identit\u00e9 visuelle impactante et des supports graphiques cr\u00e9\u00e9s en coh\u00e9rence avec la charte graphique.<\/p>\t\t\t\t\t\t\t\t<\/div>\n\t\t\t\t<\/div>\n\t\t\t\t<div class=\"elementor-element elementor-element-ba419a4 elementor-widget elementor-widget-spacer\" data-id=\"ba419a4\" data-element_type=\"widget\" data-e-type=\"widget\" data-widget_type=\"spacer.default\">\n\t\t\t\t<div class=\"elementor-widget-container\">\n\t\t\t\t\t\t\t<div class=\"elementor-spacer\">\n\t\t\t<div class=\"elementor-spacer-inner\"><\/div>\n\t\t<\/div>\n\t\t\t\t\t\t<\/div>\n\t\t\t\t<\/div>\n\t\t\t\t\t<\/div>\n\t\t\t\t<\/div>\n\t\t<div class=\"elementor-element elementor-element-e06aee9 e-flex e-con-boxed qodef-elementor-content-no e-con e-parent\" data-id=\"e06aee9\" data-element_type=\"container\" data-e-type=\"container\">\n\t\t\t\t\t<div class=\"e-con-inner\">\n\t\t\t\t<div class=\"elementor-element elementor-element-e0ca53c elementor-widget elementor-widget-spacer\" data-id=\"e0ca53c\" data-element_type=\"widget\" data-e-type=\"widget\" data-widget_type=\"spacer.default\">\n\t\t\t\t<div class=\"elementor-widget-container\">\n\t\t\t\t\t\t\t<div class=\"elementor-spacer\">\n\t\t\t<div class=\"elementor-spacer-inner\"><\/div>\n\t\t<\/div>\n\t\t\t\t\t\t<\/div>\n\t\t\t\t<\/div>\n\t\t\t\t\t<\/div>\n\t\t\t\t<\/div>\n\t\t\t\t<\/div>\n\t\t","protected":false},"excerpt":{"rendered":"<p>Territoires Submerg\u00e9s Projet personnel stimulant et challengeant. Il s&rsquo;agit ici d&rsquo;une ONG luttant contre l&rsquo;\u00e9rosion c\u00f4ti\u00e8re d\u00fbe \u00e0 la mont\u00e9es des eaux.Afin de sensibiliser et d&rsquo;attirer des membres dans les actions concr\u00e8tes que cette ONG propose pour lutter contre l&rsquo;\u00e9rosion, j&rsquo;ai pens\u00e9 et cr\u00e9\u00e9 toute l&rsquo;identit\u00e9 visuelle : logo, charte graphique, d\u00e9pliant, affiche et site&#8230;<\/p>\n","protected":false},"author":1,"featured_media":0,"parent":0,"menu_order":0,"comment_status":"closed","ping_status":"closed","template":"elementor_header_footer","meta":{"_kad_post_transparent":"","_kad_post_title":"hide","_kad_post_layout":"fullwidth","_kad_post_sidebar_id":"","_kad_post_content_style":"unboxed","_kad_post_vertical_padding":"hide","_kad_post_feature":"hide","_kad_post_feature_position":"","_kad_post_header":false,"_kad_post_footer":false,"_kad_post_classname":"","footnotes":""},"class_list":["post-1349","page","type-page","status-publish","hentry"],"yoast_head":"<!-- This site is optimized with the Yoast SEO plugin v27.4 - https:\/\/yoast.com\/product\/yoast-seo-wordpress\/ -->\n<title>Territoires Submerg\u00e9s -<\/title>\n<meta name=\"robots\" content=\"index, follow, max-snippet:-1, max-image-preview:large, max-video-preview:-1\" \/>\n<link rel=\"canonical\" href=\"https:\/\/www.vigraphie.fr\/index.php\/territoires-submerges\/\" \/>\n<meta property=\"og:locale\" content=\"fr_FR\" \/>\n<meta property=\"og:type\" content=\"article\" \/>\n<meta property=\"og:title\" content=\"Territoires Submerg\u00e9s -\" \/>\n<meta property=\"og:description\" content=\"Territoires Submerg\u00e9s Projet personnel stimulant et challengeant. Il s&rsquo;agit ici d&rsquo;une ONG luttant contre l&rsquo;\u00e9rosion c\u00f4ti\u00e8re d\u00fbe \u00e0 la mont\u00e9es des eaux.Afin de sensibiliser et d&rsquo;attirer des membres dans les actions concr\u00e8tes que cette ONG propose pour lutter contre l&rsquo;\u00e9rosion, j&rsquo;ai pens\u00e9 et cr\u00e9\u00e9 toute l&rsquo;identit\u00e9 visuelle : logo, charte graphique, d\u00e9pliant, affiche et site...\" \/>\n<meta property=\"og:url\" content=\"https:\/\/www.vigraphie.fr\/index.php\/territoires-submerges\/\" \/>\n<meta property=\"article:modified_time\" content=\"2026-04-27T13:42:15+00:00\" \/>\n<meta property=\"og:image\" content=\"https:\/\/www.vigraphie.fr\/wp-content\/uploads\/Vi.Graphie-graphiste-Affiche-ONG.webp\" \/>\n\t<meta property=\"og:image:width\" content=\"838\" \/>\n\t<meta property=\"og:image:height\" content=\"1000\" \/>\n\t<meta property=\"og:image:type\" content=\"image\/webp\" \/>\n<meta name=\"twitter:card\" content=\"summary_large_image\" \/>\n<meta name=\"twitter:label1\" content=\"Dur\u00e9e de lecture estim\u00e9e\" \/>\n\t<meta name=\"twitter:data1\" content=\"2 minutes\" \/>\n<script type=\"application\/ld+json\" class=\"yoast-schema-graph\">{\"@context\":\"https:\\\/\\\/schema.org\",\"@graph\":[{\"@type\":\"WebPage\",\"@id\":\"https:\\\/\\\/www.vigraphie.fr\\\/index.php\\\/territoires-submerges\\\/\",\"url\":\"https:\\\/\\\/www.vigraphie.fr\\\/index.php\\\/territoires-submerges\\\/\",\"name\":\"Territoires Submerg\u00e9s -\",\"isPartOf\":{\"@id\":\"https:\\\/\\\/www.vigraphie.fr\\\/#website\"},\"primaryImageOfPage\":{\"@id\":\"https:\\\/\\\/www.vigraphie.fr\\\/index.php\\\/territoires-submerges\\\/#primaryimage\"},\"image\":{\"@id\":\"https:\\\/\\\/www.vigraphie.fr\\\/index.php\\\/territoires-submerges\\\/#primaryimage\"},\"thumbnailUrl\":\"https:\\\/\\\/www.vigraphie.fr\\\/wp-content\\\/uploads\\\/Vi.Graphie-graphiste-Affiche-ONG.webp\",\"datePublished\":\"2026-01-25T20:48:24+00:00\",\"dateModified\":\"2026-04-27T13:42:15+00:00\",\"breadcrumb\":{\"@id\":\"https:\\\/\\\/www.vigraphie.fr\\\/index.php\\\/territoires-submerges\\\/#breadcrumb\"},\"inLanguage\":\"fr-FR\",\"potentialAction\":[{\"@type\":\"ReadAction\",\"target\":[\"https:\\\/\\\/www.vigraphie.fr\\\/index.php\\\/territoires-submerges\\\/\"]}]},{\"@type\":\"ImageObject\",\"inLanguage\":\"fr-FR\",\"@id\":\"https:\\\/\\\/www.vigraphie.fr\\\/index.php\\\/territoires-submerges\\\/#primaryimage\",\"url\":\"https:\\\/\\\/www.vigraphie.fr\\\/wp-content\\\/uploads\\\/Vi.Graphie-graphiste-Affiche-ONG.webp\",\"contentUrl\":\"https:\\\/\\\/www.vigraphie.fr\\\/wp-content\\\/uploads\\\/Vi.Graphie-graphiste-Affiche-ONG.webp\",\"width\":838,\"height\":1000,\"caption\":\"Vi.Graphie graphiste multim\u00e9dia Virginie Dissard communication visuelle - ONG\"},{\"@type\":\"BreadcrumbList\",\"@id\":\"https:\\\/\\\/www.vigraphie.fr\\\/index.php\\\/territoires-submerges\\\/#breadcrumb\",\"itemListElement\":[{\"@type\":\"ListItem\",\"position\":1,\"name\":\"Accueil\",\"item\":\"https:\\\/\\\/www.vigraphie.fr\\\/\"},{\"@type\":\"ListItem\",\"position\":2,\"name\":\"Territoires Submerg\u00e9s\"}]},{\"@type\":\"WebSite\",\"@id\":\"https:\\\/\\\/www.vigraphie.fr\\\/#website\",\"url\":\"https:\\\/\\\/www.vigraphie.fr\\\/\",\"name\":\"\",\"description\":\"\",\"potentialAction\":[{\"@type\":\"SearchAction\",\"target\":{\"@type\":\"EntryPoint\",\"urlTemplate\":\"https:\\\/\\\/www.vigraphie.fr\\\/?s={search_term_string}\"},\"query-input\":{\"@type\":\"PropertyValueSpecification\",\"valueRequired\":true,\"valueName\":\"search_term_string\"}}],\"inLanguage\":\"fr-FR\"}]}<\/script>\n<!-- \/ Yoast SEO plugin. -->","yoast_head_json":{"title":"Territoires Submerg\u00e9s -","robots":{"index":"index","follow":"follow","max-snippet":"max-snippet:-1","max-image-preview":"max-image-preview:large","max-video-preview":"max-video-preview:-1"},"canonical":"https:\/\/www.vigraphie.fr\/index.php\/territoires-submerges\/","og_locale":"fr_FR","og_type":"article","og_title":"Territoires Submerg\u00e9s -","og_description":"Territoires Submerg\u00e9s Projet personnel stimulant et challengeant. Il s&rsquo;agit ici d&rsquo;une ONG luttant contre l&rsquo;\u00e9rosion c\u00f4ti\u00e8re d\u00fbe \u00e0 la mont\u00e9es des eaux.Afin de sensibiliser et d&rsquo;attirer des membres dans les actions concr\u00e8tes que cette ONG propose pour lutter contre l&rsquo;\u00e9rosion, j&rsquo;ai pens\u00e9 et cr\u00e9\u00e9 toute l&rsquo;identit\u00e9 visuelle : logo, charte graphique, d\u00e9pliant, affiche et site...","og_url":"https:\/\/www.vigraphie.fr\/index.php\/territoires-submerges\/","article_modified_time":"2026-04-27T13:42:15+00:00","og_image":[{"width":838,"height":1000,"url":"https:\/\/www.vigraphie.fr\/wp-content\/uploads\/Vi.Graphie-graphiste-Affiche-ONG.webp","type":"image\/webp"}],"twitter_card":"summary_large_image","twitter_misc":{"Dur\u00e9e de lecture estim\u00e9e":"2 minutes"},"schema":{"@context":"https:\/\/schema.org","@graph":[{"@type":"WebPage","@id":"https:\/\/www.vigraphie.fr\/index.php\/territoires-submerges\/","url":"https:\/\/www.vigraphie.fr\/index.php\/territoires-submerges\/","name":"Territoires Submerg\u00e9s -","isPartOf":{"@id":"https:\/\/www.vigraphie.fr\/#website"},"primaryImageOfPage":{"@id":"https:\/\/www.vigraphie.fr\/index.php\/territoires-submerges\/#primaryimage"},"image":{"@id":"https:\/\/www.vigraphie.fr\/index.php\/territoires-submerges\/#primaryimage"},"thumbnailUrl":"https:\/\/www.vigraphie.fr\/wp-content\/uploads\/Vi.Graphie-graphiste-Affiche-ONG.webp","datePublished":"2026-01-25T20:48:24+00:00","dateModified":"2026-04-27T13:42:15+00:00","breadcrumb":{"@id":"https:\/\/www.vigraphie.fr\/index.php\/territoires-submerges\/#breadcrumb"},"inLanguage":"fr-FR","potentialAction":[{"@type":"ReadAction","target":["https:\/\/www.vigraphie.fr\/index.php\/territoires-submerges\/"]}]},{"@type":"ImageObject","inLanguage":"fr-FR","@id":"https:\/\/www.vigraphie.fr\/index.php\/territoires-submerges\/#primaryimage","url":"https:\/\/www.vigraphie.fr\/wp-content\/uploads\/Vi.Graphie-graphiste-Affiche-ONG.webp","contentUrl":"https:\/\/www.vigraphie.fr\/wp-content\/uploads\/Vi.Graphie-graphiste-Affiche-ONG.webp","width":838,"height":1000,"caption":"Vi.Graphie graphiste multim\u00e9dia Virginie Dissard communication visuelle - ONG"},{"@type":"BreadcrumbList","@id":"https:\/\/www.vigraphie.fr\/index.php\/territoires-submerges\/#breadcrumb","itemListElement":[{"@type":"ListItem","position":1,"name":"Accueil","item":"https:\/\/www.vigraphie.fr\/"},{"@type":"ListItem","position":2,"name":"Territoires Submerg\u00e9s"}]},{"@type":"WebSite","@id":"https:\/\/www.vigraphie.fr\/#website","url":"https:\/\/www.vigraphie.fr\/","name":"","description":"","potentialAction":[{"@type":"SearchAction","target":{"@type":"EntryPoint","urlTemplate":"https:\/\/www.vigraphie.fr\/?s={search_term_string}"},"query-input":{"@type":"PropertyValueSpecification","valueRequired":true,"valueName":"search_term_string"}}],"inLanguage":"fr-FR"}]}},"_links":{"self":[{"href":"https:\/\/www.vigraphie.fr\/index.php\/wp-json\/wp\/v2\/pages\/1349","targetHints":{"allow":["GET"]}}],"collection":[{"href":"https:\/\/www.vigraphie.fr\/index.php\/wp-json\/wp\/v2\/pages"}],"about":[{"href":"https:\/\/www.vigraphie.fr\/index.php\/wp-json\/wp\/v2\/types\/page"}],"author":[{"embeddable":true,"href":"https:\/\/www.vigraphie.fr\/index.php\/wp-json\/wp\/v2\/users\/1"}],"replies":[{"embeddable":true,"href":"https:\/\/www.vigraphie.fr\/index.php\/wp-json\/wp\/v2\/comments?post=1349"}],"version-history":[{"count":44,"href":"https:\/\/www.vigraphie.fr\/index.php\/wp-json\/wp\/v2\/pages\/1349\/revisions"}],"predecessor-version":[{"id":3827,"href":"https:\/\/www.vigraphie.fr\/index.php\/wp-json\/wp\/v2\/pages\/1349\/revisions\/3827"}],"wp:attachment":[{"href":"https:\/\/www.vigraphie.fr\/index.php\/wp-json\/wp\/v2\/media?parent=1349"}],"curies":[{"name":"wp","href":"https:\/\/api.w.org\/{rel}","templated":true}]}}